{"id":3016,"date":"2026-04-03T16:39:13","date_gmt":"2026-04-03T13:39:13","guid":{"rendered":"https:\/\/www.infinite-whitening.com\/philips-zoom-kompatibilitaetsleitfaden-welche-modelle-funktionieren-mit-infinite-whitening\/"},"modified":"2026-04-17T16:30:47","modified_gmt":"2026-04-17T13:30:47","slug":"philips-zoom-kompatibilitaetsleitfaden-welche-modelle-funktionieren-mit-infinite-whitening","status":"publish","type":"page","link":"https:\/\/www.infinite-whitening.com\/de\/philips-zoom-kompatibilitaetsleitfaden-welche-modelle-funktionieren-mit-infinite-whitening\/","title":{"rendered":"Philips Zoom Kompatibilit\u00e4tsleitfaden: Welche Modelle funktionieren mit Infinite Whitening?"},"content":{"rendered":"<!--themify_builder_content-->\n<div id=\"themify_builder_content-3016\" data-postid=\"3016\" class=\"themify_builder_content themify_builder_content-3016 themify_builder tf_clear\">\n                    <div  data-lazy=\"1\" class=\"module_row themify_builder_row tb_pmzq415 tb_first tf_w\">\n                        <div class=\"row_inner col_align_top tb_col_count_1 tf_box tf_rel\">\n                        <div  data-lazy=\"1\" class=\"module_column tb-column col-full tb_xafg415 first\">\n                    <!-- module text -->\n<div  class=\"module module-text tb_4yzl158   \" data-lazy=\"1\">\n        <div  class=\"tb_text_wrap\">\n        <p>Infinite Whitening ist kompatibel mit Philips Zoom WhiteSpeed (4. Generation) und Philips Zoom Advanced Power \/ Power Plus (3. Generation). Jedes Philips Zoom Ger\u00e4t, das nach 2010 hergestellt wurde, wird unterst\u00fctzt.  Pr\u00fcfen Sie die Kompatibilit\u00e4t Ihres Philips Zoom.<\/p>    <\/div>\n<\/div>\n<!-- \/module text -->        <\/div>\n                        <\/div>\n        <\/div>\n                        <div  data-lazy=\"1\" class=\"module_row themify_builder_row tb_km9v432 tf_w\">\n                        <div class=\"row_inner col_align_top tb_col_count_1 tf_box tf_rel\">\n                        <div  data-lazy=\"1\" class=\"module_column tb-column col-full tb_3or6432 first\">\n                    <!-- module text -->\n<div  class=\"module module-text tb_05tk382   \" data-lazy=\"1\">\n        <div  class=\"tb_text_wrap\">\n        <h2>Kompatible Modelle<\/h2>    <\/div>\n<\/div>\n<!-- \/module text -->        <\/div>\n                        <\/div>\n        <\/div>\n                        <div  id=\"img_x\" data-lazy=\"1\" class=\"module_row themify_builder_row tb_iazt243 tf_w\">\n                        <div class=\"row_inner col_align_top tb_col_count_3 tf_box tf_rel\">\n                        <div  data-lazy=\"1\" class=\"module_column tb-column col3-1 tb_msk2243 first\">\n                    <!-- module image -->\n<div  class=\"module module-image tb_jwz1570 image-top rounded img_x auto_fullwidth tf_mw\" data-lazy=\"1\">\n        <div class=\"image-wrap tf_rel tf_mw\">\n            <img decoding=\"async\" src=\"https:\/\/www.infinite-whitening.com\/wp-content\/uploads\/2026\/04\/G4r1.webp\" height=\"220\" class=\"wp-post-image wp-image-3012\" title=\"G4r1\" alt=\"Philips Zoom WhiteSpeed Bedienfeld zeigt VERSION C0.8 L0.8 w\u00e4hrend des Starts an\" srcset=\"https:\/\/www.infinite-whitening.com\/wp-content\/uploads\/2026\/04\/G4r1.webp 900w, https:\/\/www.infinite-whitening.com\/wp-content\/uploads\/2026\/04\/G4r1-225x300.webp 225w, https:\/\/www.infinite-whitening.com\/wp-content\/uploads\/2026\/04\/G4r1-768x1024.webp 768w, https:\/\/www.infinite-whitening.com\/wp-content\/uploads\/2026\/04\/G4r1-600x800.webp 600w\" sizes=\"(max-width: 900px) 100vw, 900px\" \/>    \n        <\/div>\n    <!-- \/image-wrap -->\n    \n        <\/div>\n<!-- \/module image --><!-- module text -->\n<div  class=\"module module-text tb_6y2p220   \" data-lazy=\"1\">\n        <div  class=\"tb_text_wrap\">\n        <p style=\"font-size: 11px;text-transform: uppercase;letter-spacing: 0.06em;color: #888;margin: 0 0 6px\">Neueste Generation<\/p>\n<h3 style=\"font-size: 16px;font-weight: 600;margin: 0 0 10px\">Philips Zoom WhiteSpeed<\/h3>\n<p><span style=\"display: inline-block;font-size: 11px;padding: 2px 10px;border-radius: 4px;background: #d4edda;color: #155724;margin-bottom: 10px\">Kompatibel<\/span><\/p>\n<p style=\"font-size: 13px;color: #666;margin: 0\">C2.3 L2.3<br>C2.3 L2.5<br>und alle neueren Versionen<\/p>\n    <\/div>\n<\/div>\n<!-- \/module text -->        <\/div>\n                    <div  data-lazy=\"1\" class=\"module_column tb-column col3-1 tb_qgty243\">\n                    <!-- module image -->\n<div  class=\"module module-image tb_unj8781 image-top rounded img_x auto_fullwidth tf_mw\" data-lazy=\"1\">\n        <div class=\"image-wrap tf_rel tf_mw\">\n            <img decoding=\"async\" src=\"https:\/\/www.infinite-whitening.com\/wp-content\/uploads\/2026\/04\/G3r1.webp\" height=\"220\" class=\"wp-post-image wp-image-3013\" title=\"G3r1\" alt=\"Philips Zoom WhiteSpeed Bedienfeld zeigt VERSION C0.8 L0.8 w\u00e4hrend des Starts an\" srcset=\"https:\/\/www.infinite-whitening.com\/wp-content\/uploads\/2026\/04\/G3r1.webp 900w, https:\/\/www.infinite-whitening.com\/wp-content\/uploads\/2026\/04\/G3r1-225x300.webp 225w, https:\/\/www.infinite-whitening.com\/wp-content\/uploads\/2026\/04\/G3r1-768x1024.webp 768w, https:\/\/www.infinite-whitening.com\/wp-content\/uploads\/2026\/04\/G3r1-600x800.webp 600w\" sizes=\"(max-width: 900px) 100vw, 900px\" \/>    \n        <\/div>\n    <!-- \/image-wrap -->\n    \n        <\/div>\n<!-- \/module image --><!-- module text -->\n<div  class=\"module module-text tb_s8o1742   \" data-lazy=\"1\">\n        <div  class=\"tb_text_wrap\">\n        <p style=\"font-size: 11px;letter-spacing: 0.06em;color: #888;margin: 0 0 6px;text-transform: uppercase\">Vorherige Generation<\/p>\n<h3 style=\"font-size: 16px;font-weight: 600;margin: 0 0 10px\">Philips Zoom Advanced Power \/ Power Plus<\/h3>\n<p><span style=\"display: inline-block;font-size: 11px;padding: 2px 10px;border-radius: 4px;background: #d4edda;color: #155724;margin-bottom: 10px\">Kompatibel<\/span><\/p>\n<p style=\"font-size: 13px;color: #666;margin: 0\">C0.8 L0.8<br>C0.9 L0.9<br>und alle neueren Versionen<\/p>\n    <\/div>\n<\/div>\n<!-- \/module text -->        <\/div>\n                    <div  data-lazy=\"1\" class=\"module_column tb-column col3-1 tb_o6dp243 last\">\n                    <!-- module image -->\n<div  class=\"module module-image tb_it6o854 image-top rounded img_x auto_fullwidth tf_mw\" data-lazy=\"1\">\n        <div class=\"image-wrap tf_rel tf_mw\">\n            <img decoding=\"async\" src=\"https:\/\/www.infinite-whitening.com\/wp-content\/uploads\/2026\/04\/G1r1.webp\" height=\"220\" class=\"wp-post-image wp-image-3014\" title=\"G1r1\" alt=\"Philips Zoom 1. Generation nicht kompatibel mit Infinite Whitening Chip\" srcset=\"https:\/\/www.infinite-whitening.com\/wp-content\/uploads\/2026\/04\/G1r1.webp 900w, https:\/\/www.infinite-whitening.com\/wp-content\/uploads\/2026\/04\/G1r1-225x300.webp 225w, https:\/\/www.infinite-whitening.com\/wp-content\/uploads\/2026\/04\/G1r1-768x1024.webp 768w, https:\/\/www.infinite-whitening.com\/wp-content\/uploads\/2026\/04\/G1r1-600x800.webp 600w\" sizes=\"(max-width: 900px) 100vw, 900px\" \/>    \n        <\/div>\n    <!-- \/image-wrap -->\n    \n        <\/div>\n<!-- \/module image --><!-- module text -->\n<div  class=\"module module-text tb_zq5y241   \" data-lazy=\"1\">\n        <div  class=\"tb_text_wrap\">\n        <p style=\"font-size: 11px;letter-spacing: 0.06em;color: #888;margin: 0 0 6px;text-transform: uppercase\">Veraltete Generation<\/p>\n<h3 style=\"font-size: 16px;font-weight: 600;margin: 0 0 10px\">Philips Zoom<\/h3>\n<p><span style=\"display: inline-block;font-size: 11px;padding: 2px 10px;border-radius: 4px;background: #f8d7da;color: #721c24;margin-bottom: 10px\">Nicht kompatibel<\/span><\/p>\n<p style=\"font-size: 13px;color: #666;margin: 0\">C1.8  <\/p>\n    <\/div>\n<\/div>\n<!-- \/module text -->        <\/div>\n                        <\/div>\n        <\/div>\n                        <div  data-lazy=\"1\" class=\"module_row themify_builder_row tb_savt432 tf_w\">\n                        <div class=\"row_inner col_align_top tb_col_count_1 tf_box tf_rel\">\n                        <div  data-lazy=\"1\" class=\"module_column tb-column col-full tb_18x0432 first\">\n                    <!-- module text -->\n<div  class=\"module module-text tb_ucu2432   \" data-lazy=\"1\">\n        <div  class=\"tb_text_wrap\">\n        <h2>Wie Sie Ihre Modellversion finden<\/h2>\n<p>Schalten Sie Ihr Philips Zoom-Ger\u00e4t ein und beobachten Sie die Anzeige des Bedienfelds w\u00e4hrend des Starts. Der Versionscode erscheint kurz auf dem Bildschirm im Format VERSION C#.# L#.# &#8211; wie auf dem Foto unten gezeigt. Wenn Ihre Version mit der obigen kompatiblen Liste \u00fcbereinstimmt, k\u00f6nnen Sie bestellen.<\/p>\n<ol>\n<li class=\"whitespace-normal break-words pl-2\">Schalten Sie das Philips Zoom-Ger\u00e4t ein.<\/li>\n<li class=\"whitespace-normal break-words pl-2\">Beobachten Sie das Display des Bedienfelds w\u00e4hrend der Startsequenz.<\/li>\n<li class=\"whitespace-normal break-words pl-2\">Beachten Sie den angezeigten Versionscode &#8211; Format: VERSION C#.# L#.#<\/li>\n<li class=\"whitespace-normal break-words pl-2\">Vergleichen Sie mit den oben aufgef\u00fchrten kompatiblen Versionen.<\/li>\n<\/ol>    <\/div>\n<\/div>\n<!-- \/module text --><!-- module template_part -->\n<div  class=\"module module-layout-part tb_8nix22 \">\n    <div class=\"tb_layout_part_wrap tf_w\"><!--themify_builder_content-->\n    <div  class=\"themify_builder_content themify_builder_content-2430 themify_builder not_editable_builder in_the_loop\" data-postid=\"2430\">\n                        <div  data-lazy=\"1\" class=\"module_row themify_builder_row tb_zeal902 tf_w\">\n                        <div class=\"row_inner col_align_top tb_col_count_1 tf_box tf_rel\">\n                        <div  data-lazy=\"1\" class=\"module_column tb-column col-full tb_kjrv404 first\">\n                    <!-- module buttons -->\n<div  class=\"module module-buttons tb_v54x409 buttons-horizontal solid   rounded\" data-lazy=\"1\">\n        <div class=\"module-buttons-item tf_in_flx\">\n                        <a href=\"https:\/\/www.infinite-whitening.com\/shop\/\" class=\"ui builder_button tf_in_flx blue\" >\n                                                View Products &amp; Order                                        <\/a>\n                <\/div>\n            <\/div>\n<!-- \/module buttons -->\n        <\/div>\n                        <\/div>\n        <\/div>\n            <\/div>\n<!--\/themify_builder_content--><\/div>\n<\/div>\n<!-- \/module template_part -->        <\/div>\n                        <\/div>\n        <\/div>\n                        <div  data-lazy=\"1\" class=\"module_row themify_builder_row tb_5qxx641 tf_w\">\n                        <div class=\"row_inner col_align_top tb_col_count_1 tf_box tf_rel\">\n                        <div  data-lazy=\"1\" class=\"module_column tb-column col-full tb_l6ov641 first\">\n                    <!-- module text -->\n<div  class=\"module module-text tb_kmo9320   \" data-lazy=\"1\">\n        <div  class=\"tb_text_wrap\">\n        <h2>Kompatibilit\u00e4t pr\u00fcfen<\/h2>    <\/div>\n<\/div>\n<!-- \/module text -->        <\/div>\n                        <\/div>\n        <\/div>\n                        <div  data-lazy=\"1\" class=\"module_row themify_builder_row tb_osyx34 tf_w\">\n                        <div class=\"row_inner col_align_top tb_col_count_1 tf_box tf_rel\">\n                        <div  data-lazy=\"1\" class=\"module_column tb-column col-full tb_ygbh34 first\">\n                    <!-- module image -->\n<div  class=\"module module-image tb_6iul325 image-top rounded  tf_mw\" data-lazy=\"1\">\n        <div class=\"image-wrap tf_rel tf_mw\">\n            <img loading=\"lazy\" decoding=\"async\" width=\"1500\" height=\"844\" src=\"https:\/\/www.infinite-whitening.com\/wp-content\/uploads\/2026\/04\/PHOTO-2023-04-27-10-50-09.jpg\" class=\"wp-post-image wp-image-3015\" title=\"Philips Zoom control panel displaying VERSION code during startup sequence\" alt=\"Philips Zoom-Bedienfeld zeigt w\u00e4hrend der Startsequenz den Code VERSION an\" srcset=\"https:\/\/www.infinite-whitening.com\/wp-content\/uploads\/2026\/04\/PHOTO-2023-04-27-10-50-09.jpg 1500w, https:\/\/www.infinite-whitening.com\/wp-content\/uploads\/2026\/04\/PHOTO-2023-04-27-10-50-09-300x169.jpg 300w, https:\/\/www.infinite-whitening.com\/wp-content\/uploads\/2026\/04\/PHOTO-2023-04-27-10-50-09-1024x576.jpg 1024w, https:\/\/www.infinite-whitening.com\/wp-content\/uploads\/2026\/04\/PHOTO-2023-04-27-10-50-09-768x432.jpg 768w, https:\/\/www.infinite-whitening.com\/wp-content\/uploads\/2026\/04\/PHOTO-2023-04-27-10-50-09-600x338.jpg 600w\" sizes=\"auto, (max-width: 1500px) 100vw, 1500px\" \/>    \n        <\/div>\n    <!-- \/image-wrap -->\n    \n        <\/div>\n<!-- \/module image -->        <\/div>\n                        <\/div>\n        <\/div>\n                        <div  data-lazy=\"1\" class=\"module_row themify_builder_row tb_x6u8526 tf_w\">\n                        <div class=\"row_inner col_align_top tb_col_count_1 tf_box tf_rel\">\n                        <div  data-lazy=\"1\" class=\"module_column tb-column col-full tb_ssj8526 first\">\n                    <!-- module text -->\n<div  class=\"module module-text tb_1m5d982   \" data-lazy=\"1\">\n        <div  class=\"tb_text_wrap\">\n        <h2>Sie sind sich nicht sicher \u00fcber Ihr Modell?<\/h2>\n<p>Wenn Sie den Versionscode bei der Inbetriebnahme nicht erkennen k\u00f6nnen, senden Sie ein Foto Ihres<br>Philips Zoom-Bedienfeldes per WhatsApp. Die Kompatibilit\u00e4t wird<br>innerhalb weniger Stunden best\u00e4tigt &#8211; bevor Sie eine Bestellung aufgeben. <\/p>    <\/div>\n<\/div>\n<!-- \/module text -->        <div  data-lazy=\"1\" class=\"module_subrow themify_builder_sub_row tf_w col_align_top tb_col_count_1 tb_n0j7405\">\n                <div  data-lazy=\"1\" class=\"module_column sub_column col-full tb_wamt405 first\">\n                    <!-- module text -->\n<div  class=\"module module-text tb_nu0p902   \" data-lazy=\"1\">\n        <div  class=\"tb_text_wrap\">\n        <h2>Was passiert nach der Best\u00e4tigung der Kompatibilit\u00e4t?<\/h2>\n<h3>Nur Karte<\/h3>\n<p>Die Chipkarte allein, die Sie selbst auf einen vorhandenen gebrauchten Lichtleiter montieren.<br>Dauert nur ein paar Minuten und spart zus\u00e4tzliche Kosten. Eine Installationsanleitung<br>und ein Video werden mitgeliefert. <\/p>\n<h3>Karte + Lichtleiter<\/h3>\n<p>Der Chip ist auf einem Lichtleiter vormontiert und kann sofort eingesteckt werden.<br>Keine Installation erforderlich. Beide Versionen werden mit einer 10-Jahres-Garantie<br>und einer 30-Tage-Geld-zur\u00fcck-Garantie geliefert. <\/p>    <\/div>\n<\/div>\n<!-- \/module text -->        <\/div>\n                    <\/div>\n        <!-- module template_part -->\n<div  class=\"module module-layout-part tb_ecb6748 \">\n    <div class=\"tb_layout_part_wrap tf_w\"><!--themify_builder_content-->\n    <div  class=\"themify_builder_content themify_builder_content-2430 themify_builder not_editable_builder in_the_loop\" data-postid=\"2430\">\n                        <div  data-lazy=\"1\" class=\"module_row themify_builder_row tb_zeal902 tf_w\">\n                        <div class=\"row_inner col_align_top tb_col_count_1 tf_box tf_rel\">\n                        <div  data-lazy=\"1\" class=\"module_column tb-column col-full tb_kjrv404 first\">\n                    <!-- module buttons -->\n<div  class=\"module module-buttons tb_v54x409 buttons-horizontal solid   rounded\" data-lazy=\"1\">\n        <div class=\"module-buttons-item tf_in_flx\">\n                        <a href=\"https:\/\/www.infinite-whitening.com\/shop\/\" class=\"ui builder_button tf_in_flx blue\" >\n                                                View Products &amp; Order                                        <\/a>\n                <\/div>\n            <\/div>\n<!-- \/module buttons -->\n        <\/div>\n                        <\/div>\n        <\/div>\n            <\/div>\n<!--\/themify_builder_content--><\/div>\n<\/div>\n<!-- \/module template_part -->        <\/div>\n                        <\/div>\n        <\/div>\n        <\/div>\n<!--\/themify_builder_content-->","protected":false},"excerpt":{"rendered":"<p>Infinite Whitening ist kompatibel mit Philips Zoom WhiteSpeed (4. Generation) und Philips Zoom Advanced Power \/ Power Plus (3. Generation). Jedes Philips Zoom Ger\u00e4t, das nach 2010 hergestellt wurde, wird unterst\u00fctzt. Pr\u00fcfen Sie die Kompatibilit\u00e4t Ihres Philips Zoom. Kompatible Modelle Neueste Generation Philips Zoom WhiteSpeed Kompatibel C2.3 L2.3C2.3 L2.5und alle neueren Versionen Vorherige Generation Philips [&hellip;]<\/p>\n","protected":false},"author":1,"featured_media":0,"parent":0,"menu_order":0,"comment_status":"closed","ping_status":"closed","template":"","meta":{"footnotes":""},"class_list":["post-3016","page","type-page","status-publish","hentry","has-post-title","has-post-date","has-post-category","has-post-tag","has-post-comment","has-post-author",""],"builder_content":"<p>Infinite Whitening ist kompatibel mit Philips Zoom WhiteSpeed (4. Generation) und Philips Zoom Advanced Power \/ Power Plus (3. Generation). Jedes Philips Zoom Ger\u00e4t, das nach 2010 hergestellt wurde, wird unterst\u00fctzt. Pr\u00fcfen Sie die Kompatibilit\u00e4t Ihres Philips Zoom.<\/p>\n<h2>Kompatible Modelle<\/h2>\n<img src=\"https:\/\/www.infinite-whitening.com\/wp-content\/uploads\/2026\/04\/G4r1.webp\" height=\"220\" title=\"G4r1\" alt=\"Philips Zoom WhiteSpeed Bedienfeld zeigt VERSION C0.8 L0.8 w\u00e4hrend des Starts an\" srcset=\"https:\/\/www.infinite-whitening.com\/wp-content\/uploads\/2026\/04\/G4r1.webp 900w, https:\/\/www.infinite-whitening.com\/wp-content\/uploads\/2026\/04\/G4r1-225x300.webp 225w, https:\/\/www.infinite-whitening.com\/wp-content\/uploads\/2026\/04\/G4r1-768x1024.webp 768w, https:\/\/www.infinite-whitening.com\/wp-content\/uploads\/2026\/04\/G4r1-600x800.webp 600w\" sizes=\"(max-width: 900px) 100vw, 900px\" \/>\n<p style=\"font-size: 11px;text-transform: uppercase;letter-spacing: 0.06em;color: #888;margin: 0 0 6px\">Neueste Generation<\/p> <h3 style=\"font-size: 16px;font-weight: 600;margin: 0 0 10px\">Philips Zoom WhiteSpeed<\/h3> <p>Kompatibel<\/p> <p style=\"font-size: 13px;color: #666;margin: 0\">C2.3 L2.3<br>C2.3 L2.5<br>und alle neueren Versionen<\/p>\n<img src=\"https:\/\/www.infinite-whitening.com\/wp-content\/uploads\/2026\/04\/G3r1.webp\" height=\"220\" title=\"G3r1\" alt=\"Philips Zoom WhiteSpeed Bedienfeld zeigt VERSION C0.8 L0.8 w\u00e4hrend des Starts an\" srcset=\"https:\/\/www.infinite-whitening.com\/wp-content\/uploads\/2026\/04\/G3r1.webp 900w, https:\/\/www.infinite-whitening.com\/wp-content\/uploads\/2026\/04\/G3r1-225x300.webp 225w, https:\/\/www.infinite-whitening.com\/wp-content\/uploads\/2026\/04\/G3r1-768x1024.webp 768w, https:\/\/www.infinite-whitening.com\/wp-content\/uploads\/2026\/04\/G3r1-600x800.webp 600w\" sizes=\"(max-width: 900px) 100vw, 900px\" \/>\n<p style=\"font-size: 11px;letter-spacing: 0.06em;color: #888;margin: 0 0 6px;text-transform: uppercase\">Vorherige Generation<\/p> <h3 style=\"font-size: 16px;font-weight: 600;margin: 0 0 10px\">Philips Zoom Advanced Power \/ Power Plus<\/h3> <p>Kompatibel<\/p> <p style=\"font-size: 13px;color: #666;margin: 0\">C0.8 L0.8<br>C0.9 L0.9<br>und alle neueren Versionen<\/p>\n<img src=\"https:\/\/www.infinite-whitening.com\/wp-content\/uploads\/2026\/04\/G1r1.webp\" height=\"220\" title=\"G1r1\" alt=\"Philips Zoom 1. Generation nicht kompatibel mit Infinite Whitening Chip\" srcset=\"https:\/\/www.infinite-whitening.com\/wp-content\/uploads\/2026\/04\/G1r1.webp 900w, https:\/\/www.infinite-whitening.com\/wp-content\/uploads\/2026\/04\/G1r1-225x300.webp 225w, https:\/\/www.infinite-whitening.com\/wp-content\/uploads\/2026\/04\/G1r1-768x1024.webp 768w, https:\/\/www.infinite-whitening.com\/wp-content\/uploads\/2026\/04\/G1r1-600x800.webp 600w\" sizes=\"(max-width: 900px) 100vw, 900px\" \/>\n<p style=\"font-size: 11px;letter-spacing: 0.06em;color: #888;margin: 0 0 6px;text-transform: uppercase\">Veraltete Generation<\/p> <h3 style=\"font-size: 16px;font-weight: 600;margin: 0 0 10px\">Philips Zoom<\/h3> <p>Nicht kompatibel<\/p> <p style=\"font-size: 13px;color: #666;margin: 0\">C1.8 <\/p>\n<h2>Wie Sie Ihre Modellversion finden<\/h2> <p>Schalten Sie Ihr Philips Zoom-Ger\u00e4t ein und beobachten Sie die Anzeige des Bedienfelds w\u00e4hrend des Starts. Der Versionscode erscheint kurz auf dem Bildschirm im Format VERSION C#.# L#.# - wie auf dem Foto unten gezeigt. Wenn Ihre Version mit der obigen kompatiblen Liste \u00fcbereinstimmt, k\u00f6nnen Sie bestellen.<\/p> <ol> <li>Schalten Sie das Philips Zoom-Ger\u00e4t ein.<\/li> <li>Beobachten Sie das Display des Bedienfelds w\u00e4hrend der Startsequenz.<\/li> <li>Beachten Sie den angezeigten Versionscode - Format: VERSION C#.# L#.#<\/li> <li>Vergleichen Sie mit den oben aufgef\u00fchrten kompatiblen Versionen.<\/li> <\/ol>\n<h2>Kompatibilit\u00e4t pr\u00fcfen<\/h2>\n<img src=\"https:\/\/www.infinite-whitening.com\/wp-content\/uploads\/2026\/04\/PHOTO-2023-04-27-10-50-09.jpg\" title=\"Philips Zoom control panel displaying VERSION code during startup sequence\" alt=\"Philips Zoom-Bedienfeld zeigt w\u00e4hrend der Startsequenz den Code VERSION an\" srcset=\"https:\/\/www.infinite-whitening.com\/wp-content\/uploads\/2026\/04\/PHOTO-2023-04-27-10-50-09.jpg 1500w, https:\/\/www.infinite-whitening.com\/wp-content\/uploads\/2026\/04\/PHOTO-2023-04-27-10-50-09-300x169.jpg 300w, https:\/\/www.infinite-whitening.com\/wp-content\/uploads\/2026\/04\/PHOTO-2023-04-27-10-50-09-1024x576.jpg 1024w, https:\/\/www.infinite-whitening.com\/wp-content\/uploads\/2026\/04\/PHOTO-2023-04-27-10-50-09-768x432.jpg 768w, https:\/\/www.infinite-whitening.com\/wp-content\/uploads\/2026\/04\/PHOTO-2023-04-27-10-50-09-600x338.jpg 600w\" sizes=\"(max-width: 1500px) 100vw, 1500px\" \/>\n<h2>Sie sind sich nicht sicher \u00fcber Ihr Modell?<\/h2> <p>Wenn Sie den Versionscode bei der Inbetriebnahme nicht erkennen k\u00f6nnen, senden Sie ein Foto Ihres<br>Philips Zoom-Bedienfeldes per WhatsApp. Die Kompatibilit\u00e4t wird<br>innerhalb weniger Stunden best\u00e4tigt - bevor Sie eine Bestellung aufgeben. <\/p>\n<h2>Was passiert nach der Best\u00e4tigung der Kompatibilit\u00e4t?<\/h2> <h3>Nur Karte<\/h3> <p>Die Chipkarte allein, die Sie selbst auf einen vorhandenen gebrauchten Lichtleiter montieren.<br>Dauert nur ein paar Minuten und spart zus\u00e4tzliche Kosten. Eine Installationsanleitung<br>und ein Video werden mitgeliefert. <\/p> <h3>Karte + Lichtleiter<\/h3> <p>Der Chip ist auf einem Lichtleiter vormontiert und kann sofort eingesteckt werden.<br>Keine Installation erforderlich. Beide Versionen werden mit einer 10-Jahres-Garantie<br>und einer 30-Tage-Geld-zur\u00fcck-Garantie geliefert. <\/p>","_links":{"self":[{"href":"https:\/\/www.infinite-whitening.com\/de\/wp-json\/wp\/v2\/pages\/3016","targetHints":{"allow":["GET"]}}],"collection":[{"href":"https:\/\/www.infinite-whitening.com\/de\/wp-json\/wp\/v2\/pages"}],"about":[{"href":"https:\/\/www.infinite-whitening.com\/de\/wp-json\/wp\/v2\/types\/page"}],"author":[{"embeddable":true,"href":"https:\/\/www.infinite-whitening.com\/de\/wp-json\/wp\/v2\/users\/1"}],"replies":[{"embeddable":true,"href":"https:\/\/www.infinite-whitening.com\/de\/wp-json\/wp\/v2\/comments?post=3016"}],"version-history":[{"count":3,"href":"https:\/\/www.infinite-whitening.com\/de\/wp-json\/wp\/v2\/pages\/3016\/revisions"}],"predecessor-version":[{"id":3054,"href":"https:\/\/www.infinite-whitening.com\/de\/wp-json\/wp\/v2\/pages\/3016\/revisions\/3054"}],"wp:attachment":[{"href":"https:\/\/www.infinite-whitening.com\/de\/wp-json\/wp\/v2\/media?parent=3016"}],"curies":[{"name":"wp","href":"https:\/\/api.w.org\/{rel}","templated":true}]}}