{"id":594,"date":"2023-06-06T16:04:29","date_gmt":"2023-06-06T13:04:29","guid":{"rendered":"https:\/\/www.infinite-whitening.com\/kontakt\/"},"modified":"2026-04-18T15:09:17","modified_gmt":"2026-04-18T12:09:17","slug":"kontakt","status":"publish","type":"page","link":"https:\/\/www.infinite-whitening.com\/de\/kontakt\/","title":{"rendered":"Kontakt"},"content":{"rendered":"<!--themify_builder_content-->\n<div id=\"themify_builder_content-594\" data-postid=\"594\" class=\"themify_builder_content themify_builder_content-594 themify_builder tf_clear\">\n                    <div  data-lazy=\"1\" class=\"module_row themify_builder_row tb_ddtw295 tb_first tf_w\">\n                        <div class=\"row_inner col_align_top tb_col_count_1 tf_box tf_rel\">\n                        <div  data-lazy=\"1\" class=\"module_column tb-column col-full tb_p9b3295 first\">\n                    <!-- module contact -->\n<div  id=\"tb_c81g326\" class=\"module module-contact tb_c81g326 contact-style3 \" data-lazy=\"1\">\n    <h3 class=\"module-title\">Contact<\/h3>\n\t<form class=\"builder-contact\"\n\t\tid=\"tb_c81g326-form\"\n\t\tmethod=\"post\"\n\t\tdata-post-id=\"594\"\n\t\tdata-element-id=\"c81g326\"\n\t\tdata-orig-id=\"594\"\n\t>\n    <div class=\"contact-message\"><\/div>\n\t<input type=\"hidden\" id=\"bc_nonce\" name=\"bc_nonce\" value=\"8dca692577\" \/><input type=\"hidden\" name=\"_wp_http_referer\" value=\"\/de\/wp-json\/wp\/v2\/pages\/594\" \/>\t<div class=\"builder-contact-fields tf_rel\">\n\t\t    \t\t    \t\t    <div class=\"builder-contact-field builder-contact-field-extra builder-contact-select-field\">\n\t\t\t\t\n\t\t\t\t<label class=\"control-label\" for=\"field_extra_tb_c81g326_0\">\n\t\t\t\t\t\n\t\t\t\t\tW\u00e4hlen Sie eine Option aus:.\t\t\t\t\t\t\t\t\t\t\t<input type=\"hidden\" name=\"field_extra_name_0\" value=\"W\u00e4hlen Sie eine Option aus:.\">\n\t\t\t\t\t\t\t\t\t\t\t<span class=\"required\">*<\/span>\n\t\t\t\t\t\t\t\t\t<\/label>\n\t\t\t\t<div class=\"control-input tf_rel\">\n\t\t\t\t\t\t\t\t\t\t\t\t\t\t\t\t\t\t<select id=\"field_extra_tb_c81g326_0\" name=\"field_extra_0\" class=\"form-control tf_scrollbar\" required>\n\t\t\t\t\t\t\t\t\t\t\t\t\t\t\t\t\t\t\t\t\t\t\t\t\t<option value=\"Allgemeine Anfragen\"> Allgemeine Anfragen <\/option>\n\t\t\t\t\t\t\t\t\t\t\t\t\t\t\t\t\t<option value=\"Kundendienst\"> Kundendienst <\/option>\n\t\t\t\t\t\t\t\t\t\t\t\t\t\t\t\t\t<option value=\"Technischer Support\"> Technischer Support <\/option>\n\t\t\t\t\t\t\t\t\t\t\t\t\t\t\t\t\t<option value=\"Bestellungen\"> Bestellungen <\/option>\n\t\t\t\t\t\t\t\t\t\t\t\t\t\t\t\t\t<option value=\"Versand und Sendungsverfolgung\"> Versand und Sendungsverfolgung <\/option>\n\t\t\t\t\t\t\t\t\t\t\t\t\t\t\t\t\t<option value=\"Andere\"> Andere <\/option>\n\t\t\t\t\t\t\t\t\t\t\t\t\t\t\t<\/select>\n\t\t\t\t\t\t\t\t\t\t\t\n\t\t\t\t\t\t\t\t\t<\/div>\n\t\t    <\/div>\n\t    \n\t\t    \t\t    <div class=\"builder-contact-field builder-contact-field-name builder-contact-text-field\">\n\t\t\t    <label class=\"control-label\" for=\"tb_c81g326-contact-name\">\n\t\t\t\t\t\t\t\t\t\t<span class=\"tb-label-span\">Name <\/span><span class=\"required\">*<\/span>\t\t\t\t<\/label>\n\t\t\t    <div class=\"control-input tf_rel\">\n\t\t\t\t    \t\t\t\t\t    <input type=\"text\" name=\"contact-name\" placeholder=\"\" id=\"tb_c81g326-contact-name\" value=\"\" class=\"form-control\" required>\n\t\t\t\t    \t\t\t\t    \t\t\t    <\/div>\n\t\t<\/div>\n\t    \n\t\t    \t\t    <div class=\"builder-contact-field builder-contact-field-email builder-contact-text-field\">\n\t\t\t    <label class=\"control-label\" for=\"tb_c81g326-contact-email\">\n\t\t\t\t\t\t\t\t\t\t<span class=\"tb-label-span\">Email <\/span><span class=\"required\">*<\/span>\t\t\t\t<\/label>\n\t\t\t    <div class=\"control-input tf_rel\">\n\t\t\t\t    \t\t\t\t\t    <input type=\"email\" name=\"contact-email\" placeholder=\"\" id=\"tb_c81g326-contact-email\" value=\"\" class=\"form-control\" required>\n\t\t\t\t    \t\t\t\t    \t\t\t    <\/div>\n\t\t<\/div>\n\t    \n\t\t    \t\t    <div class=\"builder-contact-field builder-contact-field-subject builder-contact-text-field\">\n\t\t\t    <label class=\"control-label\" for=\"tb_c81g326-contact-subject\">\n\t\t\t\t\t\t\t\t\t\t<span class=\"tb-label-span\">Betreff <\/span><span class=\"required\">*<\/span>\t\t\t\t<\/label>\n\t\t\t    <div class=\"control-input tf_rel\">\n\t\t\t\t    \t\t\t\t\t    <input type=\"text\" name=\"contact-subject\" placeholder=\"\" id=\"tb_c81g326-contact-subject\" value=\"\" class=\"form-control\" required>\n\t\t\t\t    \t\t\t\t    \t\t\t    <\/div>\n\t\t<\/div>\n\t    \n\t\t    \t\t    <div class=\"builder-contact-field builder-contact-field-message builder-contact-textarea-field\">\n\t\t\t    <label class=\"control-label\" for=\"tb_c81g326-contact-message\">\n\t\t\t\t\t\t\t\t\t\t<span class=\"tb-label-span\">Nachricht <\/span>\t\t\t\t<\/label>\n\t\t\t    <div class=\"control-input tf_rel\">\n\t\t\t\t    \t\t\t\t\t    <textarea name=\"contact-message\" placeholder=\"\" id=\"tb_c81g326-contact-message\" class=\"form-control\"><\/textarea>\n\t\t\t\t    \t\t\t\t    \t\t\t    <\/div>\n\t\t<\/div>\n\t    \n\t\t    \t\t\n\t\t\n\t    \n\t    <div class=\"builder-contact-field builder-contact-field-send control-input tf_textl tf_clear tf_rel\">\n\t\t\t<button type=\"submit\" class=\"btn btn-primary\">\n\t\t\t\t<span class=\"tf_loader\"><\/span>\t\t\t\t<span class=\"tf_submit_icon\"><\/span> \n\t\t\t\tAbsenden\t\t\t<\/button>\n\t    <\/div>\n\t<\/div>\n    <\/form>\n    <\/div>\n<!-- \/module contact -->\n        <\/div>\n                        <\/div>\n        <\/div>\n                        <div  data-lazy=\"1\" class=\"module_row themify_builder_row tb_kvr534 tf_w\">\n                        <div class=\"row_inner col_align_top tb_col_count_1 tf_box tf_rel\">\n                        <div  data-lazy=\"1\" class=\"module_column tb-column col-full tb_g3ra34 first\">\n                    <!-- module text -->\n<div  class=\"module module-text tb_gkwo722   \" data-lazy=\"1\">\n        <div  class=\"tb_text_wrap\">\n        <p>Address: A\u011eSAN Sanayi Sitesi, Ey\u00fcp Sultan, Aktar Sk. No:2-H, 34885 Sancaktepe\/\u0130stanbul, T\u00fcrkiye <\/p>    <\/div>\n<\/div>\n<!-- \/module text -->        <\/div>\n                        <\/div>\n        <\/div>\n                        <div  data-lazy=\"1\" class=\"module_row themify_builder_row tb_zvbr574 tf_w\">\n                        <div class=\"row_inner col_align_top tb_col_count_1 tf_box tf_rel\">\n                        <div  data-lazy=\"1\" class=\"module_column tb-column col-full tb_e95h574 first\">\n                    <!-- module text -->\n<div  class=\"module module-text tb_ntbn464   \" data-lazy=\"1\">\n        <div  class=\"tb_text_wrap\">\n        <p>Tel: +447853731722<\/p>    <\/div>\n<\/div>\n<!-- \/module text -->        <\/div>\n                        <\/div>\n        <\/div>\n                        <div  data-lazy=\"1\" class=\"module_row themify_builder_row tb_0wd0367 tf_w\">\n                        <div class=\"row_inner col_align_top tb_col_count_1 tf_box tf_rel\">\n                        <div  data-lazy=\"1\" class=\"module_column tb-column col-full tb_ua5p368 first\">\n                    <!-- module plain text -->\n<div  class=\"module module-plain-text tb_s79g702 \" data-lazy=\"1\">\n        <div class=\"tb_text_wrap\">\n    <div id=\"contact-email\">\n  <span>E-posta adresimizi g\u00f6rmek i\u00e7in JavaScript&#8217;i etkinle\u015ftirin.<\/span>\n<\/div>\n\n\n  (function() {\n    \n    var user = &#8222;support&#8220;;\n    var domain = &#8222;infinite-whitening&#8220;;\n    var tld = &#8222;com&#8220;;\n    \n    var fullEmail = user + &#8222;@&#8220; + domain + &#8222;.&#8220; + tld;\n    var container = document.getElementById(&#8222;contact-email&#8220;);\n    \n    \/\/ Ekrana t\u0131klanabilir link olarak bas\n    container.innerHTML = &#8218;<a href=\"mailto:' + fullEmail + '\">&#8218; + fullEmail + &#8218;<\/a>&#8218;;\n  })();\n    <\/div>\n<\/div>\n<!-- \/module plain text -->        <\/div>\n                        <\/div>\n        <\/div>\n        <\/div>\n<!--\/themify_builder_content-->","protected":false},"excerpt":{"rendered":"<p>Address: A\u011eSAN Sanayi Sitesi, Ey\u00fcp Sultan, Aktar Sk. No:2-H, 34885 Sancaktepe\/\u0130stanbul, T\u00fcrkiye<\/p>\n","protected":false},"author":1,"featured_media":0,"parent":0,"menu_order":0,"comment_status":"closed","ping_status":"closed","template":"","meta":{"footnotes":""},"class_list":["post-594","page","type-page","status-publish","hentry","has-post-title","has-post-date","has-post-category","has-post-tag","has-post-comment","has-post-author",""],"builder_content":"<h3>Contact<\/h3> <form id=\"tb_c81g326-form\" method=\"post\" data-post-id=\"0\" data-element-id=\"c81g326\" data-orig-id=\"594\" > <input type=\"hidden\" id=\"bc_nonce\" name=\"bc_nonce\" value=\"8dca692577\" \/><input type=\"hidden\" name=\"_wp_http_referer\" value=\"\/de\/wp-json\/wp\/v2\/pages\/594\" \/> <label for=\"field_extra_tb_c81g326_0\"> W\u00e4hlen Sie eine Option aus:. <input type=\"hidden\" name=\"field_extra_name_0\" value=\"W\u00e4hlen Sie eine Option aus:.\"> * <\/label> <select id=\"field_extra_tb_c81g326_0\" name=\"field_extra_0\" required> <option value=\"Allgemeine Anfragen\"> Allgemeine Anfragen <\/option> <option value=\"Kundendienst\"> Kundendienst <\/option> <option value=\"Technischer Support\"> Technischer Support <\/option> <option value=\"Bestellungen\"> Bestellungen <\/option> <option value=\"Versand und Sendungsverfolgung\"> Versand und Sendungsverfolgung <\/option> <option value=\"Andere\"> Andere <\/option> <\/select> <label for=\"tb_c81g326-contact-name\"> Name * <\/label> <input type=\"text\" name=\"contact-name\" placeholder=\"\" id=\"tb_c81g326-contact-name\" value=\"\" required> <label for=\"tb_c81g326-contact-email\"> Email * <\/label> <input type=\"email\" name=\"contact-email\" placeholder=\"\" id=\"tb_c81g326-contact-email\" value=\"\" required> <label for=\"tb_c81g326-contact-subject\"> Betreff * <\/label> <input type=\"text\" name=\"contact-subject\" placeholder=\"\" id=\"tb_c81g326-contact-subject\" value=\"\" required> <label for=\"tb_c81g326-contact-message\"> Nachricht <\/label> <textarea name=\"contact-message\" placeholder=\"\" id=\"tb_c81g326-contact-message\"><\/textarea> <button type=\"submit\"> Absenden <\/button> <\/form>\n<p>Address: A\u011eSAN Sanayi Sitesi, Ey\u00fcp Sultan, Aktar Sk. No:2-H, 34885 Sancaktepe\/\u0130stanbul, T\u00fcrkiye <\/p>\n<p>Tel: +447853731722<\/p>\nE-posta adresimizi g\u00f6rmek i\u00e7in JavaScript'i etkinle\u015ftirin.\n (function() { var user = \"support\"; var domain = \"infinite-whitening\"; var tld = \"com\"; var fullEmail = user + \"@\" + domain + \".\" + tld; var container = document.getElementById(\"contact-email\"); \/\/ Ekrana t\u0131klanabilir link olarak bas container.innerHTML = '<a href=\"mailto:' + fullEmail + '\">' + fullEmail + '<\/a>'; })();","_links":{"self":[{"href":"https:\/\/www.infinite-whitening.com\/de\/wp-json\/wp\/v2\/pages\/594","targetHints":{"allow":["GET"]}}],"collection":[{"href":"https:\/\/www.infinite-whitening.com\/de\/wp-json\/wp\/v2\/pages"}],"about":[{"href":"https:\/\/www.infinite-whitening.com\/de\/wp-json\/wp\/v2\/types\/page"}],"author":[{"embeddable":true,"href":"https:\/\/www.infinite-whitening.com\/de\/wp-json\/wp\/v2\/users\/1"}],"replies":[{"embeddable":true,"href":"https:\/\/www.infinite-whitening.com\/de\/wp-json\/wp\/v2\/comments?post=594"}],"version-history":[{"count":10,"href":"https:\/\/www.infinite-whitening.com\/de\/wp-json\/wp\/v2\/pages\/594\/revisions"}],"predecessor-version":[{"id":3118,"href":"https:\/\/www.infinite-whitening.com\/de\/wp-json\/wp\/v2\/pages\/594\/revisions\/3118"}],"wp:attachment":[{"href":"https:\/\/www.infinite-whitening.com\/de\/wp-json\/wp\/v2\/media?parent=594"}],"curies":[{"name":"wp","href":"https:\/\/api.w.org\/{rel}","templated":true}]}}