{"id":778,"date":"2023-05-31T16:30:10","date_gmt":"2023-05-31T13:30:10","guid":{"rendered":"https:\/\/www.infinite-whitening.com\/product\/infinite-whitening-chip-version\/"},"modified":"2024-03-31T17:11:05","modified_gmt":"2024-03-31T14:11:05","slug":"infinite-whitening-chip-version","status":"publish","type":"product","link":"https:\/\/www.infinite-whitening.com\/de\/infinite-whitening-chip-version\/","title":{"rendered":"Der Chip"},"content":{"rendered":"<p>Die Chip-Version der infinite-whitening. Montieren Sie diesen Chip auf einen vorhandenen gebrauchten Lichtleiter und sparen Sie zus\u00e4tzliches Geld. Schauen Sie sich einfach <a href=\"https:\/\/www.infinite-whitening.com\/#Installation\">das Video<\/a> auf der Hauptseite an und lesen Sie die Anweisungen. infinite-whitening bietet Ihnen eine unbegrenzte Anzahl von Sitzungen, OHNE dass Sie einen NEUEN GUIDE kaufen m\u00fcssen. Die Meldung &#8222;Anleitung ersetzen&#8220; wird nicht mehr angezeigt. Sie werden f\u00fcr immer 4\/4 Sitzungen zur Verf\u00fcgung haben. Die Montage ist einfach. Sie brauchen einen gebrauchten Leitfaden. Wenn Sie sich das <a title=\"Unbegrenzte Sitzungen mit der Philips Zoom** Zahnaufhellungslampe\" href=\"https:\/\/www.infinite-whitening.com\/#Installation\">Video<\/a> auf der Hauptseite ansehen. Es dauert nur wenige Minuten, den Chip zu montieren. Wenn Sie sich jedoch die Zeit und die Arbeit f\u00fcr die Montage ersparen wollen, k\u00f6nnen Sie den <a href=\"https:\/\/www.infinite-whitening.com\/de\/produkt\/infinite-whitening-light-guide\/\">vormontierten Leitfaden<\/a> bestellen.<\/p>\n<p>Wie Sie Ihr Philips Zoom-Ger\u00e4t kennen, bitten Sie darum, die Schablone nach 4 Sitzungen auszutauschen, und geben Sie die Sitzungen an, indem Sie von 4\/4 auf 0\/4 herunterz\u00e4hlen. Wenn Sie alle 4 Sitzungen verwendet haben (was in manchen F\u00e4llen nur f\u00fcr einen Patienten ausreicht), erhalten Sie die Meldung &#8222;Guide ersetzen&#8220; auf dem Bedienfeld von Zoom. Das ist der Punkt, an dem Sie eine unendliche Aufhellung brauchen!!! Wenn Sie die infinite-whitening montierte F\u00fchrung an Ihren Zoom anschlie\u00dfen, brauchen Sie nie wieder eine neue F\u00fchrung zu kaufen. werden Sie immer 4\/4 Sitzungen haben.<\/p>\n<p>Eine neue Gereration-CPU sorgt f\u00fcr h\u00f6here Geschwindigkeit, mehr Zuverl\u00e4ssigkeit und l\u00e4ngere Lebensdauer.<\/p>\n<p>Infinite-whitening wird 100% LEAD-FREE produziert.<\/p>\n<p>Alle Chips werden vor dem Versand zweimal auf Funktion und Fertigungsqualit\u00e4t gepr\u00fcft. Sie haben eine 60-t\u00e4gige Geld-zur\u00fcck-Garantie, wenn Sie mit dem Produkt nicht zufrieden sind.<\/p>\n<p>Auf unserer <a href=\"https:\/\/www.youtube.com\/@infinite.whitening\/featured\" target=\"_blank\" rel=\"noopener\">YouTube-Seite<\/a> finden Sie Videos zur Montage und zur Anwendung. The videos are updated periodically when a new product is available.<\/p>\n<p>Wenn Sie Fragen haben, k\u00f6nnen Sie sich gerne mit uns in <a href=\"https:\/\/www.infinite-whitening.com\/de\/kontakt\/\">Verbindung<\/a> setzen. Sie k\u00f6nnen auch unseren WhatsApp-Kanal unter +44 7852 731811 oder das WhatsApp-Widget auf dem Bildschirm nutzen, um Kontakt aufzunehmen.<\/p>\n","protected":false},"excerpt":{"rendered":"<p>Die Infinite-Whitening-Chip-Version erm\u00f6glicht eine unbegrenzte Anzahl von Sitzungen mit Ihrem Philips Zoom&#8220;-Ger\u00e4t. Montieren Sie den Chip selbst an jeder gebrauchten F\u00fchrung und sparen Sie mehr.<\/p>\n","protected":false},"featured_media":532,"comment_status":"closed","ping_status":"closed","template":"","meta":[],"product_brand":[],"product_cat":[42],"product_tag":[],"class_list":{"0":"post-778","1":"product","2":"type-product","3":"status-publish","4":"has-post-thumbnail","6":"product_cat-chip-vollformat","7":"has-post-title","8":"has-post-date","9":"has-post-category","10":"has-post-tag","11":"has-post-comment","12":"has-post-author","13":"","15":"first","16":"instock","17":"shipping-taxable","18":"purchasable","19":"product-type-simple"},"builder_content":"","_links":{"self":[{"href":"https:\/\/www.infinite-whitening.com\/de\/wp-json\/wp\/v2\/product\/778","targetHints":{"allow":["GET"]}}],"collection":[{"href":"https:\/\/www.infinite-whitening.com\/de\/wp-json\/wp\/v2\/product"}],"about":[{"href":"https:\/\/www.infinite-whitening.com\/de\/wp-json\/wp\/v2\/types\/product"}],"replies":[{"embeddable":true,"href":"https:\/\/www.infinite-whitening.com\/de\/wp-json\/wp\/v2\/comments?post=778"}],"wp:featuredmedia":[{"embeddable":true,"href":"https:\/\/www.infinite-whitening.com\/de\/wp-json\/wp\/v2\/media\/532"}],"wp:attachment":[{"href":"https:\/\/www.infinite-whitening.com\/de\/wp-json\/wp\/v2\/media?parent=778"}],"wp:term":[{"taxonomy":"product_brand","embeddable":true,"href":"https:\/\/www.infinite-whitening.com\/de\/wp-json\/wp\/v2\/product_brand?post=778"},{"taxonomy":"product_cat","embeddable":true,"href":"https:\/\/www.infinite-whitening.com\/de\/wp-json\/wp\/v2\/product_cat?post=778"},{"taxonomy":"product_tag","embeddable":true,"href":"https:\/\/www.infinite-whitening.com\/de\/wp-json\/wp\/v2\/product_tag?post=778"}],"curies":[{"name":"wp","href":"https:\/\/api.w.org\/{rel}","templated":true}]}}