{"id":779,"date":"2023-05-31T16:30:10","date_gmt":"2023-05-31T13:30:10","guid":{"rendered":"https:\/\/www.infinite-whitening.com\/product\/infinite-whitening-light-guide\/"},"modified":"2026-04-17T16:11:16","modified_gmt":"2026-04-17T13:11:16","slug":"infinite-whitening-light-guide","status":"publish","type":"product","link":"https:\/\/www.infinite-whitening.com\/de\/infinite-whitening-light-guide\/","title":{"rendered":"Philips Zoom Light Guide 15.000 Sitzungen &#8211; Infinite Whitening"},"content":{"rendered":"<p>Der auf einem Lichtleiter montierte infinite-whitening chip spart Ihnen Zeit. Der Lichtleiter ist vollst\u00e4ndig getestet und wird als Plug-and-Play-L\u00f6sung f\u00fcr Ihren Philips Zoom geliefert.<\/p>\n<p>Wie Sie Ihr Philips Zoom-Ger\u00e4t kennen, bitten Sie darum, die Schablone nach 4 Sitzungen auszutauschen, und geben Sie die Sitzungen an, indem Sie von 4\/4 auf 0\/4 herunterz\u00e4hlen. Wenn Sie alle 4 Sitzungen verwendet haben (was in manchen F\u00e4llen nur f\u00fcr einen Patienten ausreicht), erhalten Sie die Meldung &#8222;Guide ersetzen&#8220; auf dem Bedienfeld von Zoom. Das ist der Punkt, an dem Sie eine unendliche Aufhellung brauchen!!! Wenn Sie die infinite-whitening montierte F\u00fchrung an Ihren Zoom anschlie\u00dfen, brauchen Sie nie wieder eine neue F\u00fchrung zu kaufen. werden Sie immer 4\/4 Sitzungen haben.<\/p>\n<p>Eine neue Gereration-CPU sorgt f\u00fcr h\u00f6here Geschwindigkeit, mehr Zuverl\u00e4ssigkeit und l\u00e4ngere Lebensdauer.<\/p>\n<p>Infinite-whitening wird 100% LEAD-FREE produziert.<\/p>\n<p>Alle Chips werden vor dem Versand zweimal auf Funktion und Fertigungsqualit\u00e4t gepr\u00fcft. Sie haben eine 60-t\u00e4gige Geld-zur\u00fcck-Garantie, wenn Sie mit dem Produkt nicht zufrieden sind.<\/p>\n<p>Auf unserer <a href=\"https:\/\/www.youtube.com\/@infinite.whitening\/featured\" target=\"_blank\" rel=\"noopener\">YouTube-Seite<\/a> finden Sie Videos zur Montage und zur Anwendung. The videos are updated periodically when a new product is available.<\/p>\n<p>Wenn Sie Fragen haben, k\u00f6nnen Sie sich gerne mit uns in <a href=\"https:\/\/www.infinite-whitening.com\/de\/kontakt\/\">Verbindung<\/a> setzen. Sie k\u00f6nnen auch unseren WhatsApp-Kanal unter +44 7852 731811 oder das WhatsApp-Widget auf dem Bildschirm nutzen, um Kontakt aufzunehmen.<\/p>\n<!--themify_builder_content-->\n<div id=\"themify_builder_content-779\" data-postid=\"779\" class=\"themify_builder_content themify_builder_content-779 themify_builder tf_clear\">\n                    <div  data-lazy=\"1\" class=\"module_row themify_builder_row tb_ouu7967 tb_first tf_w\">\n                        <div class=\"row_inner col_align_top tb_col_count_3 tf_box tf_rel\">\n                        <div  data-lazy=\"1\" class=\"module_column tb-column col3-1 tb_top3967 first\">\n                    <!-- module image -->\n<div  class=\"module module-image tb_wmop666 image-top   tf_mw\" data-lazy=\"1\">\n        <div class=\"image-wrap tf_rel tf_mw\">\n            <img loading=\"lazy\" decoding=\"async\" width=\"466\" height=\"370\" src=\"https:\/\/www.infinite-whitening.com\/wp-content\/uploads\/2026\/04\/10-years-warranty.webp\" class=\"wp-post-image wp-image-2968\" title=\"10 years warranty\" alt=\"10 years warranty\" srcset=\"https:\/\/www.infinite-whitening.com\/wp-content\/uploads\/2026\/04\/10-years-warranty.webp 466w, https:\/\/www.infinite-whitening.com\/wp-content\/uploads\/2026\/04\/10-years-warranty-300x238.webp 300w\" sizes=\"auto, (max-width: 466px) 100vw, 466px\" \/>    \n        <\/div>\n    <!-- \/image-wrap -->\n    \n        <\/div>\n<!-- \/module image -->        <\/div>\n                    <div  data-lazy=\"1\" class=\"module_column tb-column col3-1 tb_uj6h447\">\n                    <!-- module image -->\n<div  class=\"module module-image tb_0kv1184 image-top   tf_mw\" data-lazy=\"1\">\n        <div class=\"image-wrap tf_rel tf_mw\">\n            <img loading=\"lazy\" decoding=\"async\" width=\"482\" height=\"374\" src=\"https:\/\/www.infinite-whitening.com\/wp-content\/uploads\/2026\/04\/Fast-Delivery.webp\" class=\"wp-post-image wp-image-2969\" title=\"Fast Delivery\" alt=\"Fast Delivery\" srcset=\"https:\/\/www.infinite-whitening.com\/wp-content\/uploads\/2026\/04\/Fast-Delivery.webp 482w, https:\/\/www.infinite-whitening.com\/wp-content\/uploads\/2026\/04\/Fast-Delivery-300x233.webp 300w\" sizes=\"auto, (max-width: 482px) 100vw, 482px\" \/>    \n        <\/div>\n    <!-- \/image-wrap -->\n    \n        <\/div>\n<!-- \/module image -->        <\/div>\n                    <div  data-lazy=\"1\" class=\"module_column tb-column col3-1 tb_0vpo447 last\">\n                    <!-- module image -->\n<div  class=\"module module-image tb_5gbt138 image-top   tf_mw\" data-lazy=\"1\">\n        <div class=\"image-wrap tf_rel tf_mw\">\n            <img loading=\"lazy\" decoding=\"async\" width=\"395\" height=\"383\" src=\"https:\/\/www.infinite-whitening.com\/wp-content\/uploads\/2026\/04\/30-days-money-back-guarantee.webp\" class=\"wp-post-image wp-image-2970\" title=\"30 days money back guarantee\" alt=\"30 days money back guarantee\" srcset=\"https:\/\/www.infinite-whitening.com\/wp-content\/uploads\/2026\/04\/30-days-money-back-guarantee.webp 395w, https:\/\/www.infinite-whitening.com\/wp-content\/uploads\/2026\/04\/30-days-money-back-guarantee-300x291.webp 300w\" sizes=\"auto, (max-width: 395px) 100vw, 395px\" \/>    \n        <\/div>\n    <!-- \/image-wrap -->\n    \n        <\/div>\n<!-- \/module image -->        <\/div>\n                        <\/div>\n        <\/div>\n        <\/div>\n<!--\/themify_builder_content-->","protected":false},"excerpt":{"rendered":"<p>Holen Sie sich eine Philips Zoom Lichtleiter 15.000 Sitzungen L\u00f6sung. Eine Einheit = 15.000 Anwendungen, Plug-and-Play-Installation. 10 Jahre Garantie und 30 Tage Geld-zur\u00fcck-Garantie.  <\/p>\n","protected":false},"featured_media":522,"comment_status":"closed","ping_status":"closed","template":"","meta":[],"product_brand":[],"product_cat":[43],"product_tag":[],"class_list":{"0":"post-779","1":"product","2":"type-product","3":"status-publish","4":"has-post-thumbnail","6":"product_cat-chip-light-guide-vollformat","7":"has-post-title","8":"has-post-date","9":"has-post-category","10":"has-post-tag","11":"has-post-comment","12":"has-post-author","13":"","15":"first","16":"instock","17":"sale","18":"shipping-taxable","19":"purchasable","20":"product-type-simple"},"builder_content":"<img src=\"https:\/\/www.infinite-whitening.com\/wp-content\/uploads\/2026\/04\/10-years-warranty.webp\" title=\"10 years warranty\" alt=\"10 years warranty\" srcset=\"https:\/\/www.infinite-whitening.com\/wp-content\/uploads\/2026\/04\/10-years-warranty.webp 466w, https:\/\/www.infinite-whitening.com\/wp-content\/uploads\/2026\/04\/10-years-warranty-300x238.webp 300w\" sizes=\"(max-width: 466px) 100vw, 466px\" \/>\n<img src=\"https:\/\/www.infinite-whitening.com\/wp-content\/uploads\/2026\/04\/Fast-Delivery.webp\" title=\"Fast Delivery\" alt=\"Fast Delivery\" srcset=\"https:\/\/www.infinite-whitening.com\/wp-content\/uploads\/2026\/04\/Fast-Delivery.webp 482w, https:\/\/www.infinite-whitening.com\/wp-content\/uploads\/2026\/04\/Fast-Delivery-300x233.webp 300w\" sizes=\"(max-width: 482px) 100vw, 482px\" \/>\n<img src=\"https:\/\/www.infinite-whitening.com\/wp-content\/uploads\/2026\/04\/30-days-money-back-guarantee.webp\" title=\"30 days money back guarantee\" alt=\"30 days money back guarantee\" srcset=\"https:\/\/www.infinite-whitening.com\/wp-content\/uploads\/2026\/04\/30-days-money-back-guarantee.webp 395w, https:\/\/www.infinite-whitening.com\/wp-content\/uploads\/2026\/04\/30-days-money-back-guarantee-300x291.webp 300w\" sizes=\"(max-width: 395px) 100vw, 395px\" \/>","_links":{"self":[{"href":"https:\/\/www.infinite-whitening.com\/de\/wp-json\/wp\/v2\/product\/779","targetHints":{"allow":["GET"]}}],"collection":[{"href":"https:\/\/www.infinite-whitening.com\/de\/wp-json\/wp\/v2\/product"}],"about":[{"href":"https:\/\/www.infinite-whitening.com\/de\/wp-json\/wp\/v2\/types\/product"}],"replies":[{"embeddable":true,"href":"https:\/\/www.infinite-whitening.com\/de\/wp-json\/wp\/v2\/comments?post=779"}],"wp:featuredmedia":[{"embeddable":true,"href":"https:\/\/www.infinite-whitening.com\/de\/wp-json\/wp\/v2\/media\/522"}],"wp:attachment":[{"href":"https:\/\/www.infinite-whitening.com\/de\/wp-json\/wp\/v2\/media?parent=779"}],"wp:term":[{"taxonomy":"product_brand","embeddable":true,"href":"https:\/\/www.infinite-whitening.com\/de\/wp-json\/wp\/v2\/product_brand?post=779"},{"taxonomy":"product_cat","embeddable":true,"href":"https:\/\/www.infinite-whitening.com\/de\/wp-json\/wp\/v2\/product_cat?post=779"},{"taxonomy":"product_tag","embeddable":true,"href":"https:\/\/www.infinite-whitening.com\/de\/wp-json\/wp\/v2\/product_tag?post=779"}],"curies":[{"name":"wp","href":"https:\/\/api.w.org\/{rel}","templated":true}]}}