{"id":1573,"date":"2023-06-03T13:44:02","date_gmt":"2023-06-03T10:44:02","guid":{"rendered":"https:\/\/www.infinite-whitening.com\/politica-de-devoluciones-y-reembolsos\/"},"modified":"2025-06-18T15:13:59","modified_gmt":"2025-06-18T12:13:59","slug":"politica-de-devoluciones-y-reembolsos","status":"publish","type":"page","link":"https:\/\/www.infinite-whitening.com\/es\/politica-de-devoluciones-y-reembolsos\/","title":{"rendered":"Pol\u00edtica de devoluciones y reembolsos"},"content":{"rendered":"\n<p><\/p>\n\n<p><\/p><h3>Overview<\/h3>\n\n<p>Nuestra pol\u00edtica de reembolsos y devoluciones dura 30 d\u00edas. Si han pasado 30 d\u00edas desde tu compra, no podemos ofrecerte un reembolso o cambio completo. <\/p>\n\n<p>Para poder realizar una devoluci\u00f3n, tu art\u00edculo debe estar en las mismas condiciones en las que lo recibiste. Tambi\u00e9n debe estar en su embalaje original. <\/p>\n\n<p>Para completar tu devoluci\u00f3n, necesitamos que nos env\u00edes un correo electr\u00f3nico describiendo el motivo.<\/p>\n\n<p><\/p>\n\n<p>Hay determinadas situaciones en las que s\u00f3lo se conceden devoluciones parciales:<\/p>\n\n<ul class=\"wp-block-list\">\n<li>Cualquier art\u00edculo que no est\u00e9 en su estado original, est\u00e9 da\u00f1ado o le falten piezas por motivos que no se deban a un error nuestro.<\/li>\n\n\n\n<li>Cualquier art\u00edculo que se devuelva m\u00e1s de 30 d\u00edas despu\u00e9s de la entrega<\/li>\n<\/ul>\n\n<p><\/p><h2>Devoluciones<\/h2>\n\n<p>Una vez recibida e inspeccionada tu devoluci\u00f3n, te enviaremos un correo electr\u00f3nico para notificarte que hemos recibido tu art\u00edculo devuelto. Tambi\u00e9n te notificaremos la aprobaci\u00f3n o rechazo de tu devoluci\u00f3n. <\/p>\n\n<p>Si se aprueba, se procesar\u00e1 tu reembolso y se aplicar\u00e1 autom\u00e1ticamente un cr\u00e9dito a tu tarjeta de cr\u00e9dito o m\u00e9todo de pago original, en un plazo determinado de d\u00edas.<\/p>\n\n<p><b>Reembolsos atrasados o faltantes<\/b><\/p>\n\n<p>Si a\u00fan no has recibido la devoluci\u00f3n, primero vuelve a comprobar tu cuenta bancaria.<\/p>\n\n<p>A continuaci\u00f3n, ponte en contacto con la entidad emisora de tu tarjeta de cr\u00e9dito, puede pasar alg\u00fan tiempo antes de que se contabilice oficialmente tu reembolso.<\/p>\n\n<p>A continuaci\u00f3n, ponte en contacto con tu banco. A menudo transcurre cierto tiempo de tramitaci\u00f3n antes de que se contabilice el reembolso. <\/p>\n\n<p>Si has hecho todo esto y todav\u00eda no has recibido el reembolso, ponte en contacto con nosotros en orders@infinite-whitening.com.<\/p>\n\n<p><\/p>\n\n<p><\/p>\n\n<p>S\u00f3lo cambiamos art\u00edculos si est\u00e1n defectuosos o da\u00f1ados. Si necesitas cambiarlo por el mismo art\u00edculo, env\u00edanos un correo electr\u00f3nico a orders@infinite-whitening.com y env\u00eda tu art\u00edculo a infinite-whitening. Compartiremos contigo la direcci\u00f3n del almac\u00e9n m\u00e1s cercano.  <\/p>\n\n<p><\/p>\n\n<p><\/p>\n\n<p>Para devolver tu producto, debes enviarlo por correo a infinite-whitening en el embalaje original.<\/p>\n\n<p>Ser\u00e1s responsable de pagar tus propios gastos de env\u00edo para devolver el art\u00edculo. Los gastos de env\u00edo no son reembolsables. Si recibes un reembolso, el coste del env\u00edo de devoluci\u00f3n se deducir\u00e1 de tu reembolso.  <\/p>\n\n<p>Dependiendo de d\u00f3nde vivas, el tiempo que puede tardar en llegarte tu producto intercambiado puede variar.<\/p>\n\n<p>Si vas a devolver art\u00edculos m\u00e1s caros, puedes considerar utilizar un servicio de env\u00edo con seguimiento o contratar un seguro de env\u00edo. No garantizamos que recibamos tu art\u00edculo devuelto. <\/p>\n\n<p><\/p>\n\n<p>Ponte en contacto con nosotros en orders@infinite-whitening.com para cuestiones relacionadas con reembolsos y devoluciones.<\/p>\n<!-- wp:themify-builder\/canvas \/-->","protected":false},"excerpt":{"rendered":"<p>Overview Nuestra pol\u00edtica de reembolsos y devoluciones dura 30 d\u00edas. Si han pasado 30 d\u00edas desde tu compra, no podemos ofrecerte un reembolso o cambio completo. Para poder realizar una devoluci\u00f3n, tu art\u00edculo debe estar en las mismas condiciones en las que lo recibiste. Tambi\u00e9n debe estar en su embalaje original. Para completar tu devoluci\u00f3n, [&hellip;]<\/p>\n","protected":false},"author":1,"featured_media":0,"parent":0,"menu_order":0,"comment_status":"closed","ping_status":"closed","template":"","meta":{"footnotes":""},"class_list":["post-1573","page","type-page","status-publish","hentry","has-post-title","has-post-date","has-post-category","has-post-tag","has-post-comment","has-post-author",""],"builder_content":"","_links":{"self":[{"href":"https:\/\/www.infinite-whitening.com\/es\/wp-json\/wp\/v2\/pages\/1573","targetHints":{"allow":["GET"]}}],"collection":[{"href":"https:\/\/www.infinite-whitening.com\/es\/wp-json\/wp\/v2\/pages"}],"about":[{"href":"https:\/\/www.infinite-whitening.com\/es\/wp-json\/wp\/v2\/types\/page"}],"author":[{"embeddable":true,"href":"https:\/\/www.infinite-whitening.com\/es\/wp-json\/wp\/v2\/users\/1"}],"replies":[{"embeddable":true,"href":"https:\/\/www.infinite-whitening.com\/es\/wp-json\/wp\/v2\/comments?post=1573"}],"version-history":[{"count":1,"href":"https:\/\/www.infinite-whitening.com\/es\/wp-json\/wp\/v2\/pages\/1573\/revisions"}],"predecessor-version":[{"id":1574,"href":"https:\/\/www.infinite-whitening.com\/es\/wp-json\/wp\/v2\/pages\/1573\/revisions\/1574"}],"wp:attachment":[{"href":"https:\/\/www.infinite-whitening.com\/es\/wp-json\/wp\/v2\/media?parent=1573"}],"curies":[{"name":"wp","href":"https:\/\/api.w.org\/{rel}","templated":true}]}}