{"id":1577,"date":"2023-06-10T18:52:10","date_gmt":"2023-06-10T15:52:10","guid":{"rendered":"https:\/\/www.infinite-whitening.com\/pagina-no-encontrada\/"},"modified":"2026-03-24T11:13:03","modified_gmt":"2026-03-24T08:13:03","slug":"pagina-no-encontrada","status":"publish","type":"page","link":"https:\/\/www.infinite-whitening.com\/es\/pagina-no-encontrada\/","title":{"rendered":"P\u00e1gina no encontrada"},"content":{"rendered":"<!--themify_builder_content-->\n<div id=\"themify_builder_content-1577\" data-postid=\"1577\" class=\"themify_builder_content themify_builder_content-1577 themify_builder tf_clear\">\n                    <div  data-lazy=\"1\" class=\"module_row themify_builder_row tb_arpe760 tb_first tf_w\">\n                        <div class=\"row_inner col_align_top tb_col_count_1 tf_box tf_rel\">\n                        <div  data-lazy=\"1\" class=\"module_column tb-column col-full tb_9ibn761 first\">\n                    <!-- module text -->\n<div  class=\"module module-text tb_zfdm546   \" data-lazy=\"1\">\n    <h3 class=\"module-title\">404 P\u00e1gina no encontrada<\/h3>    <div  class=\"tb_text_wrap\">\n        <p>La p\u00e1gina que buscas no existe. Consulta la<a href=\"https:\/\/www.infinite-whitening.com\/es\/\"> p\u00e1gina principal<\/a>. <\/p>    <\/div>\n<\/div>\n<!-- \/module text -->        <\/div>\n                        <\/div>\n        <\/div>\n        <\/div>\n<!--\/themify_builder_content-->","protected":false},"excerpt":{"rendered":"<p>404 P\u00e1gina no encontrada La p\u00e1gina que buscas no existe. Consulta la p\u00e1gina principal.<\/p>\n","protected":false},"author":1,"featured_media":0,"parent":0,"menu_order":0,"comment_status":"closed","ping_status":"closed","template":"","meta":{"footnotes":""},"class_list":["post-1577","page","type-page","status-publish","hentry","has-post-title","has-post-date","has-post-category","has-post-tag","has-post-comment","has-post-author",""],"builder_content":"<h3>404 P\u00e1gina no encontrada<\/h3> <p>La p\u00e1gina que buscas no existe. Consulta la<a href=\"https:\/\/www.infinite-whitening.com\/es\/\"> p\u00e1gina principal<\/a>. <\/p>","_links":{"self":[{"href":"https:\/\/www.infinite-whitening.com\/es\/wp-json\/wp\/v2\/pages\/1577","targetHints":{"allow":["GET"]}}],"collection":[{"href":"https:\/\/www.infinite-whitening.com\/es\/wp-json\/wp\/v2\/pages"}],"about":[{"href":"https:\/\/www.infinite-whitening.com\/es\/wp-json\/wp\/v2\/types\/page"}],"author":[{"embeddable":true,"href":"https:\/\/www.infinite-whitening.com\/es\/wp-json\/wp\/v2\/users\/1"}],"replies":[{"embeddable":true,"href":"https:\/\/www.infinite-whitening.com\/es\/wp-json\/wp\/v2\/comments?post=1577"}],"version-history":[{"count":1,"href":"https:\/\/www.infinite-whitening.com\/es\/wp-json\/wp\/v2\/pages\/1577\/revisions"}],"predecessor-version":[{"id":1578,"href":"https:\/\/www.infinite-whitening.com\/es\/wp-json\/wp\/v2\/pages\/1577\/revisions\/1578"}],"wp:attachment":[{"href":"https:\/\/www.infinite-whitening.com\/es\/wp-json\/wp\/v2\/media?parent=1577"}],"curies":[{"name":"wp","href":"https:\/\/api.w.org\/{rel}","templated":true}]}}