{"id":3043,"date":"2026-04-03T16:39:13","date_gmt":"2026-04-03T13:39:13","guid":{"rendered":"https:\/\/www.infinite-whitening.com\/guia-de-compatibilidad-de-philips-zoom-que-modelos-funcionan-con-infinite-whitening\/"},"modified":"2026-04-17T16:32:25","modified_gmt":"2026-04-17T13:32:25","slug":"guia-de-compatibilidad-de-philips-zoom-que-modelos-funcionan-con-infinite-whitening","status":"publish","type":"page","link":"https:\/\/www.infinite-whitening.com\/es\/guia-de-compatibilidad-de-philips-zoom-que-modelos-funcionan-con-infinite-whitening\/","title":{"rendered":"Gu\u00eda de compatibilidad de Philips Zoom: \u00bfQu\u00e9 modelos funcionan con Infinite Whitening?"},"content":{"rendered":"<!--themify_builder_content-->\n<div id=\"themify_builder_content-3043\" data-postid=\"3043\" class=\"themify_builder_content themify_builder_content-3043 themify_builder tf_clear\">\n                    <div  data-lazy=\"1\" class=\"module_row themify_builder_row tb_pmzq415 tb_first tf_w\">\n                        <div class=\"row_inner col_align_top tb_col_count_1 tf_box tf_rel\">\n                        <div  data-lazy=\"1\" class=\"module_column tb-column col-full tb_xafg415 first\">\n                    <!-- module text -->\n<div  class=\"module module-text tb_4yzl158   \" data-lazy=\"1\">\n        <div  class=\"tb_text_wrap\">\n        <p>Infinite Whitening es compatible con Philips Zoom WhiteSpeed (4\u00aa generaci\u00f3n) y Philips Zoom Advanced Power \/ Power Plus (3\u00aa generaci\u00f3n). Cualquier aparato Philips Zoom fabricado despu\u00e9s de 2010 es compatible.  Comprueba la compatibilidad de tu Philips Zoom.<\/p>    <\/div>\n<\/div>\n<!-- \/module text -->        <\/div>\n                        <\/div>\n        <\/div>\n                        <div  data-lazy=\"1\" class=\"module_row themify_builder_row tb_km9v432 tf_w\">\n                        <div class=\"row_inner col_align_top tb_col_count_1 tf_box tf_rel\">\n                        <div  data-lazy=\"1\" class=\"module_column tb-column col-full tb_3or6432 first\">\n                    <!-- module text -->\n<div  class=\"module module-text tb_05tk382   \" data-lazy=\"1\">\n        <div  class=\"tb_text_wrap\">\n        <h2>Modelos compatibles<\/h2>    <\/div>\n<\/div>\n<!-- \/module text -->        <\/div>\n                        <\/div>\n        <\/div>\n                        <div  id=\"img_x\" data-lazy=\"1\" class=\"module_row themify_builder_row tb_iazt243 tf_w\">\n                        <div class=\"row_inner col_align_top tb_col_count_3 tf_box tf_rel\">\n                        <div  data-lazy=\"1\" class=\"module_column tb-column col3-1 tb_msk2243 first\">\n                    <!-- module image -->\n<div  class=\"module module-image tb_jwz1570 image-top rounded img_x auto_fullwidth tf_mw\" data-lazy=\"1\">\n        <div class=\"image-wrap tf_rel tf_mw\">\n            <img decoding=\"async\" src=\"https:\/\/www.infinite-whitening.com\/wp-content\/uploads\/2026\/04\/G4r1.webp\" height=\"220\" class=\"wp-post-image wp-image-3038\" title=\"G4r1\" alt=\"El panel de control Philips Zoom WhiteSpeed muestra VERSION C0.8 L0.8 durante el arranque\" srcset=\"https:\/\/www.infinite-whitening.com\/wp-content\/uploads\/2026\/04\/G4r1.webp 900w, https:\/\/www.infinite-whitening.com\/wp-content\/uploads\/2026\/04\/G4r1-225x300.webp 225w, https:\/\/www.infinite-whitening.com\/wp-content\/uploads\/2026\/04\/G4r1-768x1024.webp 768w, https:\/\/www.infinite-whitening.com\/wp-content\/uploads\/2026\/04\/G4r1-600x800.webp 600w\" sizes=\"(max-width: 900px) 100vw, 900px\" \/>    \n        <\/div>\n    <!-- \/image-wrap -->\n    \n        <\/div>\n<!-- \/module image --><!-- module text -->\n<div  class=\"module module-text tb_6y2p220   \" data-lazy=\"1\">\n        <div  class=\"tb_text_wrap\">\n        <p style=\"font-size: 11px;text-transform: uppercase;letter-spacing: 0.06em;color: #888;margin: 0 0 6px\">\u00daltima generaci\u00f3n<\/p>\n<h3 style=\"font-size: 16px;font-weight: 600;margin: 0 0 10px\">Philips Zoom WhiteSpeed<\/h3>\n<p><span style=\"display: inline-block;font-size: 11px;padding: 2px 10px;border-radius: 4px;background: #d4edda;color: #155724;margin-bottom: 10px\">Compatible<\/span><\/p>\n<p style=\"font-size: 13px;color: #666;margin: 0\">C2.3 L2.3<br>C2.3 L2.5<br>y todas las versiones m\u00e1s recientes<\/p>\n    <\/div>\n<\/div>\n<!-- \/module text -->        <\/div>\n                    <div  data-lazy=\"1\" class=\"module_column tb-column col3-1 tb_qgty243\">\n                    <!-- module image -->\n<div  class=\"module module-image tb_unj8781 image-top rounded img_x auto_fullwidth tf_mw\" data-lazy=\"1\">\n        <div class=\"image-wrap tf_rel tf_mw\">\n            <img decoding=\"async\" src=\"https:\/\/www.infinite-whitening.com\/wp-content\/uploads\/2026\/04\/G3r1.webp\" height=\"220\" class=\"wp-post-image wp-image-3040\" title=\"G3r1\" alt=\"El panel de control Philips Zoom WhiteSpeed muestra VERSION C0.8 L0.8 durante el arranque\" srcset=\"https:\/\/www.infinite-whitening.com\/wp-content\/uploads\/2026\/04\/G3r1.webp 900w, https:\/\/www.infinite-whitening.com\/wp-content\/uploads\/2026\/04\/G3r1-225x300.webp 225w, https:\/\/www.infinite-whitening.com\/wp-content\/uploads\/2026\/04\/G3r1-768x1024.webp 768w, https:\/\/www.infinite-whitening.com\/wp-content\/uploads\/2026\/04\/G3r1-600x800.webp 600w\" sizes=\"(max-width: 900px) 100vw, 900px\" \/>    \n        <\/div>\n    <!-- \/image-wrap -->\n    \n        <\/div>\n<!-- \/module image --><!-- module text -->\n<div  class=\"module module-text tb_s8o1742   \" data-lazy=\"1\">\n        <div  class=\"tb_text_wrap\">\n        <p style=\"font-size: 11px;letter-spacing: 0.06em;color: #888;margin: 0 0 6px;text-transform: uppercase\">Generaci\u00f3n anterior<\/p>\n<h3 style=\"font-size: 16px;font-weight: 600;margin: 0 0 10px\">Philips Zoom Avanzado Power \/ Power Plus<\/h3>\n<p><span style=\"display: inline-block;font-size: 11px;padding: 2px 10px;border-radius: 4px;background: #d4edda;color: #155724;margin-bottom: 10px\">Compatible<\/span><\/p>\n<p style=\"font-size: 13px;color: #666;margin: 0\">C0.8 L0.8<br>C0.9 L0.9<br>y todas las versiones posteriores<\/p>\n    <\/div>\n<\/div>\n<!-- \/module text -->        <\/div>\n                    <div  data-lazy=\"1\" class=\"module_column tb-column col3-1 tb_o6dp243 last\">\n                    <!-- module image -->\n<div  class=\"module module-image tb_it6o854 image-top rounded img_x auto_fullwidth tf_mw\" data-lazy=\"1\">\n        <div class=\"image-wrap tf_rel tf_mw\">\n            <img decoding=\"async\" src=\"https:\/\/www.infinite-whitening.com\/wp-content\/uploads\/2026\/04\/G1r1.webp\" height=\"220\" class=\"wp-post-image wp-image-3041\" title=\"G1r1\" alt=\"El Philips Zoom de 1\u00aa generaci\u00f3n no es compatible con el chip Infinite Whitening\" srcset=\"https:\/\/www.infinite-whitening.com\/wp-content\/uploads\/2026\/04\/G1r1.webp 900w, https:\/\/www.infinite-whitening.com\/wp-content\/uploads\/2026\/04\/G1r1-225x300.webp 225w, https:\/\/www.infinite-whitening.com\/wp-content\/uploads\/2026\/04\/G1r1-768x1024.webp 768w, https:\/\/www.infinite-whitening.com\/wp-content\/uploads\/2026\/04\/G1r1-600x800.webp 600w\" sizes=\"(max-width: 900px) 100vw, 900px\" \/>    \n        <\/div>\n    <!-- \/image-wrap -->\n    \n        <\/div>\n<!-- \/module image --><!-- module text -->\n<div  class=\"module module-text tb_zq5y241   \" data-lazy=\"1\">\n        <div  class=\"tb_text_wrap\">\n        <p style=\"font-size: 11px;letter-spacing: 0.06em;color: #888;margin: 0 0 6px;text-transform: uppercase\">Generaci\u00f3n obsoleta<\/p>\n<h3 style=\"font-size: 16px;font-weight: 600;margin: 0 0 10px\">Philips Zoom<\/h3>\n<p><span style=\"display: inline-block;font-size: 11px;padding: 2px 10px;border-radius: 4px;background: #f8d7da;color: #721c24;margin-bottom: 10px\">No compatible<\/span><\/p>\n<p style=\"font-size: 13px;color: #666;margin: 0\">C1.8  <\/p>\n    <\/div>\n<\/div>\n<!-- \/module text -->        <\/div>\n                        <\/div>\n        <\/div>\n                        <div  data-lazy=\"1\" class=\"module_row themify_builder_row tb_savt432 tf_w\">\n                        <div class=\"row_inner col_align_top tb_col_count_1 tf_box tf_rel\">\n                        <div  data-lazy=\"1\" class=\"module_column tb-column col-full tb_18x0432 first\">\n                    <!-- module text -->\n<div  class=\"module module-text tb_ucu2432   \" data-lazy=\"1\">\n        <div  class=\"tb_text_wrap\">\n        <h2>C\u00f3mo encontrar la versi\u00f3n de tu modelo<\/h2>\n<p>Enciende tu aparato Philips Zoom y observa la pantalla del panel de control durante el arranque. El c\u00f3digo de la versi\u00f3n aparece brevemente en pantalla en el formato VERSION C#.# L#.# &#8211; como se muestra en la foto de abajo. Si tu versi\u00f3n coincide con la lista de compatibles anterior, est\u00e1s listo para hacer el pedido.<\/p>\n<ol>\n<li class=\"whitespace-normal break-words pl-2\">Enciende el dispositivo Philips Zoom.<\/li>\n<li class=\"whitespace-normal break-words pl-2\">Observa la pantalla del panel de control durante la secuencia de arranque.<\/li>\n<li class=\"whitespace-normal break-words pl-2\">F\u00edjate en el c\u00f3digo de versi\u00f3n que aparece &#8211; formato: VERSI\u00d3N C#.# L#.#<\/li>\n<li class=\"whitespace-normal break-words pl-2\">Comp\u00e1ralo con las versiones compatibles indicadas anteriormente.<\/li>\n<\/ol>    <\/div>\n<\/div>\n<!-- \/module text --><!-- module template_part -->\n<div  class=\"module module-layout-part tb_8nix22 \">\n    <div class=\"tb_layout_part_wrap tf_w\"><!--themify_builder_content-->\n    <div  class=\"themify_builder_content themify_builder_content-2430 themify_builder not_editable_builder in_the_loop\" data-postid=\"2430\">\n                        <div  data-lazy=\"1\" class=\"module_row themify_builder_row tb_zeal902 tf_w\">\n                        <div class=\"row_inner col_align_top tb_col_count_1 tf_box tf_rel\">\n                        <div  data-lazy=\"1\" class=\"module_column tb-column col-full tb_kjrv404 first\">\n                    <!-- module buttons -->\n<div  class=\"module module-buttons tb_v54x409 buttons-horizontal solid   rounded\" data-lazy=\"1\">\n        <div class=\"module-buttons-item tf_in_flx\">\n                        <a href=\"https:\/\/www.infinite-whitening.com\/shop\/\" class=\"ui builder_button tf_in_flx blue\" >\n                                                View Products &amp; Order                                        <\/a>\n                <\/div>\n            <\/div>\n<!-- \/module buttons -->\n        <\/div>\n                        <\/div>\n        <\/div>\n            <\/div>\n<!--\/themify_builder_content--><\/div>\n<\/div>\n<!-- \/module template_part -->        <\/div>\n                        <\/div>\n        <\/div>\n                        <div  data-lazy=\"1\" class=\"module_row themify_builder_row tb_5qxx641 tf_w\">\n                        <div class=\"row_inner col_align_top tb_col_count_1 tf_box tf_rel\">\n                        <div  data-lazy=\"1\" class=\"module_column tb-column col-full tb_l6ov641 first\">\n                    <!-- module text -->\n<div  class=\"module module-text tb_kmo9320   \" data-lazy=\"1\">\n        <div  class=\"tb_text_wrap\">\n        <h2>Comprobaci\u00f3n de compatibilidad<\/h2>    <\/div>\n<\/div>\n<!-- \/module text -->        <\/div>\n                        <\/div>\n        <\/div>\n                        <div  data-lazy=\"1\" class=\"module_row themify_builder_row tb_osyx34 tf_w\">\n                        <div class=\"row_inner col_align_top tb_col_count_1 tf_box tf_rel\">\n                        <div  data-lazy=\"1\" class=\"module_column tb-column col-full tb_ygbh34 first\">\n                    <!-- module image -->\n<div  class=\"module module-image tb_6iul325 image-top rounded  tf_mw\" data-lazy=\"1\">\n        <div class=\"image-wrap tf_rel tf_mw\">\n            <img loading=\"lazy\" decoding=\"async\" width=\"1500\" height=\"844\" src=\"https:\/\/www.infinite-whitening.com\/wp-content\/uploads\/2026\/04\/PHOTO-2023-04-27-10-50-09.jpg\" class=\"wp-post-image wp-image-3042\" title=\"Philips Zoom control panel displaying VERSION code during startup sequence\" alt=\"El panel de control del Zoom Philips muestra el c\u00f3digo VERSION durante la secuencia de arranque\" srcset=\"https:\/\/www.infinite-whitening.com\/wp-content\/uploads\/2026\/04\/PHOTO-2023-04-27-10-50-09.jpg 1500w, https:\/\/www.infinite-whitening.com\/wp-content\/uploads\/2026\/04\/PHOTO-2023-04-27-10-50-09-300x169.jpg 300w, https:\/\/www.infinite-whitening.com\/wp-content\/uploads\/2026\/04\/PHOTO-2023-04-27-10-50-09-1024x576.jpg 1024w, https:\/\/www.infinite-whitening.com\/wp-content\/uploads\/2026\/04\/PHOTO-2023-04-27-10-50-09-768x432.jpg 768w, https:\/\/www.infinite-whitening.com\/wp-content\/uploads\/2026\/04\/PHOTO-2023-04-27-10-50-09-600x338.jpg 600w\" sizes=\"auto, (max-width: 1500px) 100vw, 1500px\" \/>    \n        <\/div>\n    <!-- \/image-wrap -->\n    \n        <\/div>\n<!-- \/module image -->        <\/div>\n                        <\/div>\n        <\/div>\n                        <div  data-lazy=\"1\" class=\"module_row themify_builder_row tb_x6u8526 tf_w\">\n                        <div class=\"row_inner col_align_top tb_col_count_1 tf_box tf_rel\">\n                        <div  data-lazy=\"1\" class=\"module_column tb-column col-full tb_ssj8526 first\">\n                    <!-- module text -->\n<div  class=\"module module-text tb_1m5d982   \" data-lazy=\"1\">\n        <div  class=\"tb_text_wrap\">\n        <h2>\u00bfNo est\u00e1s seguro de tu modelo?<\/h2>\n<p>Si no puedes identificar el c\u00f3digo de versi\u00f3n durante el arranque, env\u00eda una foto de tu panel de control<br>Philips Zoom por WhatsApp. La compatibilidad se confirmar\u00e1<br>en cuesti\u00f3n de horas, antes de que realices el pedido. <\/p>    <\/div>\n<\/div>\n<!-- \/module text -->        <div  data-lazy=\"1\" class=\"module_subrow themify_builder_sub_row tf_w col_align_top tb_col_count_1 tb_n0j7405\">\n                <div  data-lazy=\"1\" class=\"module_column sub_column col-full tb_wamt405 first\">\n                    <!-- module text -->\n<div  class=\"module module-text tb_nu0p902   \" data-lazy=\"1\">\n        <div  class=\"tb_text_wrap\">\n        <h2>\u00bfQu\u00e9 ocurre despu\u00e9s de confirmar la compatibilidad?<\/h2>\n<h3>S\u00f3lo tarjeta<\/h3>\n<p>La tarjeta chip sola, que t\u00fa mismo montas en una gu\u00eda de luz usada existente.<br>Te llevar\u00e1 unos minutos y te ahorrar\u00e1 un coste adicional. Se incluyen instrucciones de instalaci\u00f3n<br>y v\u00eddeo. <\/p>\n<h3>Tarjeta + gu\u00eda de luz<\/h3>\n<p>El chip viene premontado en una gu\u00eda de luz, listo para enchufar inmediatamente.<br>No requiere instalaci\u00f3n. Ambas versiones tienen 10 a\u00f1os de garant\u00eda<br>y 30 d\u00edas de garant\u00eda de devoluci\u00f3n del dinero. <\/p>    <\/div>\n<\/div>\n<!-- \/module text -->        <\/div>\n                    <\/div>\n        <!-- module template_part -->\n<div  class=\"module module-layout-part tb_ecb6748 \">\n    <div class=\"tb_layout_part_wrap tf_w\"><!--themify_builder_content-->\n    <div  class=\"themify_builder_content themify_builder_content-2430 themify_builder not_editable_builder in_the_loop\" data-postid=\"2430\">\n                        <div  data-lazy=\"1\" class=\"module_row themify_builder_row tb_zeal902 tf_w\">\n                        <div class=\"row_inner col_align_top tb_col_count_1 tf_box tf_rel\">\n                        <div  data-lazy=\"1\" class=\"module_column tb-column col-full tb_kjrv404 first\">\n                    <!-- module buttons -->\n<div  class=\"module module-buttons tb_v54x409 buttons-horizontal solid   rounded\" data-lazy=\"1\">\n        <div class=\"module-buttons-item tf_in_flx\">\n                        <a href=\"https:\/\/www.infinite-whitening.com\/shop\/\" class=\"ui builder_button tf_in_flx blue\" >\n                                                View Products &amp; Order                                        <\/a>\n                <\/div>\n            <\/div>\n<!-- \/module buttons -->\n        <\/div>\n                        <\/div>\n        <\/div>\n            <\/div>\n<!--\/themify_builder_content--><\/div>\n<\/div>\n<!-- \/module template_part -->        <\/div>\n                        <\/div>\n        <\/div>\n        <\/div>\n<!--\/themify_builder_content-->","protected":false},"excerpt":{"rendered":"<p>Infinite Whitening es compatible con Philips Zoom WhiteSpeed (4\u00aa generaci\u00f3n) y Philips Zoom Advanced Power \/ Power Plus (3\u00aa generaci\u00f3n). Cualquier aparato Philips Zoom fabricado despu\u00e9s de 2010 es compatible. Comprueba la compatibilidad de tu Philips Zoom. Modelos compatibles \u00daltima generaci\u00f3n Philips Zoom WhiteSpeed Compatible C2.3 L2.3C2.3 L2.5y todas las versiones m\u00e1s recientes Generaci\u00f3n anterior [&hellip;]<\/p>\n","protected":false},"author":1,"featured_media":0,"parent":0,"menu_order":0,"comment_status":"closed","ping_status":"closed","template":"","meta":{"footnotes":""},"class_list":["post-3043","page","type-page","status-publish","hentry","has-post-title","has-post-date","has-post-category","has-post-tag","has-post-comment","has-post-author",""],"builder_content":"<p>Infinite Whitening es compatible con Philips Zoom WhiteSpeed (4\u00aa generaci\u00f3n) y Philips Zoom Advanced Power \/ Power Plus (3\u00aa generaci\u00f3n). Cualquier aparato Philips Zoom fabricado despu\u00e9s de 2010 es compatible. Comprueba la compatibilidad de tu Philips Zoom.<\/p>\n<h2>Modelos compatibles<\/h2>\n<img src=\"https:\/\/www.infinite-whitening.com\/wp-content\/uploads\/2026\/04\/G4r1.webp\" height=\"220\" title=\"G4r1\" alt=\"El panel de control Philips Zoom WhiteSpeed muestra VERSION C0.8 L0.8 durante el arranque\" srcset=\"https:\/\/www.infinite-whitening.com\/wp-content\/uploads\/2026\/04\/G4r1.webp 900w, https:\/\/www.infinite-whitening.com\/wp-content\/uploads\/2026\/04\/G4r1-225x300.webp 225w, https:\/\/www.infinite-whitening.com\/wp-content\/uploads\/2026\/04\/G4r1-768x1024.webp 768w, https:\/\/www.infinite-whitening.com\/wp-content\/uploads\/2026\/04\/G4r1-600x800.webp 600w\" sizes=\"(max-width: 900px) 100vw, 900px\" \/>\n<p style=\"font-size: 11px;text-transform: uppercase;letter-spacing: 0.06em;color: #888;margin: 0 0 6px\">\u00daltima generaci\u00f3n<\/p> <h3 style=\"font-size: 16px;font-weight: 600;margin: 0 0 10px\">Philips Zoom WhiteSpeed<\/h3> <p>Compatible<\/p> <p style=\"font-size: 13px;color: #666;margin: 0\">C2.3 L2.3<br>C2.3 L2.5<br>y todas las versiones m\u00e1s recientes<\/p>\n<img src=\"https:\/\/www.infinite-whitening.com\/wp-content\/uploads\/2026\/04\/G3r1.webp\" height=\"220\" title=\"G3r1\" alt=\"El panel de control Philips Zoom WhiteSpeed muestra VERSION C0.8 L0.8 durante el arranque\" srcset=\"https:\/\/www.infinite-whitening.com\/wp-content\/uploads\/2026\/04\/G3r1.webp 900w, https:\/\/www.infinite-whitening.com\/wp-content\/uploads\/2026\/04\/G3r1-225x300.webp 225w, https:\/\/www.infinite-whitening.com\/wp-content\/uploads\/2026\/04\/G3r1-768x1024.webp 768w, https:\/\/www.infinite-whitening.com\/wp-content\/uploads\/2026\/04\/G3r1-600x800.webp 600w\" sizes=\"(max-width: 900px) 100vw, 900px\" \/>\n<p style=\"font-size: 11px;letter-spacing: 0.06em;color: #888;margin: 0 0 6px;text-transform: uppercase\">Generaci\u00f3n anterior<\/p> <h3 style=\"font-size: 16px;font-weight: 600;margin: 0 0 10px\">Philips Zoom Avanzado Power \/ Power Plus<\/h3> <p>Compatible<\/p> <p style=\"font-size: 13px;color: #666;margin: 0\">C0.8 L0.8<br>C0.9 L0.9<br>y todas las versiones posteriores<\/p>\n<img src=\"https:\/\/www.infinite-whitening.com\/wp-content\/uploads\/2026\/04\/G1r1.webp\" height=\"220\" title=\"G1r1\" alt=\"El Philips Zoom de 1\u00aa generaci\u00f3n no es compatible con el chip Infinite Whitening\" srcset=\"https:\/\/www.infinite-whitening.com\/wp-content\/uploads\/2026\/04\/G1r1.webp 900w, https:\/\/www.infinite-whitening.com\/wp-content\/uploads\/2026\/04\/G1r1-225x300.webp 225w, https:\/\/www.infinite-whitening.com\/wp-content\/uploads\/2026\/04\/G1r1-768x1024.webp 768w, https:\/\/www.infinite-whitening.com\/wp-content\/uploads\/2026\/04\/G1r1-600x800.webp 600w\" sizes=\"(max-width: 900px) 100vw, 900px\" \/>\n<p style=\"font-size: 11px;letter-spacing: 0.06em;color: #888;margin: 0 0 6px;text-transform: uppercase\">Generaci\u00f3n obsoleta<\/p> <h3 style=\"font-size: 16px;font-weight: 600;margin: 0 0 10px\">Philips Zoom<\/h3> <p>No compatible<\/p> <p style=\"font-size: 13px;color: #666;margin: 0\">C1.8 <\/p>\n<h2>C\u00f3mo encontrar la versi\u00f3n de tu modelo<\/h2> <p>Enciende tu aparato Philips Zoom y observa la pantalla del panel de control durante el arranque. El c\u00f3digo de la versi\u00f3n aparece brevemente en pantalla en el formato VERSION C#.# L#.# - como se muestra en la foto de abajo. Si tu versi\u00f3n coincide con la lista de compatibles anterior, est\u00e1s listo para hacer el pedido.<\/p> <ol> <li>Enciende el dispositivo Philips Zoom.<\/li> <li>Observa la pantalla del panel de control durante la secuencia de arranque.<\/li> <li>F\u00edjate en el c\u00f3digo de versi\u00f3n que aparece - formato: VERSI\u00d3N C#.# L#.#<\/li> <li>Comp\u00e1ralo con las versiones compatibles indicadas anteriormente.<\/li> <\/ol>\n<h2>Comprobaci\u00f3n de compatibilidad<\/h2>\n<img src=\"https:\/\/www.infinite-whitening.com\/wp-content\/uploads\/2026\/04\/PHOTO-2023-04-27-10-50-09.jpg\" title=\"Philips Zoom control panel displaying VERSION code during startup sequence\" alt=\"El panel de control del Zoom Philips muestra el c\u00f3digo VERSION durante la secuencia de arranque\" srcset=\"https:\/\/www.infinite-whitening.com\/wp-content\/uploads\/2026\/04\/PHOTO-2023-04-27-10-50-09.jpg 1500w, https:\/\/www.infinite-whitening.com\/wp-content\/uploads\/2026\/04\/PHOTO-2023-04-27-10-50-09-300x169.jpg 300w, https:\/\/www.infinite-whitening.com\/wp-content\/uploads\/2026\/04\/PHOTO-2023-04-27-10-50-09-1024x576.jpg 1024w, https:\/\/www.infinite-whitening.com\/wp-content\/uploads\/2026\/04\/PHOTO-2023-04-27-10-50-09-768x432.jpg 768w, https:\/\/www.infinite-whitening.com\/wp-content\/uploads\/2026\/04\/PHOTO-2023-04-27-10-50-09-600x338.jpg 600w\" sizes=\"(max-width: 1500px) 100vw, 1500px\" \/>\n<h2>\u00bfNo est\u00e1s seguro de tu modelo?<\/h2> <p>Si no puedes identificar el c\u00f3digo de versi\u00f3n durante el arranque, env\u00eda una foto de tu panel de control<br>Philips Zoom por WhatsApp. La compatibilidad se confirmar\u00e1<br>en cuesti\u00f3n de horas, antes de que realices el pedido. <\/p>\n<h2>\u00bfQu\u00e9 ocurre despu\u00e9s de confirmar la compatibilidad?<\/h2> <h3>S\u00f3lo tarjeta<\/h3> <p>La tarjeta chip sola, que t\u00fa mismo montas en una gu\u00eda de luz usada existente.<br>Te llevar\u00e1 unos minutos y te ahorrar\u00e1 un coste adicional. Se incluyen instrucciones de instalaci\u00f3n<br>y v\u00eddeo. <\/p> <h3>Tarjeta + gu\u00eda de luz<\/h3> <p>El chip viene premontado en una gu\u00eda de luz, listo para enchufar inmediatamente.<br>No requiere instalaci\u00f3n. Ambas versiones tienen 10 a\u00f1os de garant\u00eda<br>y 30 d\u00edas de garant\u00eda de devoluci\u00f3n del dinero. <\/p>","_links":{"self":[{"href":"https:\/\/www.infinite-whitening.com\/es\/wp-json\/wp\/v2\/pages\/3043","targetHints":{"allow":["GET"]}}],"collection":[{"href":"https:\/\/www.infinite-whitening.com\/es\/wp-json\/wp\/v2\/pages"}],"about":[{"href":"https:\/\/www.infinite-whitening.com\/es\/wp-json\/wp\/v2\/types\/page"}],"author":[{"embeddable":true,"href":"https:\/\/www.infinite-whitening.com\/es\/wp-json\/wp\/v2\/users\/1"}],"replies":[{"embeddable":true,"href":"https:\/\/www.infinite-whitening.com\/es\/wp-json\/wp\/v2\/comments?post=3043"}],"version-history":[{"count":3,"href":"https:\/\/www.infinite-whitening.com\/es\/wp-json\/wp\/v2\/pages\/3043\/revisions"}],"predecessor-version":[{"id":3057,"href":"https:\/\/www.infinite-whitening.com\/es\/wp-json\/wp\/v2\/pages\/3043\/revisions\/3057"}],"wp:attachment":[{"href":"https:\/\/www.infinite-whitening.com\/es\/wp-json\/wp\/v2\/media?parent=3043"}],"curies":[{"name":"wp","href":"https:\/\/api.w.org\/{rel}","templated":true}]}}