{"id":1721,"date":"2023-05-31T16:30:10","date_gmt":"2023-05-31T13:30:10","guid":{"rendered":"https:\/\/www.infinite-whitening.com\/product\/la-guia-de-la-luz\/"},"modified":"2026-04-17T16:14:19","modified_gmt":"2026-04-17T13:14:19","slug":"la-guia-de-la-luz","status":"publish","type":"product","link":"https:\/\/www.infinite-whitening.com\/es\/la-guia-de-la-luz\/","title":{"rendered":"Philips Zoom Gu\u00eda de Luz 15.000 Sesiones &#8211; Infinite Whitening"},"content":{"rendered":"<p>El chip de blanqueamiento infinito montado en el cabezal te ahorrar\u00e1 tiempo. El chip de blanqueamiento infinito llega montado en un cabezal. Puedes conectarlo inmediatamente a tu aparato Philips Zoom y encenderlo.  <\/p>\n<p>Como sabes, Philips Zoom reduce los 4 derechos de uso en uno por cada uso, de 4\/4 a 0\/4. y te pide que compres un nuevo cabezal. Tus 4 derechos de uso (normalmente incluso 1 paciente puede utilizarlos todos), aparece en la pantalla el aviso \u201cSustituir gu\u00eda\u201d y te pide que instales un nuevo cabezal. \u00a1\u00a1\u00a1Este punto es exactamente el momento en que necesitas un blanqueamiento infinito !!! Cuando quites el cabezal viejo y te pongas uno nuevo de blanqueamiento infinito, ya no tendr\u00e1s que comprar un cabezal nuevo. A partir de ahora, podr\u00e1s atender a miles de pacientes con el mismo cabezal. Siempre tendremos 4\/4 de uso.<\/p>\n<p>La CPU de nueva generaci\u00f3n utilizada en infinite-white aporta mayor velocidad, mayor estabilidad y mayor duraci\u00f3n.<\/p>\n<p>El producto blanqueador Infinite est\u00e1 100% LIBRE DE PLOMO.<\/p>\n<p>Todas las fichas se prueban a fondo antes de su lanzamiento. Durante 60 d\u00edas tienes derecho a devoluci\u00f3n. Si no est\u00e1s satisfecho por cualquier motivo, puedes devolver el producto.  <\/p>\n<p>Si consigues el chip, puedes ver c\u00f3mo fijarlo a la cabecera en nuestro v\u00eddeo <a href=\"https:\/\/www.youtube.com\/@infinite.whitening\/featured\" target=\"_blank\" rel=\"noopener\">de YouTube<\/a>. Los v\u00eddeos se actualizan cuando se lanza un nuevo producto. <\/p>\n<p><a href=\"https:\/\/www.infinite-whitening.com\/es\/contacta-con-nosotros\/\">Puedes escribirnos<\/a> para cualquier cosa que quieras preguntarnos. Tambi\u00e9n puedes utilizar la mensajer\u00eda en l\u00ednea que aparece en la pantalla o nuestra l\u00ednea de WhatsApp +44 7852 731811. <\/p>\n<!--themify_builder_content-->\n<div id=\"themify_builder_content-1721\" data-postid=\"1721\" class=\"themify_builder_content themify_builder_content-1721 themify_builder tf_clear\">\n                    <div  data-lazy=\"1\" class=\"module_row themify_builder_row tb_ouu7967 tb_first tf_w\">\n                        <div class=\"row_inner col_align_top tb_col_count_3 tf_box tf_rel\">\n                        <div  data-lazy=\"1\" class=\"module_column tb-column col3-1 tb_top3967 first\">\n                    <!-- module image -->\n<div  class=\"module module-image tb_wmop666 image-top   tf_mw\" data-lazy=\"1\">\n        <div class=\"image-wrap tf_rel tf_mw\">\n            <img loading=\"lazy\" decoding=\"async\" width=\"466\" height=\"370\" src=\"https:\/\/www.infinite-whitening.com\/wp-content\/uploads\/2026\/04\/10-years-warranty.webp\" class=\"wp-post-image wp-image-2980\" title=\"10 years warranty\" alt=\"10 years warranty\" srcset=\"https:\/\/www.infinite-whitening.com\/wp-content\/uploads\/2026\/04\/10-years-warranty.webp 466w, https:\/\/www.infinite-whitening.com\/wp-content\/uploads\/2026\/04\/10-years-warranty-300x238.webp 300w\" sizes=\"auto, (max-width: 466px) 100vw, 466px\" \/>    \n        <\/div>\n    <!-- \/image-wrap -->\n    \n        <\/div>\n<!-- \/module image -->        <\/div>\n                    <div  data-lazy=\"1\" class=\"module_column tb-column col3-1 tb_uj6h447\">\n                    <!-- module image -->\n<div  class=\"module module-image tb_0kv1184 image-top   tf_mw\" data-lazy=\"1\">\n        <div class=\"image-wrap tf_rel tf_mw\">\n            <img loading=\"lazy\" decoding=\"async\" width=\"482\" height=\"374\" src=\"https:\/\/www.infinite-whitening.com\/wp-content\/uploads\/2026\/04\/Fast-Delivery.webp\" class=\"wp-post-image wp-image-2981\" title=\"Fast Delivery\" alt=\"Fast Delivery\" srcset=\"https:\/\/www.infinite-whitening.com\/wp-content\/uploads\/2026\/04\/Fast-Delivery.webp 482w, https:\/\/www.infinite-whitening.com\/wp-content\/uploads\/2026\/04\/Fast-Delivery-300x233.webp 300w\" sizes=\"auto, (max-width: 482px) 100vw, 482px\" \/>    \n        <\/div>\n    <!-- \/image-wrap -->\n    \n        <\/div>\n<!-- \/module image -->        <\/div>\n                    <div  data-lazy=\"1\" class=\"module_column tb-column col3-1 tb_0vpo447 last\">\n                    <!-- module image -->\n<div  class=\"module module-image tb_5gbt138 image-top   tf_mw\" data-lazy=\"1\">\n        <div class=\"image-wrap tf_rel tf_mw\">\n            <img loading=\"lazy\" decoding=\"async\" width=\"395\" height=\"383\" src=\"https:\/\/www.infinite-whitening.com\/wp-content\/uploads\/2026\/04\/30-days-money-back-guarantee.webp\" class=\"wp-post-image wp-image-2982\" title=\"30 days money back guarantee\" alt=\"30 days money back guarantee\" srcset=\"https:\/\/www.infinite-whitening.com\/wp-content\/uploads\/2026\/04\/30-days-money-back-guarantee.webp 395w, https:\/\/www.infinite-whitening.com\/wp-content\/uploads\/2026\/04\/30-days-money-back-guarantee-300x291.webp 300w\" sizes=\"auto, (max-width: 395px) 100vw, 395px\" \/>    \n        <\/div>\n    <!-- \/image-wrap -->\n    \n        <\/div>\n<!-- \/module image -->        <\/div>\n                        <\/div>\n        <\/div>\n        <\/div>\n<!--\/themify_builder_content-->","protected":false},"excerpt":{"rendered":"<p>Consigue una soluci\u00f3n de gu\u00eda de luz Philips Zoom de 15.000 sesiones. Una unidad = 15.000 usos, instalaci\u00f3n plug-and-play. 10 a\u00f1os de garant\u00eda y 30 d\u00edas de devoluci\u00f3n del dinero.  <\/p>\n","protected":false},"featured_media":1725,"comment_status":"closed","ping_status":"closed","template":"","meta":[],"product_brand":[],"product_cat":[74],"product_tag":[],"class_list":{"0":"post-1721","1":"product","2":"type-product","3":"status-publish","4":"has-post-thumbnail","6":"product_cat-chip-y-cabezal","7":"has-post-title","8":"has-post-date","9":"has-post-category","10":"has-post-tag","11":"has-post-comment","12":"has-post-author","13":"","15":"first","16":"instock","17":"sale","18":"shipping-taxable","19":"purchasable","20":"product-type-simple"},"builder_content":"<img src=\"https:\/\/www.infinite-whitening.com\/wp-content\/uploads\/2026\/04\/10-years-warranty.webp\" title=\"10 years warranty\" alt=\"10 years warranty\" srcset=\"https:\/\/www.infinite-whitening.com\/wp-content\/uploads\/2026\/04\/10-years-warranty.webp 466w, https:\/\/www.infinite-whitening.com\/wp-content\/uploads\/2026\/04\/10-years-warranty-300x238.webp 300w\" sizes=\"(max-width: 466px) 100vw, 466px\" \/>\n<img src=\"https:\/\/www.infinite-whitening.com\/wp-content\/uploads\/2026\/04\/Fast-Delivery.webp\" title=\"Fast Delivery\" alt=\"Fast Delivery\" srcset=\"https:\/\/www.infinite-whitening.com\/wp-content\/uploads\/2026\/04\/Fast-Delivery.webp 482w, https:\/\/www.infinite-whitening.com\/wp-content\/uploads\/2026\/04\/Fast-Delivery-300x233.webp 300w\" sizes=\"(max-width: 482px) 100vw, 482px\" \/>\n<img src=\"https:\/\/www.infinite-whitening.com\/wp-content\/uploads\/2026\/04\/30-days-money-back-guarantee.webp\" title=\"30 days money back guarantee\" alt=\"30 days money back guarantee\" srcset=\"https:\/\/www.infinite-whitening.com\/wp-content\/uploads\/2026\/04\/30-days-money-back-guarantee.webp 395w, https:\/\/www.infinite-whitening.com\/wp-content\/uploads\/2026\/04\/30-days-money-back-guarantee-300x291.webp 300w\" sizes=\"(max-width: 395px) 100vw, 395px\" \/>","_links":{"self":[{"href":"https:\/\/www.infinite-whitening.com\/es\/wp-json\/wp\/v2\/product\/1721","targetHints":{"allow":["GET"]}}],"collection":[{"href":"https:\/\/www.infinite-whitening.com\/es\/wp-json\/wp\/v2\/product"}],"about":[{"href":"https:\/\/www.infinite-whitening.com\/es\/wp-json\/wp\/v2\/types\/product"}],"replies":[{"embeddable":true,"href":"https:\/\/www.infinite-whitening.com\/es\/wp-json\/wp\/v2\/comments?post=1721"}],"wp:featuredmedia":[{"embeddable":true,"href":"https:\/\/www.infinite-whitening.com\/es\/wp-json\/wp\/v2\/media\/1725"}],"wp:attachment":[{"href":"https:\/\/www.infinite-whitening.com\/es\/wp-json\/wp\/v2\/media?parent=1721"}],"wp:term":[{"taxonomy":"product_brand","embeddable":true,"href":"https:\/\/www.infinite-whitening.com\/es\/wp-json\/wp\/v2\/product_brand?post=1721"},{"taxonomy":"product_cat","embeddable":true,"href":"https:\/\/www.infinite-whitening.com\/es\/wp-json\/wp\/v2\/product_cat?post=1721"},{"taxonomy":"product_tag","embeddable":true,"href":"https:\/\/www.infinite-whitening.com\/es\/wp-json\/wp\/v2\/product_tag?post=1721"}],"curies":[{"name":"wp","href":"https:\/\/api.w.org\/{rel}","templated":true}]}}