{"id":1747,"date":"2023-05-31T16:30:10","date_gmt":"2023-05-31T13:30:10","guid":{"rendered":"https:\/\/www.infinite-whitening.com\/product\/der-chip\/"},"modified":"2026-04-17T16:18:47","modified_gmt":"2026-04-17T13:18:47","slug":"der-chip","status":"publish","type":"product","link":"https:\/\/www.infinite-whitening.com\/es\/der-chip\/","title":{"rendered":"M\u00f3dulo de activaci\u00f3n Philips Zoom &#8211; 15.000 sesiones para tu gu\u00eda de luz | Infinite Whitening"},"content":{"rendered":"<p>como un chip de blanqueamiento infinito. Puedes ahorrar a\u00fan m\u00e1s dinero acoplando el chip a un cabezal que ya tengas. El proceso de instalaci\u00f3n es muy sencillo. Si quieres ver c\u00f3mo se instala, s\u00f3lo tienes que ver <a href=\"https:\/\/www.infinite-whitening.com\/#Installation\">el v\u00eddeo<\/a> y leer el manual de usuario. infinite-whitening te proporcionar\u00e1 ahora un uso ilimitado SIN COMPRAR UN NUEVO GORRO. Te olvidar\u00e1s del mensaje \u201cSustituir Gu\u00eda\u201d. Siempre tendr\u00e1s derechos de uso 4\/4. El proceso de montaje es muy sencillo. S\u00f3lo necesitas un cabezal usado. Puedes ver c\u00f3mo es mirando el <a title=\"Blanqueamiento ilimitado para tu dispositivo Philips Zoom.\" href=\"https:\/\/www.infinite-whitening.com\/#Installation\">v\u00eddeo<\/a> de la p\u00e1gina de inicio. S\u00f3lo tardar\u00e1s 5 minutos en instalar el chip. Sin embargo, si lo deseas, puedes ahorrar tiempo haciendo el pedido <a href=\"https:\/\/www.infinite-whitening.com\/es\/producto\/la-guia-de-la-luz\/\">con un cabezal montado con chip de blanqueamiento infinito<\/a>ya preparado.           <\/p>\n<p>Como sabes, Philips Zoom reduce los 4 derechos de uso en uno por cada uso, de 4\/4 a 0\/4. y te pide que compres un nuevo cabezal. Tus 4 derechos de uso (normalmente incluso 1 paciente puede utilizarlos todos), aparece en la pantalla el aviso \u201cSustituir gu\u00eda\u201d y te pide que instales un nuevo cabezal. \u00a1\u00a1\u00a1Este punto es exactamente el momento en que necesitas un blanqueamiento infinito !!! Cuando quites el cabezal viejo y te pongas uno nuevo de blanqueamiento infinito, ya no tendr\u00e1s que comprar un cabezal nuevo. A partir de ahora, podr\u00e1s atender a miles de pacientes con el mismo cabezal. Siempre tendremos 4\/4 de uso.<\/p>\n<p>La CPU de nueva generaci\u00f3n utilizada en infinite-white aporta mayor velocidad, mayor estabilidad y mayor duraci\u00f3n.<\/p>\n<p>El producto blanqueador Infinite est\u00e1 100% LIBRE DE PLOMO.<\/p>\n<p>Todas las fichas se prueban a fondo antes de su lanzamiento. Durante 60 d\u00edas tienes derecho a devoluci\u00f3n. Si no est\u00e1s satisfecho por cualquier motivo, puedes devolver el producto.  <\/p>\n<p>Si consigues el chip, puedes ver c\u00f3mo fijarlo a la cabecera en nuestro v\u00eddeo <a href=\"https:\/\/www.youtube.com\/@infinite.whitening\/featured\" target=\"_blank\" rel=\"noopener\">de YouTube<\/a>. Los v\u00eddeos se actualizan cuando se lanza un nuevo producto. <\/p>\n<p><a href=\"https:\/\/www.infinite-whitening.com\/es\/contacta-con-nosotros\/\">Puedes escribirnos<\/a> para cualquier cosa que quieras preguntarnos. Tambi\u00e9n puedes utilizar la mensajer\u00eda en l\u00ednea que aparece en la pantalla o nuestra l\u00ednea de WhatsApp +44 7852 731811. <\/p>\n<!--themify_builder_content-->\n<div id=\"themify_builder_content-1747\" data-postid=\"1747\" class=\"themify_builder_content themify_builder_content-1747 themify_builder tf_clear\">\n                    <div  data-lazy=\"1\" class=\"module_row themify_builder_row tb_bg49896 tb_first tf_w\">\n                        <div class=\"row_inner col_align_top tb_col_count_3 tf_box tf_rel\">\n                        <div  data-lazy=\"1\" class=\"module_column tb-column col3-1 tb_v60i896 first\">\n                    <!-- module image -->\n<div  class=\"module module-image tb_a4uv215 image-top   tf_mw\" data-lazy=\"1\">\n        <div class=\"image-wrap tf_rel tf_mw\">\n            <img loading=\"lazy\" decoding=\"async\" width=\"466\" height=\"370\" src=\"https:\/\/www.infinite-whitening.com\/wp-content\/uploads\/2026\/04\/10-years-warranty.webp\" class=\"wp-post-image wp-image-2980\" title=\"10 years warranty\" alt=\"10 years warranty\" srcset=\"https:\/\/www.infinite-whitening.com\/wp-content\/uploads\/2026\/04\/10-years-warranty.webp 466w, https:\/\/www.infinite-whitening.com\/wp-content\/uploads\/2026\/04\/10-years-warranty-300x238.webp 300w\" sizes=\"auto, (max-width: 466px) 100vw, 466px\" \/>    \n        <\/div>\n    <!-- \/image-wrap -->\n    \n        <\/div>\n<!-- \/module image -->        <\/div>\n                    <div  data-lazy=\"1\" class=\"module_column tb-column col3-1 tb_0qdp255\">\n                    <!-- module image -->\n<div  class=\"module module-image tb_zekp425 image-top   tf_mw\" data-lazy=\"1\">\n        <div class=\"image-wrap tf_rel tf_mw\">\n            <img loading=\"lazy\" decoding=\"async\" width=\"482\" height=\"374\" src=\"https:\/\/www.infinite-whitening.com\/wp-content\/uploads\/2026\/04\/Fast-Delivery.webp\" class=\"wp-post-image wp-image-2981\" title=\"Fast Delivery\" alt=\"Fast Delivery\" srcset=\"https:\/\/www.infinite-whitening.com\/wp-content\/uploads\/2026\/04\/Fast-Delivery.webp 482w, https:\/\/www.infinite-whitening.com\/wp-content\/uploads\/2026\/04\/Fast-Delivery-300x233.webp 300w\" sizes=\"auto, (max-width: 482px) 100vw, 482px\" \/>    \n        <\/div>\n    <!-- \/image-wrap -->\n    \n        <\/div>\n<!-- \/module image -->        <\/div>\n                    <div  data-lazy=\"1\" class=\"module_column tb-column col3-1 tb_9hxp255 last\">\n                    <!-- module image -->\n<div  class=\"module module-image tb_pdcw363 image-top   tf_mw\" data-lazy=\"1\">\n        <div class=\"image-wrap tf_rel tf_mw\">\n            <img loading=\"lazy\" decoding=\"async\" width=\"395\" height=\"383\" src=\"https:\/\/www.infinite-whitening.com\/wp-content\/uploads\/2026\/04\/30-days-money-back-guarantee.webp\" class=\"wp-post-image wp-image-2982\" title=\"30 days money back guarantee\" alt=\"30 days money back guarantee\" srcset=\"https:\/\/www.infinite-whitening.com\/wp-content\/uploads\/2026\/04\/30-days-money-back-guarantee.webp 395w, https:\/\/www.infinite-whitening.com\/wp-content\/uploads\/2026\/04\/30-days-money-back-guarantee-300x291.webp 300w\" sizes=\"auto, (max-width: 395px) 100vw, 395px\" \/>    \n        <\/div>\n    <!-- \/image-wrap -->\n    \n        <\/div>\n<!-- \/module image -->        <\/div>\n                        <\/div>\n        <\/div>\n        <\/div>\n<!--\/themify_builder_content-->","protected":false},"excerpt":{"rendered":"<p>El m\u00f3dulo de activaci\u00f3n Infinite Whitening Philips Zoom proporciona a tu gu\u00eda de luz actual 15.000 sesiones. F\u00e1cil de montar, 100% compatible, sin plomo. 10 a\u00f1os de garant\u00eda.  <\/p>\n","protected":false},"featured_media":1749,"comment_status":"closed","ping_status":"closed","template":"","meta":[],"product_brand":[],"product_cat":[77],"product_tag":[],"class_list":{"0":"post-1747","1":"product","2":"type-product","3":"status-publish","4":"has-post-thumbnail","6":"product_cat-chip","7":"has-post-title","8":"has-post-date","9":"has-post-category","10":"has-post-tag","11":"has-post-comment","12":"has-post-author","13":"","15":"first","16":"instock","17":"shipping-taxable","18":"purchasable","19":"product-type-simple"},"builder_content":"<img src=\"https:\/\/www.infinite-whitening.com\/wp-content\/uploads\/2026\/04\/10-years-warranty.webp\" title=\"10 years warranty\" alt=\"10 years warranty\" srcset=\"https:\/\/www.infinite-whitening.com\/wp-content\/uploads\/2026\/04\/10-years-warranty.webp 466w, https:\/\/www.infinite-whitening.com\/wp-content\/uploads\/2026\/04\/10-years-warranty-300x238.webp 300w\" sizes=\"(max-width: 466px) 100vw, 466px\" \/>\n<img src=\"https:\/\/www.infinite-whitening.com\/wp-content\/uploads\/2026\/04\/Fast-Delivery.webp\" title=\"Fast Delivery\" alt=\"Fast Delivery\" srcset=\"https:\/\/www.infinite-whitening.com\/wp-content\/uploads\/2026\/04\/Fast-Delivery.webp 482w, https:\/\/www.infinite-whitening.com\/wp-content\/uploads\/2026\/04\/Fast-Delivery-300x233.webp 300w\" sizes=\"(max-width: 482px) 100vw, 482px\" \/>\n<img src=\"https:\/\/www.infinite-whitening.com\/wp-content\/uploads\/2026\/04\/30-days-money-back-guarantee.webp\" title=\"30 days money back guarantee\" alt=\"30 days money back guarantee\" srcset=\"https:\/\/www.infinite-whitening.com\/wp-content\/uploads\/2026\/04\/30-days-money-back-guarantee.webp 395w, https:\/\/www.infinite-whitening.com\/wp-content\/uploads\/2026\/04\/30-days-money-back-guarantee-300x291.webp 300w\" sizes=\"(max-width: 395px) 100vw, 395px\" \/>","_links":{"self":[{"href":"https:\/\/www.infinite-whitening.com\/es\/wp-json\/wp\/v2\/product\/1747","targetHints":{"allow":["GET"]}}],"collection":[{"href":"https:\/\/www.infinite-whitening.com\/es\/wp-json\/wp\/v2\/product"}],"about":[{"href":"https:\/\/www.infinite-whitening.com\/es\/wp-json\/wp\/v2\/types\/product"}],"replies":[{"embeddable":true,"href":"https:\/\/www.infinite-whitening.com\/es\/wp-json\/wp\/v2\/comments?post=1747"}],"wp:featuredmedia":[{"embeddable":true,"href":"https:\/\/www.infinite-whitening.com\/es\/wp-json\/wp\/v2\/media\/1749"}],"wp:attachment":[{"href":"https:\/\/www.infinite-whitening.com\/es\/wp-json\/wp\/v2\/media?parent=1747"}],"wp:term":[{"taxonomy":"product_brand","embeddable":true,"href":"https:\/\/www.infinite-whitening.com\/es\/wp-json\/wp\/v2\/product_brand?post=1747"},{"taxonomy":"product_cat","embeddable":true,"href":"https:\/\/www.infinite-whitening.com\/es\/wp-json\/wp\/v2\/product_cat?post=1747"},{"taxonomy":"product_tag","embeddable":true,"href":"https:\/\/www.infinite-whitening.com\/es\/wp-json\/wp\/v2\/product_tag?post=1747"}],"curies":[{"name":"wp","href":"https:\/\/api.w.org\/{rel}","templated":true}]}}