{"id":1669,"date":"2023-06-06T16:04:29","date_gmt":"2023-06-06T13:04:29","guid":{"rendered":"https:\/\/www.infinite-whitening.com\/contactez-nous\/"},"modified":"2026-04-18T15:08:32","modified_gmt":"2026-04-18T12:08:32","slug":"contactez-nous","status":"publish","type":"page","link":"https:\/\/www.infinite-whitening.com\/fr\/contactez-nous\/","title":{"rendered":"Contactez nous"},"content":{"rendered":"<!--themify_builder_content-->\n<div id=\"themify_builder_content-1669\" data-postid=\"1669\" class=\"themify_builder_content themify_builder_content-1669 themify_builder tf_clear\">\n                    <div  data-lazy=\"1\" class=\"module_row themify_builder_row tb_ddtw295 tb_first tf_w\">\n                        <div class=\"row_inner col_align_top tb_col_count_1 tf_box tf_rel\">\n                        <div  data-lazy=\"1\" class=\"module_column tb-column col-full tb_p9b3295 first\">\n                    <!-- module contact -->\n<div  id=\"tb_c81g326\" class=\"module module-contact tb_c81g326 contact-style3 \" data-lazy=\"1\">\n    <h3 class=\"module-title\">Contact<\/h3>\n\t<form class=\"builder-contact\"\n\t\tid=\"tb_c81g326-form\"\n\t\tmethod=\"post\"\n\t\tdata-post-id=\"1669\"\n\t\tdata-element-id=\"c81g326\"\n\t\tdata-orig-id=\"1669\"\n\t>\n    <div class=\"contact-message\"><\/div>\n\t<input type=\"hidden\" id=\"bc_nonce\" name=\"bc_nonce\" value=\"1f58652e5f\" \/><input type=\"hidden\" name=\"_wp_http_referer\" value=\"\/fr\/wp-json\/wp\/v2\/pages\/1669\" \/>\t<div class=\"builder-contact-fields tf_rel\">\n\t\t    \t\t    \t\t    <div class=\"builder-contact-field builder-contact-field-extra builder-contact-select-field\">\n\t\t\t\t\n\t\t\t\t<label class=\"control-label\" for=\"field_extra_tb_c81g326_0\">\n\t\t\t\t\t\n\t\t\t\t\tS\u00e9lectionnez une option :\t\t\t\t\t\t\t\t\t\t\t<input type=\"hidden\" name=\"field_extra_name_0\" value=\"S\u00e9lectionnez une option :\">\n\t\t\t\t\t\t\t\t\t\t\t<span class=\"required\">*<\/span>\n\t\t\t\t\t\t\t\t\t<\/label>\n\t\t\t\t<div class=\"control-input tf_rel\">\n\t\t\t\t\t\t\t\t\t\t\t\t\t\t\t\t\t\t<select id=\"field_extra_tb_c81g326_0\" name=\"field_extra_0\" class=\"form-control tf_scrollbar\" required>\n\t\t\t\t\t\t\t\t\t\t\t\t\t\t\t\t\t\t\t\t\t\t\t\t\t<option value=\"Questions g\u00e9n\u00e9rales\"> Questions g\u00e9n\u00e9rales <\/option>\n\t\t\t\t\t\t\t\t\t\t\t\t\t\t\t\t\t<option value=\"Services \u00e0 la client\u00e8le\"> Services \u00e0 la client\u00e8le <\/option>\n\t\t\t\t\t\t\t\t\t\t\t\t\t\t\t\t\t<option value=\"Support technique\"> Support technique <\/option>\n\t\t\t\t\t\t\t\t\t\t\t\t\t\t\t\t\t<option value=\"Commandes\"> Commandes <\/option>\n\t\t\t\t\t\t\t\t\t\t\t\t\t\t\t\t\t<option value=\"Exp\u00e9dition et suivi\"> Exp\u00e9dition et suivi <\/option>\n\t\t\t\t\t\t\t\t\t\t\t\t\t\t\t\t\t<option value=\"Autre\"> Autre <\/option>\n\t\t\t\t\t\t\t\t\t\t\t\t\t\t\t<\/select>\n\t\t\t\t\t\t\t\t\t\t\t\n\t\t\t\t\t\t\t\t\t<\/div>\n\t\t    <\/div>\n\t    \n\t\t    \t\t    <div class=\"builder-contact-field builder-contact-field-name builder-contact-text-field\">\n\t\t\t    <label class=\"control-label\" for=\"tb_c81g326-contact-name\">\n\t\t\t\t\t\t\t\t\t\t<span class=\"tb-label-span\">Nom <\/span><span class=\"required\">*<\/span>\t\t\t\t<\/label>\n\t\t\t    <div class=\"control-input tf_rel\">\n\t\t\t\t    \t\t\t\t\t    <input type=\"text\" name=\"contact-name\" placeholder=\"\" id=\"tb_c81g326-contact-name\" value=\"\" class=\"form-control\" required>\n\t\t\t\t    \t\t\t\t    \t\t\t    <\/div>\n\t\t<\/div>\n\t    \n\t\t    \t\t    <div class=\"builder-contact-field builder-contact-field-email builder-contact-text-field\">\n\t\t\t    <label class=\"control-label\" for=\"tb_c81g326-contact-email\">\n\t\t\t\t\t\t\t\t\t\t<span class=\"tb-label-span\">Courriel <\/span><span class=\"required\">*<\/span>\t\t\t\t<\/label>\n\t\t\t    <div class=\"control-input tf_rel\">\n\t\t\t\t    \t\t\t\t\t    <input type=\"email\" name=\"contact-email\" placeholder=\"\" id=\"tb_c81g326-contact-email\" value=\"\" class=\"form-control\" required>\n\t\t\t\t    \t\t\t\t    \t\t\t    <\/div>\n\t\t<\/div>\n\t    \n\t\t    \t\t    <div class=\"builder-contact-field builder-contact-field-subject builder-contact-text-field\">\n\t\t\t    <label class=\"control-label\" for=\"tb_c81g326-contact-subject\">\n\t\t\t\t\t\t\t\t\t\t<span class=\"tb-label-span\">Sujet <\/span><span class=\"required\">*<\/span>\t\t\t\t<\/label>\n\t\t\t    <div class=\"control-input tf_rel\">\n\t\t\t\t    \t\t\t\t\t    <input type=\"text\" name=\"contact-subject\" placeholder=\"\" id=\"tb_c81g326-contact-subject\" value=\"\" class=\"form-control\" required>\n\t\t\t\t    \t\t\t\t    \t\t\t    <\/div>\n\t\t<\/div>\n\t    \n\t\t    \t\t    <div class=\"builder-contact-field builder-contact-field-message builder-contact-textarea-field\">\n\t\t\t    <label class=\"control-label\" for=\"tb_c81g326-contact-message\">\n\t\t\t\t\t\t\t\t\t\t<span class=\"tb-label-span\">Message <\/span>\t\t\t\t<\/label>\n\t\t\t    <div class=\"control-input tf_rel\">\n\t\t\t\t    \t\t\t\t\t    <textarea name=\"contact-message\" placeholder=\"\" id=\"tb_c81g326-contact-message\" class=\"form-control\"><\/textarea>\n\t\t\t\t    \t\t\t\t    \t\t\t    <\/div>\n\t\t<\/div>\n\t    \n\t\t    \t\t\n\t\t\n\t    \n\t    <div class=\"builder-contact-field builder-contact-field-send control-input tf_textl tf_clear tf_rel\">\n\t\t\t<button type=\"submit\" class=\"btn btn-primary\">\n\t\t\t\t<span class=\"tf_loader\"><\/span>\t\t\t\t<span class=\"tf_submit_icon\"><\/span> \n\t\t\t\tEnvoyer\t\t\t<\/button>\n\t    <\/div>\n\t<\/div>\n    <\/form>\n    <\/div>\n<!-- \/module contact -->\n        <\/div>\n                        <\/div>\n        <\/div>\n                        <div  data-lazy=\"1\" class=\"module_row themify_builder_row tb_kvr534 tf_w\">\n                        <div class=\"row_inner col_align_top tb_col_count_1 tf_box tf_rel\">\n                        <div  data-lazy=\"1\" class=\"module_column tb-column col-full tb_g3ra34 first\">\n                    <!-- module text -->\n<div  class=\"module module-text tb_gkwo722   \" data-lazy=\"1\">\n        <div  class=\"tb_text_wrap\">\n        <p>Address: A\u011eSAN Sanayi Sitesi, Ey\u00fcp Sultan, Aktar Sk. No:2-H, 34885 Sancaktepe\/\u0130stanbul, T\u00fcrkiye <\/p>    <\/div>\n<\/div>\n<!-- \/module text -->        <\/div>\n                        <\/div>\n        <\/div>\n                        <div  data-lazy=\"1\" class=\"module_row themify_builder_row tb_zvbr574 tf_w\">\n                        <div class=\"row_inner col_align_top tb_col_count_1 tf_box tf_rel\">\n                        <div  data-lazy=\"1\" class=\"module_column tb-column col-full tb_e95h574 first\">\n                    <!-- module text -->\n<div  class=\"module module-text tb_ntbn464   \" data-lazy=\"1\">\n        <div  class=\"tb_text_wrap\">\n        <p>Phone: +447853731722<\/p>    <\/div>\n<\/div>\n<!-- \/module text -->        <\/div>\n                        <\/div>\n        <\/div>\n                        <div  data-lazy=\"1\" class=\"module_row themify_builder_row tb_0wd0367 tf_w\">\n                        <div class=\"row_inner col_align_top tb_col_count_1 tf_box tf_rel\">\n                        <div  data-lazy=\"1\" class=\"module_column tb-column col-full tb_ua5p368 first\">\n                    <!-- module plain text -->\n<div  class=\"module module-plain-text tb_s79g702 \" data-lazy=\"1\">\n        <div class=\"tb_text_wrap\">\n    <div id=\"contact-email\">\n  <span>L&rsquo;adresse postale \u00e9lectronique est utilis\u00e9e en JavaScript.<\/span>\n<\/div>\n\n\n  (function() {\n    \n    var user = \u00ab\u00a0support\u00a0\u00bb;\n    var domain = \u00ab\u00a0infinite-whitening\u00a0\u00bb;\n    var tld = \u00ab\u00a0com\u00a0\u00bb;\n    \n    var fullEmail = user + \u00ab\u00a0@\u00a0\u00bb + domain + \u00ab\u00a0.\u00a0\u00bb + tld;\n    var container = document.getElementById(\u00ab\u00a0contact-email\u00a0\u00bb);\n    \n    \/\/ Ekrana t\u0131klanabilir link olarak bas\n    container.innerHTML = &lsquo;<a href=\"mailto:' + fullEmail + '\">&lsquo; + fullEmail + &lsquo;<\/a>&lsquo;;\n  })();\n    <\/div>\n<\/div>\n<!-- \/module plain text -->        <\/div>\n                        <\/div>\n        <\/div>\n        <\/div>\n<!--\/themify_builder_content-->","protected":false},"excerpt":{"rendered":"<p>Contact S\u00e9lectionnez une option : * Questions g\u00e9n\u00e9rales Services \u00e0 la client\u00e8le Support technique Commandes Exp\u00e9dition et suivi Autre Nom * Courriel * Sujet * Message Envoyer Address: A\u011eSAN Sanayi Sitesi, Ey\u00fcp Sultan, Aktar Sk. No:2-H, 34885 Sancaktepe\/\u0130stanbul, T\u00fcrkiye Phone: +447853731722 L&rsquo;adresse postale \u00e9lectronique est utilis\u00e9e en JavaScript. (function() { var user = \u00ab\u00a0support\u00a0\u00bb; var [&hellip;]<\/p>\n","protected":false},"author":1,"featured_media":0,"parent":0,"menu_order":0,"comment_status":"closed","ping_status":"closed","template":"","meta":{"footnotes":""},"class_list":["post-1669","page","type-page","status-publish","hentry","has-post-title","has-post-date","has-post-category","has-post-tag","has-post-comment","has-post-author",""],"builder_content":"<h3>Contact<\/h3> <form id=\"tb_c81g326-form\" method=\"post\" data-post-id=\"0\" data-element-id=\"c81g326\" data-orig-id=\"1669\" > <input type=\"hidden\" id=\"bc_nonce\" name=\"bc_nonce\" value=\"1f58652e5f\" \/><input type=\"hidden\" name=\"_wp_http_referer\" value=\"\/fr\/wp-json\/wp\/v2\/pages\/1669\" \/> <label for=\"field_extra_tb_c81g326_0\"> S\u00e9lectionnez une option : <input type=\"hidden\" name=\"field_extra_name_0\" value=\"S\u00e9lectionnez une option :\"> * <\/label> <select id=\"field_extra_tb_c81g326_0\" name=\"field_extra_0\" required> <option value=\"Questions g\u00e9n\u00e9rales\"> Questions g\u00e9n\u00e9rales <\/option> <option value=\"Services \u00e0 la client\u00e8le\"> Services \u00e0 la client\u00e8le <\/option> <option value=\"Support technique\"> Support technique <\/option> <option value=\"Commandes\"> Commandes <\/option> <option value=\"Exp\u00e9dition et suivi\"> Exp\u00e9dition et suivi <\/option> <option value=\"Autre\"> Autre <\/option> <\/select> <label for=\"tb_c81g326-contact-name\"> Nom * <\/label> <input type=\"text\" name=\"contact-name\" placeholder=\"\" id=\"tb_c81g326-contact-name\" value=\"\" required> <label for=\"tb_c81g326-contact-email\"> Courriel * <\/label> <input type=\"email\" name=\"contact-email\" placeholder=\"\" id=\"tb_c81g326-contact-email\" value=\"\" required> <label for=\"tb_c81g326-contact-subject\"> Sujet * <\/label> <input type=\"text\" name=\"contact-subject\" placeholder=\"\" id=\"tb_c81g326-contact-subject\" value=\"\" required> <label for=\"tb_c81g326-contact-message\"> Message <\/label> <textarea name=\"contact-message\" placeholder=\"\" id=\"tb_c81g326-contact-message\"><\/textarea> <button type=\"submit\"> Envoyer <\/button> <\/form>\n<p>Address: A\u011eSAN Sanayi Sitesi, Ey\u00fcp Sultan, Aktar Sk. No:2-H, 34885 Sancaktepe\/\u0130stanbul, T\u00fcrkiye <\/p>\n<p>Phone: +447853731722<\/p>\nL'adresse postale \u00e9lectronique est utilis\u00e9e en JavaScript.\n (function() { var user = \"support\"; var domain = \"infinite-whitening\"; var tld = \"com\"; var fullEmail = user + \"@\" + domain + \".\" + tld; var container = document.getElementById(\"contact-email\"); \/\/ Ekrana t\u0131klanabilir link olarak bas container.innerHTML = '<a href=\"mailto:' + fullEmail + '\">' + fullEmail + '<\/a>'; })();","_links":{"self":[{"href":"https:\/\/www.infinite-whitening.com\/fr\/wp-json\/wp\/v2\/pages\/1669","targetHints":{"allow":["GET"]}}],"collection":[{"href":"https:\/\/www.infinite-whitening.com\/fr\/wp-json\/wp\/v2\/pages"}],"about":[{"href":"https:\/\/www.infinite-whitening.com\/fr\/wp-json\/wp\/v2\/types\/page"}],"author":[{"embeddable":true,"href":"https:\/\/www.infinite-whitening.com\/fr\/wp-json\/wp\/v2\/users\/1"}],"replies":[{"embeddable":true,"href":"https:\/\/www.infinite-whitening.com\/fr\/wp-json\/wp\/v2\/comments?post=1669"}],"version-history":[{"count":4,"href":"https:\/\/www.infinite-whitening.com\/fr\/wp-json\/wp\/v2\/pages\/1669\/revisions"}],"predecessor-version":[{"id":3117,"href":"https:\/\/www.infinite-whitening.com\/fr\/wp-json\/wp\/v2\/pages\/1669\/revisions\/3117"}],"wp:attachment":[{"href":"https:\/\/www.infinite-whitening.com\/fr\/wp-json\/wp\/v2\/media?parent=1669"}],"curies":[{"name":"wp","href":"https:\/\/api.w.org\/{rel}","templated":true}]}}