{"id":1686,"date":"2023-06-03T13:44:02","date_gmt":"2023-06-03T10:44:02","guid":{"rendered":"https:\/\/www.infinite-whitening.com\/politique-de-remboursement-et-de-retour\/"},"modified":"2025-06-19T13:29:36","modified_gmt":"2025-06-19T10:29:36","slug":"politique-de-remboursement-et-de-retour","status":"publish","type":"page","link":"https:\/\/www.infinite-whitening.com\/fr\/politique-de-remboursement-et-de-retour\/","title":{"rendered":"Politique de remboursement et de retour"},"content":{"rendered":"\n<p><\/p>\n\n<p><\/p><h3>Overview<\/h3>\n\n<p>Notre politique de remboursement et de retour dure 30 jours. Si 30 jours se sont \u00e9coul\u00e9s depuis votre achat, nous ne pouvons pas vous offrir un remboursement complet ou un \u00e9change. <\/p>\n\n<p>Pour pouvoir \u00eatre retourn\u00e9, votre article doit \u00eatre dans le m\u00eame \u00e9tat que celui dans lequel vous l&rsquo;avez re\u00e7u. Il doit \u00e9galement \u00eatre dans son emballage d&rsquo;origine. <\/p>\n\n<p>Pour compl\u00e9ter votre retour, nous avons besoin d&rsquo;un courriel de votre part d\u00e9crivant la raison.<\/p>\n\n<p><\/p>\n\n<p>Dans certaines situations, seuls des remboursements partiels sont accord\u00e9s :<\/p>\n\n<ul class=\"wp-block-list\">\n<li>Tout article qui n&rsquo;est pas dans son \u00e9tat d&rsquo;origine, qui est endommag\u00e9 ou auquel il manque des pi\u00e8ces pour des raisons qui ne sont pas dues \u00e0 une erreur de notre part.<\/li>\n\n\n\n<li>Tout article retourn\u00e9 plus de 30 jours apr\u00e8s sa livraison<\/li>\n<\/ul>\n\n<p><\/p><h2>Remboursements<\/h2>\n\n<p>Une fois votre retour re\u00e7u et inspect\u00e9, nous vous enverrons un courrier \u00e9lectronique pour vous informer que nous avons re\u00e7u votre article retourn\u00e9. Nous vous informerons \u00e9galement de l&rsquo;approbation ou du refus de votre remboursement. <\/p>\n\n<p>Si votre demande est accept\u00e9e, votre remboursement sera trait\u00e9 et un cr\u00e9dit sera automatiquement appliqu\u00e9 \u00e0 votre carte de cr\u00e9dit ou \u00e0 votre mode de paiement initial, dans un d\u00e9lai de quelques jours.<\/p>\n\n<p><b>Remboursements tardifs ou manquants<\/b><\/p>\n\n<p>Si vous n&rsquo;avez pas encore re\u00e7u de remboursement, v\u00e9rifiez d&rsquo;abord votre compte bancaire.<\/p>\n\n<p>Contactez ensuite la soci\u00e9t\u00e9 \u00e9mettrice de votre carte de cr\u00e9dit, car il peut s&rsquo;\u00e9couler un certain temps avant que votre remboursement ne soit officiellement comptabilis\u00e9.<\/p>\n\n<p>Contactez ensuite votre banque. Il y a souvent un d\u00e9lai de traitement avant que le remboursement ne soit comptabilis\u00e9. <\/p>\n\n<p>Si vous avez fait tout cela et que vous n&rsquo;avez toujours pas re\u00e7u votre remboursement, veuillez nous contacter \u00e0 l&rsquo;adresse orders@infinite-whitening.com.<\/p>\n\n<p><\/p>\n\n<p><\/p>\n\n<p>Nous ne rempla\u00e7ons les articles que s&rsquo;ils sont d\u00e9fectueux ou endommag\u00e9s. Si vous souhaitez l&rsquo;\u00e9changer contre le m\u00eame article, envoyez-nous un e-mail \u00e0 orders@infinite-whitening.com et envoyez votre article \u00e0 infinite-whitening. L&rsquo;adresse de l&rsquo;entrep\u00f4t le plus proche vous sera communiqu\u00e9e.  <\/p>\n\n<p><\/p>\n\n<p><\/p>\n\n<p>Pour retourner votre produit, vous devez l&rsquo;envoyer \u00e0 infinite-whitening dans son emballage d&rsquo;origine.<\/p>\n\n<p>Il vous incombe de payer les frais d&rsquo;exp\u00e9dition pour le retour de votre article. Les frais d&rsquo;exp\u00e9dition ne sont pas remboursables. Si vous recevez un remboursement, les frais de retour seront d\u00e9duits de votre remboursement.  <\/p>\n\n<p>Le d\u00e9lai de livraison du produit \u00e9chang\u00e9 peut varier en fonction de votre lieu de r\u00e9sidence.<\/p>\n\n<p>Si vous retournez des articles plus co\u00fbteux, vous pouvez envisager d&rsquo;utiliser un service d&rsquo;exp\u00e9dition avec suivi ou de souscrire une assurance d&rsquo;exp\u00e9dition. Nous ne garantissons pas que nous recevrons l&rsquo;article retourn\u00e9. <\/p>\n\n<p><\/p>\n\n<p>Contactez-nous \u00e0 l&rsquo;adresse orders@infinite-whitening.com pour toute question relative aux remboursements et aux retours.<\/p>\n<!-- wp:themify-builder\/canvas \/-->","protected":false},"excerpt":{"rendered":"<p>Overview Notre politique de remboursement et de retour dure 30 jours. Si 30 jours se sont \u00e9coul\u00e9s depuis votre achat, nous ne pouvons pas vous offrir un remboursement complet ou un \u00e9change. Pour pouvoir \u00eatre retourn\u00e9, votre article doit \u00eatre dans le m\u00eame \u00e9tat que celui dans lequel vous l&rsquo;avez re\u00e7u. Il doit \u00e9galement \u00eatre [&hellip;]<\/p>\n","protected":false},"author":1,"featured_media":0,"parent":0,"menu_order":0,"comment_status":"closed","ping_status":"closed","template":"","meta":{"footnotes":""},"class_list":["post-1686","page","type-page","status-publish","hentry","has-post-title","has-post-date","has-post-category","has-post-tag","has-post-comment","has-post-author",""],"builder_content":"","_links":{"self":[{"href":"https:\/\/www.infinite-whitening.com\/fr\/wp-json\/wp\/v2\/pages\/1686","targetHints":{"allow":["GET"]}}],"collection":[{"href":"https:\/\/www.infinite-whitening.com\/fr\/wp-json\/wp\/v2\/pages"}],"about":[{"href":"https:\/\/www.infinite-whitening.com\/fr\/wp-json\/wp\/v2\/types\/page"}],"author":[{"embeddable":true,"href":"https:\/\/www.infinite-whitening.com\/fr\/wp-json\/wp\/v2\/users\/1"}],"replies":[{"embeddable":true,"href":"https:\/\/www.infinite-whitening.com\/fr\/wp-json\/wp\/v2\/comments?post=1686"}],"version-history":[{"count":1,"href":"https:\/\/www.infinite-whitening.com\/fr\/wp-json\/wp\/v2\/pages\/1686\/revisions"}],"predecessor-version":[{"id":1687,"href":"https:\/\/www.infinite-whitening.com\/fr\/wp-json\/wp\/v2\/pages\/1686\/revisions\/1687"}],"wp:attachment":[{"href":"https:\/\/www.infinite-whitening.com\/fr\/wp-json\/wp\/v2\/media?parent=1686"}],"curies":[{"name":"wp","href":"https:\/\/api.w.org\/{rel}","templated":true}]}}