{"id":1699,"date":"2024-01-12T17:57:27","date_gmt":"2024-01-12T14:57:27","guid":{"rendered":"https:\/\/www.infinite-whitening.com\/merci-davoir-fait-vos-achats\/"},"modified":"2026-03-24T11:13:15","modified_gmt":"2026-03-24T08:13:15","slug":"merci-davoir-fait-vos-achats","status":"publish","type":"page","link":"https:\/\/www.infinite-whitening.com\/fr\/merci-davoir-fait-vos-achats\/","title":{"rendered":"Merci d&rsquo;avoir fait vos achats"},"content":{"rendered":"<!--themify_builder_content-->\n<div id=\"themify_builder_content-1699\" data-postid=\"1699\" class=\"themify_builder_content themify_builder_content-1699 themify_builder tf_clear\">\n                    <div  data-lazy=\"1\" class=\"module_row themify_builder_row tb_8dn4846 tb_first tf_w\">\n                        <div class=\"row_inner col_align_top tb_col_count_1 tf_box tf_rel\">\n                        <div  data-lazy=\"1\" class=\"module_column tb-column col-full tb_4kdn846 first\">\n                    <!-- module text -->\n<div  class=\"module module-text tb_gsv9804   \" data-lazy=\"1\">\n    <h3 class=\"module-title\">Merci d'avoir fait affaire avec nous<\/h3>    <div  class=\"tb_text_wrap\">\n        <p>Votre article sera bient\u00f4t exp\u00e9di\u00e9.<\/p>    <\/div>\n<\/div>\n<!-- \/module text -->        <\/div>\n                        <\/div>\n        <\/div>\n        <\/div>\n<!--\/themify_builder_content-->","protected":false},"excerpt":{"rendered":"<p>Votre article sera bient\u00f4t exp\u00e9di\u00e9.<\/p>\n","protected":false},"author":1,"featured_media":0,"parent":0,"menu_order":0,"comment_status":"closed","ping_status":"closed","template":"","meta":{"footnotes":""},"class_list":["post-1699","page","type-page","status-publish","hentry","has-post-title","has-post-date","has-post-category","has-post-tag","has-post-comment","has-post-author",""],"builder_content":"<h3>Merci d'avoir fait affaire avec nous<\/h3> <p>Votre article sera bient\u00f4t exp\u00e9di\u00e9.<\/p>","_links":{"self":[{"href":"https:\/\/www.infinite-whitening.com\/fr\/wp-json\/wp\/v2\/pages\/1699","targetHints":{"allow":["GET"]}}],"collection":[{"href":"https:\/\/www.infinite-whitening.com\/fr\/wp-json\/wp\/v2\/pages"}],"about":[{"href":"https:\/\/www.infinite-whitening.com\/fr\/wp-json\/wp\/v2\/types\/page"}],"author":[{"embeddable":true,"href":"https:\/\/www.infinite-whitening.com\/fr\/wp-json\/wp\/v2\/users\/1"}],"replies":[{"embeddable":true,"href":"https:\/\/www.infinite-whitening.com\/fr\/wp-json\/wp\/v2\/comments?post=1699"}],"version-history":[{"count":5,"href":"https:\/\/www.infinite-whitening.com\/fr\/wp-json\/wp\/v2\/pages\/1699\/revisions"}],"predecessor-version":[{"id":2122,"href":"https:\/\/www.infinite-whitening.com\/fr\/wp-json\/wp\/v2\/pages\/1699\/revisions\/2122"}],"wp:attachment":[{"href":"https:\/\/www.infinite-whitening.com\/fr\/wp-json\/wp\/v2\/media?parent=1699"}],"curies":[{"name":"wp","href":"https:\/\/api.w.org\/{rel}","templated":true}]}}