{"id":1722,"date":"2023-05-31T16:30:10","date_gmt":"2023-05-31T13:30:10","guid":{"rendered":"https:\/\/www.infinite-whitening.com\/product\/le-guide-de-la-lumiere\/"},"modified":"2026-04-17T16:14:46","modified_gmt":"2026-04-17T13:14:46","slug":"le-guide-de-la-lumiere","status":"publish","type":"product","link":"https:\/\/www.infinite-whitening.com\/fr\/le-guide-de-la-lumiere\/","title":{"rendered":"Philips Zoom Light Guide 15.000 s\u00e9ances &#8211; Infinite Whitening"},"content":{"rendered":"<p>Une puce d \u00ab \u00e9claircissement infini mont\u00e9e sur la t\u00eate vous fera gagner du temps. La puce d \u00bb \u00e9claircissement infini est livr\u00e9e mont\u00e9e sur une t\u00eate. Vous pouvez imm\u00e9diatement la brancher sur votre appareil Philips Zoom et la mettre en marche.  <\/p>\n<p>Comme vous le savez, Philips Zoom r\u00e9duit les 4 droits d&rsquo;utilisation d&rsquo;une unit\u00e9 pour chaque utilisation, de 4\/4 \u00e0 0\/4, et vous demande d&rsquo;acheter un nouveau harnais. Lorsque vous avez \u00e9puis\u00e9 vos 4 droits d&rsquo;utilisation (en g\u00e9n\u00e9ral, m\u00eame un seul patient peut les utiliser tous), l&rsquo;avertissement \u00ab\u00a0Remplacer le guide\u00a0\u00bb appara\u00eet \u00e0 l&rsquo;\u00e9cran et vous demande d&rsquo;installer une nouvelle t\u00eate. C&rsquo;est exactement le moment o\u00f9 vous avez besoin d&rsquo;un blanchiment infini ! Lorsque vous enlevez l&rsquo;ancien capuchon et que vous mettez un nouveau capuchon \u00e0 blanchiment infini, vous n&rsquo;avez plus besoin d&rsquo;acheter un nouveau capuchon. D\u00e9sormais, vous pourrez servir des milliers de patients avec la m\u00eame t\u00eate. Nous aurons toujours une utilisation 4\/4.<\/p>\n<p>La nouvelle g\u00e9n\u00e9ration de CPU utilis\u00e9e dans infinite-white apporte une plus grande vitesse, une plus grande stabilit\u00e9 et une plus longue dur\u00e9e de vie.<\/p>\n<p>Le produit Infinite-whitening est 100% SANS PLOMB.<\/p>\n<p>Toutes les puces sont test\u00e9es minutieusement avant d \u00ab \u00eatre mises sur le march\u00e9. Pendant 60 jours, vous avez droit \u00e0 un remboursement. Si vous n \u00bb \u00eates pas satisfait pour quelque raison que ce soit, vous pouvez renvoyer le produit.  <\/p>\n<p>Si vous obtenez la puce, vous pouvez voir comment la fixer \u00e0 l&rsquo;en-t\u00eate dans notre vid\u00e9o <a href=\"https:\/\/www.youtube.com\/@infinite.whitening\/featured\" target=\"_blank\" rel=\"noopener\">YouTube<\/a>. Les vid\u00e9os sont mises \u00e0 jour lorsqu&rsquo;un nouveau produit est commercialis\u00e9. <\/p>\n<p><a href=\"https:\/\/www.infinite-whitening.com\/fr\/contactez-nous\/\">Vous pouvez nous \u00e9crire<\/a> pour toute question. Vous pouvez \u00e9galement utiliser la messagerie en ligne sur l&rsquo;\u00e9cran ou notre ligne WhatsApp +44 7852 731811. <\/p>\n<!--themify_builder_content-->\n<div id=\"themify_builder_content-1722\" data-postid=\"1722\" class=\"themify_builder_content themify_builder_content-1722 themify_builder tf_clear\">\n                    <div  data-lazy=\"1\" class=\"module_row themify_builder_row tb_ouu7967 tb_first tf_w\">\n                        <div class=\"row_inner col_align_top tb_col_count_3 tf_box tf_rel\">\n                        <div  data-lazy=\"1\" class=\"module_column tb-column col3-1 tb_top3967 first\">\n                    <!-- module image -->\n<div  class=\"module module-image tb_wmop666 image-top   tf_mw\" data-lazy=\"1\">\n        <div class=\"image-wrap tf_rel tf_mw\">\n            <img loading=\"lazy\" decoding=\"async\" width=\"466\" height=\"370\" src=\"https:\/\/www.infinite-whitening.com\/wp-content\/uploads\/2026\/04\/10-years-warranty.webp\" class=\"wp-post-image wp-image-2984\" title=\"10 years warranty\" alt=\"10 years warranty\" srcset=\"https:\/\/www.infinite-whitening.com\/wp-content\/uploads\/2026\/04\/10-years-warranty.webp 466w, https:\/\/www.infinite-whitening.com\/wp-content\/uploads\/2026\/04\/10-years-warranty-300x238.webp 300w\" sizes=\"auto, (max-width: 466px) 100vw, 466px\" \/>    \n        <\/div>\n    <!-- \/image-wrap -->\n    \n        <\/div>\n<!-- \/module image -->        <\/div>\n                    <div  data-lazy=\"1\" class=\"module_column tb-column col3-1 tb_uj6h447\">\n                    <!-- module image -->\n<div  class=\"module module-image tb_0kv1184 image-top   tf_mw\" data-lazy=\"1\">\n        <div class=\"image-wrap tf_rel tf_mw\">\n            <img loading=\"lazy\" decoding=\"async\" width=\"482\" height=\"374\" src=\"https:\/\/www.infinite-whitening.com\/wp-content\/uploads\/2026\/04\/Fast-Delivery.webp\" class=\"wp-post-image wp-image-2985\" title=\"Fast Delivery\" alt=\"Fast Delivery\" srcset=\"https:\/\/www.infinite-whitening.com\/wp-content\/uploads\/2026\/04\/Fast-Delivery.webp 482w, https:\/\/www.infinite-whitening.com\/wp-content\/uploads\/2026\/04\/Fast-Delivery-300x233.webp 300w\" sizes=\"auto, (max-width: 482px) 100vw, 482px\" \/>    \n        <\/div>\n    <!-- \/image-wrap -->\n    \n        <\/div>\n<!-- \/module image -->        <\/div>\n                    <div  data-lazy=\"1\" class=\"module_column tb-column col3-1 tb_0vpo447 last\">\n                    <!-- module image -->\n<div  class=\"module module-image tb_5gbt138 image-top   tf_mw\" data-lazy=\"1\">\n        <div class=\"image-wrap tf_rel tf_mw\">\n            <img loading=\"lazy\" decoding=\"async\" width=\"395\" height=\"383\" src=\"https:\/\/www.infinite-whitening.com\/wp-content\/uploads\/2026\/04\/30-days-money-back-guarantee.webp\" class=\"wp-post-image wp-image-2986\" title=\"30 days money back guarantee\" alt=\"30 days money back guarantee\" srcset=\"https:\/\/www.infinite-whitening.com\/wp-content\/uploads\/2026\/04\/30-days-money-back-guarantee.webp 395w, https:\/\/www.infinite-whitening.com\/wp-content\/uploads\/2026\/04\/30-days-money-back-guarantee-300x291.webp 300w\" sizes=\"auto, (max-width: 395px) 100vw, 395px\" \/>    \n        <\/div>\n    <!-- \/image-wrap -->\n    \n        <\/div>\n<!-- \/module image -->        <\/div>\n                        <\/div>\n        <\/div>\n        <\/div>\n<!--\/themify_builder_content-->","protected":false},"excerpt":{"rendered":"<p>Obtenez une solution Philips Zoom light guide 15.000 sessions. Une unit\u00e9 = 15 000 utilisations, installation plug-and-play. Garantie de 10 ans et garantie de remboursement de 30 jours.  <\/p>\n","protected":false},"featured_media":1737,"comment_status":"closed","ping_status":"closed","template":"","meta":[],"product_brand":[],"product_cat":[75],"product_tag":[],"class_list":{"0":"post-1722","1":"product","2":"type-product","3":"status-publish","4":"has-post-thumbnail","6":"product_cat-puce-et-en-tete","7":"has-post-title","8":"has-post-date","9":"has-post-category","10":"has-post-tag","11":"has-post-comment","12":"has-post-author","13":"","15":"first","16":"instock","17":"sale","18":"shipping-taxable","19":"purchasable","20":"product-type-simple"},"builder_content":"<img src=\"https:\/\/www.infinite-whitening.com\/wp-content\/uploads\/2026\/04\/10-years-warranty.webp\" title=\"10 years warranty\" alt=\"10 years warranty\" srcset=\"https:\/\/www.infinite-whitening.com\/wp-content\/uploads\/2026\/04\/10-years-warranty.webp 466w, https:\/\/www.infinite-whitening.com\/wp-content\/uploads\/2026\/04\/10-years-warranty-300x238.webp 300w\" sizes=\"(max-width: 466px) 100vw, 466px\" \/>\n<img src=\"https:\/\/www.infinite-whitening.com\/wp-content\/uploads\/2026\/04\/Fast-Delivery.webp\" title=\"Fast Delivery\" alt=\"Fast Delivery\" srcset=\"https:\/\/www.infinite-whitening.com\/wp-content\/uploads\/2026\/04\/Fast-Delivery.webp 482w, https:\/\/www.infinite-whitening.com\/wp-content\/uploads\/2026\/04\/Fast-Delivery-300x233.webp 300w\" sizes=\"(max-width: 482px) 100vw, 482px\" \/>\n<img src=\"https:\/\/www.infinite-whitening.com\/wp-content\/uploads\/2026\/04\/30-days-money-back-guarantee.webp\" title=\"30 days money back guarantee\" alt=\"30 days money back guarantee\" srcset=\"https:\/\/www.infinite-whitening.com\/wp-content\/uploads\/2026\/04\/30-days-money-back-guarantee.webp 395w, https:\/\/www.infinite-whitening.com\/wp-content\/uploads\/2026\/04\/30-days-money-back-guarantee-300x291.webp 300w\" sizes=\"(max-width: 395px) 100vw, 395px\" \/>","_links":{"self":[{"href":"https:\/\/www.infinite-whitening.com\/fr\/wp-json\/wp\/v2\/product\/1722","targetHints":{"allow":["GET"]}}],"collection":[{"href":"https:\/\/www.infinite-whitening.com\/fr\/wp-json\/wp\/v2\/product"}],"about":[{"href":"https:\/\/www.infinite-whitening.com\/fr\/wp-json\/wp\/v2\/types\/product"}],"replies":[{"embeddable":true,"href":"https:\/\/www.infinite-whitening.com\/fr\/wp-json\/wp\/v2\/comments?post=1722"}],"wp:featuredmedia":[{"embeddable":true,"href":"https:\/\/www.infinite-whitening.com\/fr\/wp-json\/wp\/v2\/media\/1737"}],"wp:attachment":[{"href":"https:\/\/www.infinite-whitening.com\/fr\/wp-json\/wp\/v2\/media?parent=1722"}],"wp:term":[{"taxonomy":"product_brand","embeddable":true,"href":"https:\/\/www.infinite-whitening.com\/fr\/wp-json\/wp\/v2\/product_brand?post=1722"},{"taxonomy":"product_cat","embeddable":true,"href":"https:\/\/www.infinite-whitening.com\/fr\/wp-json\/wp\/v2\/product_cat?post=1722"},{"taxonomy":"product_tag","embeddable":true,"href":"https:\/\/www.infinite-whitening.com\/fr\/wp-json\/wp\/v2\/product_tag?post=1722"}],"curies":[{"name":"wp","href":"https:\/\/api.w.org\/{rel}","templated":true}]}}