{"id":1744,"date":"2023-05-31T16:30:10","date_gmt":"2023-05-31T13:30:10","guid":{"rendered":"https:\/\/www.infinite-whitening.com\/product\/der-chip\/"},"modified":"2026-04-17T16:15:34","modified_gmt":"2026-04-17T13:15:34","slug":"der-chip","status":"publish","type":"product","link":"https:\/\/www.infinite-whitening.com\/fr\/der-chip\/","title":{"rendered":"Module d&rsquo;activation Philips Zoom &#8211; 15.000 sessions pour votre guide lumineux | Infinite Whitening"},"content":{"rendered":"<p>comme une puce de blanchiment \u00e0 l&rsquo;infini. Vous pouvez \u00e9conomiser encore plus d&rsquo;argent en attachant la puce \u00e0 une t\u00eate que vous poss\u00e9dez d\u00e9j\u00e0. Le processus d&rsquo;installation est tr\u00e8s simple. Si vous voulez voir comment l&rsquo;installer, il vous suffit de regarder <a href=\"https:\/\/www.infinite-whitening.com\/#Installation\">la vid\u00e9o<\/a> et de lire le manuel d&rsquo;utilisation. infinite-whitening vous permettra d\u00e9sormais une utilisation illimit\u00e9e SANS ACHAT D&rsquo;UNE NOUVELLE CASQUETTE. Vous oublierez votre message \u00ab Remplacer le guide \u00bb. Vous aurez toujours un droit d&rsquo;utilisation de 4\/4. Le processus d&rsquo;assemblage est tr\u00e8s simple. Vous n&rsquo;avez besoin que d&rsquo;une seule t\u00eate usag\u00e9e. Vous pouvez voir comment cela se passe en regardant la <a title=\"Blanchiment illimit\u00e9 pour votre appareil Philips Zoom.\" href=\"https:\/\/www.infinite-whitening.com\/#Installation\">vid\u00e9o<\/a> sur la page d&rsquo;accueil. L&rsquo;installation de la puce ne prendra que 5 minutes. Toutefois, si vous le souhaitez, vous pouvez gagner du temps en commandant <a href=\"https:\/\/www.infinite-whitening.com\/fr\/produit\/le-guide-de-la-lumiere\/\">une t\u00eate mont\u00e9e avec une puce de blanchiment infini<\/a>pr\u00eate \u00e0 l&#8217;emploi.           <\/p>\n<p>Comme vous le savez, Philips Zoom r\u00e9duit les 4 droits d&rsquo;utilisation d&rsquo;une unit\u00e9 pour chaque utilisation, de 4\/4 \u00e0 0\/4, et vous demande d&rsquo;acheter un nouveau harnais. Lorsque vous avez \u00e9puis\u00e9 vos 4 droits d&rsquo;utilisation (en g\u00e9n\u00e9ral, m\u00eame un seul patient peut les utiliser tous), l&rsquo;avertissement \u00ab\u00a0Remplacer le guide\u00a0\u00bb appara\u00eet \u00e0 l&rsquo;\u00e9cran et vous demande d&rsquo;installer une nouvelle t\u00eate. C&rsquo;est exactement le moment o\u00f9 vous avez besoin d&rsquo;un blanchiment infini ! Lorsque vous enlevez l&rsquo;ancien capuchon et que vous mettez un nouveau capuchon \u00e0 blanchiment infini, vous n&rsquo;avez plus besoin d&rsquo;acheter un nouveau capuchon. D\u00e9sormais, vous pourrez servir des milliers de patients avec la m\u00eame t\u00eate. Nous aurons toujours une utilisation 4\/4.<\/p>\n<p>La nouvelle g\u00e9n\u00e9ration de CPU utilis\u00e9e dans infinite-white apporte une plus grande vitesse, une plus grande stabilit\u00e9 et une plus longue dur\u00e9e de vie.<\/p>\n<p>Le produit Infinite-whitening est 100% SANS PLOMB.<\/p>\n<p>Toutes les puces sont test\u00e9es minutieusement avant d \u00ab \u00eatre mises sur le march\u00e9. Pendant 60 jours, vous avez droit \u00e0 un remboursement. Si vous n \u00bb \u00eates pas satisfait pour quelque raison que ce soit, vous pouvez renvoyer le produit.  <\/p>\n<p>Si vous obtenez la puce, vous pouvez voir comment la fixer \u00e0 l&rsquo;en-t\u00eate dans notre vid\u00e9o <a href=\"https:\/\/www.youtube.com\/@infinite.whitening\/featured\" target=\"_blank\" rel=\"noopener\">YouTube<\/a>. Les vid\u00e9os sont mises \u00e0 jour lorsqu&rsquo;un nouveau produit est commercialis\u00e9. <\/p>\n<p><a href=\"https:\/\/www.infinite-whitening.com\/fr\/contactez-nous\/\">Vous pouvez nous \u00e9crire<\/a> pour toute question. Vous pouvez \u00e9galement utiliser la messagerie en ligne sur l&rsquo;\u00e9cran ou notre ligne WhatsApp +44 7852 731811. <\/p>\n<!--themify_builder_content-->\n<div id=\"themify_builder_content-1744\" data-postid=\"1744\" class=\"themify_builder_content themify_builder_content-1744 themify_builder tf_clear\">\n                    <div  data-lazy=\"1\" class=\"module_row themify_builder_row tb_bg49896 tb_first tf_w\">\n                        <div class=\"row_inner col_align_top tb_col_count_3 tf_box tf_rel\">\n                        <div  data-lazy=\"1\" class=\"module_column tb-column col3-1 tb_v60i896 first\">\n                    <!-- module image -->\n<div  class=\"module module-image tb_a4uv215 image-top   tf_mw\" data-lazy=\"1\">\n        <div class=\"image-wrap tf_rel tf_mw\">\n            <img loading=\"lazy\" decoding=\"async\" width=\"466\" height=\"370\" src=\"https:\/\/www.infinite-whitening.com\/wp-content\/uploads\/2026\/04\/10-years-warranty.webp\" class=\"wp-post-image wp-image-2984\" title=\"10 years warranty\" alt=\"10 years warranty\" srcset=\"https:\/\/www.infinite-whitening.com\/wp-content\/uploads\/2026\/04\/10-years-warranty.webp 466w, https:\/\/www.infinite-whitening.com\/wp-content\/uploads\/2026\/04\/10-years-warranty-300x238.webp 300w\" sizes=\"auto, (max-width: 466px) 100vw, 466px\" \/>    \n        <\/div>\n    <!-- \/image-wrap -->\n    \n        <\/div>\n<!-- \/module image -->        <\/div>\n                    <div  data-lazy=\"1\" class=\"module_column tb-column col3-1 tb_0qdp255\">\n                    <!-- module image -->\n<div  class=\"module module-image tb_zekp425 image-top   tf_mw\" data-lazy=\"1\">\n        <div class=\"image-wrap tf_rel tf_mw\">\n            <img loading=\"lazy\" decoding=\"async\" width=\"482\" height=\"374\" src=\"https:\/\/www.infinite-whitening.com\/wp-content\/uploads\/2026\/04\/Fast-Delivery.webp\" class=\"wp-post-image wp-image-2985\" title=\"Fast Delivery\" alt=\"Fast Delivery\" srcset=\"https:\/\/www.infinite-whitening.com\/wp-content\/uploads\/2026\/04\/Fast-Delivery.webp 482w, https:\/\/www.infinite-whitening.com\/wp-content\/uploads\/2026\/04\/Fast-Delivery-300x233.webp 300w\" sizes=\"auto, (max-width: 482px) 100vw, 482px\" \/>    \n        <\/div>\n    <!-- \/image-wrap -->\n    \n        <\/div>\n<!-- \/module image -->        <\/div>\n                    <div  data-lazy=\"1\" class=\"module_column tb-column col3-1 tb_9hxp255 last\">\n                    <!-- module image -->\n<div  class=\"module module-image tb_pdcw363 image-top   tf_mw\" data-lazy=\"1\">\n        <div class=\"image-wrap tf_rel tf_mw\">\n            <img loading=\"lazy\" decoding=\"async\" width=\"395\" height=\"383\" src=\"https:\/\/www.infinite-whitening.com\/wp-content\/uploads\/2026\/04\/30-days-money-back-guarantee.webp\" class=\"wp-post-image wp-image-2986\" title=\"30 days money back guarantee\" alt=\"30 days money back guarantee\" srcset=\"https:\/\/www.infinite-whitening.com\/wp-content\/uploads\/2026\/04\/30-days-money-back-guarantee.webp 395w, https:\/\/www.infinite-whitening.com\/wp-content\/uploads\/2026\/04\/30-days-money-back-guarantee-300x291.webp 300w\" sizes=\"auto, (max-width: 395px) 100vw, 395px\" \/>    \n        <\/div>\n    <!-- \/image-wrap -->\n    \n        <\/div>\n<!-- \/module image -->        <\/div>\n                        <\/div>\n        <\/div>\n        <\/div>\n<!--\/themify_builder_content-->","protected":false},"excerpt":{"rendered":"<p>Le module d&rsquo;activation Infinite Whitening Philips Zoom permet \u00e0 votre guide optique existant d&rsquo;effectuer 15 000 s\u00e9ances. Facile \u00e0 monter, 100% compatible, sans plomb. Garantie de 10 ans.  <\/p>\n","protected":false},"featured_media":1746,"comment_status":"closed","ping_status":"closed","template":"","meta":[],"product_brand":[],"product_cat":[76],"product_tag":[],"class_list":{"0":"post-1744","1":"product","2":"type-product","3":"status-publish","4":"has-post-thumbnail","6":"product_cat-puce","7":"has-post-title","8":"has-post-date","9":"has-post-category","10":"has-post-tag","11":"has-post-comment","12":"has-post-author","13":"","15":"first","16":"instock","17":"shipping-taxable","18":"purchasable","19":"product-type-simple"},"builder_content":"<img src=\"https:\/\/www.infinite-whitening.com\/wp-content\/uploads\/2026\/04\/10-years-warranty.webp\" title=\"10 years warranty\" alt=\"10 years warranty\" srcset=\"https:\/\/www.infinite-whitening.com\/wp-content\/uploads\/2026\/04\/10-years-warranty.webp 466w, https:\/\/www.infinite-whitening.com\/wp-content\/uploads\/2026\/04\/10-years-warranty-300x238.webp 300w\" sizes=\"(max-width: 466px) 100vw, 466px\" \/>\n<img src=\"https:\/\/www.infinite-whitening.com\/wp-content\/uploads\/2026\/04\/Fast-Delivery.webp\" title=\"Fast Delivery\" alt=\"Fast Delivery\" srcset=\"https:\/\/www.infinite-whitening.com\/wp-content\/uploads\/2026\/04\/Fast-Delivery.webp 482w, https:\/\/www.infinite-whitening.com\/wp-content\/uploads\/2026\/04\/Fast-Delivery-300x233.webp 300w\" sizes=\"(max-width: 482px) 100vw, 482px\" \/>\n<img src=\"https:\/\/www.infinite-whitening.com\/wp-content\/uploads\/2026\/04\/30-days-money-back-guarantee.webp\" title=\"30 days money back guarantee\" alt=\"30 days money back guarantee\" srcset=\"https:\/\/www.infinite-whitening.com\/wp-content\/uploads\/2026\/04\/30-days-money-back-guarantee.webp 395w, https:\/\/www.infinite-whitening.com\/wp-content\/uploads\/2026\/04\/30-days-money-back-guarantee-300x291.webp 300w\" sizes=\"(max-width: 395px) 100vw, 395px\" \/>","_links":{"self":[{"href":"https:\/\/www.infinite-whitening.com\/fr\/wp-json\/wp\/v2\/product\/1744","targetHints":{"allow":["GET"]}}],"collection":[{"href":"https:\/\/www.infinite-whitening.com\/fr\/wp-json\/wp\/v2\/product"}],"about":[{"href":"https:\/\/www.infinite-whitening.com\/fr\/wp-json\/wp\/v2\/types\/product"}],"replies":[{"embeddable":true,"href":"https:\/\/www.infinite-whitening.com\/fr\/wp-json\/wp\/v2\/comments?post=1744"}],"wp:featuredmedia":[{"embeddable":true,"href":"https:\/\/www.infinite-whitening.com\/fr\/wp-json\/wp\/v2\/media\/1746"}],"wp:attachment":[{"href":"https:\/\/www.infinite-whitening.com\/fr\/wp-json\/wp\/v2\/media?parent=1744"}],"wp:term":[{"taxonomy":"product_brand","embeddable":true,"href":"https:\/\/www.infinite-whitening.com\/fr\/wp-json\/wp\/v2\/product_brand?post=1744"},{"taxonomy":"product_cat","embeddable":true,"href":"https:\/\/www.infinite-whitening.com\/fr\/wp-json\/wp\/v2\/product_cat?post=1744"},{"taxonomy":"product_tag","embeddable":true,"href":"https:\/\/www.infinite-whitening.com\/fr\/wp-json\/wp\/v2\/product_tag?post=1744"}],"curies":[{"name":"wp","href":"https:\/\/api.w.org\/{rel}","templated":true}]}}