{"id":1492,"date":"2023-05-31T16:30:10","date_gmt":"2023-05-31T13:30:10","guid":{"rendered":"https:\/\/www.infinite-whitening.com\/product\/il-chip\/"},"modified":"2026-04-17T16:16:22","modified_gmt":"2026-04-17T13:16:22","slug":"il-chip","status":"publish","type":"product","link":"https:\/\/www.infinite-whitening.com\/it\/il-chip\/","title":{"rendered":"Modulo di attivazione Philips Zoom &#8211; 15.000 sessioni per la tua guida alla luce | Infinite Whitening"},"content":{"rendered":"<p>come chip sbiancante infinito. Puoi risparmiare ancora di pi\u00f9 attaccando il chip a una testina che gi\u00e0 possiedi. Il processo di installazione \u00e8 molto semplice. Se vuoi vedere come si installa, guarda <a href=\"https:\/\/www.infinite-whitening.com\/#Installation\">il video<\/a> e leggi il manuale d &#8220;uso. infinite-whitening ti dar\u00e0 ora un uso illimitato SENZA COMPRARE UN NUOVO CAP. Dimenticherai il messaggio \u2018Sostituisci la guida\u2019. Avrai sempre 4\/4 diritti di utilizzo. Il processo di assemblaggio \u00e8 molto semplice. Ti serve solo una testina usata. Puoi vedere come funziona guardando il <a title=\"Sbiancamento illimitato per il tuo dispositivo Philips Zoom.\" href=\"https:\/\/www.infinite-whitening.com\/#Installation\">video<\/a> sulla home page. L&#8221; installazione del chip richiede solo 5 minuti. Tuttavia, se lo desideri, puoi risparmiare tempo ordinando <a href=\"https:\/\/www.infinite-whitening.com\/it\/prodotto\/la-guida-alla-luce\/\">una testina con chip sbiancante infinito<\/a>gi\u00e0 pronta.           <\/p>\n<p>Come sai, Philips Zoom riduce i 4 diritti d&#8217;uso di uno per ogni utilizzo, da 4\/4 a 0\/4, e ti chiede di acquistare un nuovo copricapo. Quando i tuoi 4 diritti di utilizzo (di solito anche un solo paziente pu\u00f2 utilizzarli tutti), sullo schermo appare l&#8217;avviso &#8220;Sostituisci la guida&#8221; e ti chiede di installare una nuova testina. Questo \u00e8 esattamente il momento in cui hai bisogno di uno sbiancamento infinito!!! Quando rimuoverai la vecchia testina e indosserai una nuova testina per lo sbiancamento infinito, non dovrai pi\u00f9 acquistare una nuova testina. D&#8217;ora in poi potrai servire migliaia di pazienti con la stessa testina. Avremo sempre 4\/4 di utilizzo.<\/p>\n<p>La CPU di nuova generazione utilizzata in infinite-white garantisce una maggiore velocit\u00e0, stabilit\u00e0 e durata.<\/p>\n<p>Il prodotto sbiancante Infinite \u00e8 al 100% privo di piombo.<\/p>\n<p>Tutti i chip vengono accuratamente testati prima del rilascio. Per 60 giorni hai diritto a un rimborso. Se non sei soddisfatto per qualsiasi motivo, puoi restituire il prodotto.  <\/p>\n<p>Se ottieni il chip, puoi vedere come attaccarlo alla testata nel nostro video <a href=\"https:\/\/www.youtube.com\/@infinite.whitening\/featured\" target=\"_blank\" rel=\"noopener\">su YouTube<\/a>. I video vengono aggiornati quando viene rilasciato un nuovo prodotto. <\/p>\n<p><a href=\"https:\/\/www.infinite-whitening.com\/it\/contattaci\/\">Puoi scriverci<\/a> per qualsiasi richiesta. Puoi anche utilizzare la messaggistica online sullo schermo o la nostra linea WhatsApp +44 7852 731811. <\/p>\n<!--themify_builder_content-->\n<div id=\"themify_builder_content-1492\" data-postid=\"1492\" class=\"themify_builder_content themify_builder_content-1492 themify_builder tf_clear\">\n                    <div  data-lazy=\"1\" class=\"module_row themify_builder_row tb_bg49896 tb_first tf_w\">\n                        <div class=\"row_inner col_align_top tb_col_count_3 tf_box tf_rel\">\n                        <div  data-lazy=\"1\" class=\"module_column tb-column col3-1 tb_v60i896 first\">\n                    <!-- module image -->\n<div  class=\"module module-image tb_a4uv215 image-top   tf_mw\" data-lazy=\"1\">\n        <div class=\"image-wrap tf_rel tf_mw\">\n            <img loading=\"lazy\" decoding=\"async\" width=\"466\" height=\"370\" src=\"https:\/\/www.infinite-whitening.com\/wp-content\/uploads\/2026\/04\/10-years-warranty.webp\" class=\"wp-post-image wp-image-2972\" title=\"10 years warranty\" alt=\"10 years warranty\" srcset=\"https:\/\/www.infinite-whitening.com\/wp-content\/uploads\/2026\/04\/10-years-warranty.webp 466w, https:\/\/www.infinite-whitening.com\/wp-content\/uploads\/2026\/04\/10-years-warranty-300x238.webp 300w\" sizes=\"auto, (max-width: 466px) 100vw, 466px\" \/>    \n        <\/div>\n    <!-- \/image-wrap -->\n    \n        <\/div>\n<!-- \/module image -->        <\/div>\n                    <div  data-lazy=\"1\" class=\"module_column tb-column col3-1 tb_0qdp255\">\n                    <!-- module image -->\n<div  class=\"module module-image tb_zekp425 image-top   tf_mw\" data-lazy=\"1\">\n        <div class=\"image-wrap tf_rel tf_mw\">\n            <img loading=\"lazy\" decoding=\"async\" width=\"482\" height=\"374\" src=\"https:\/\/www.infinite-whitening.com\/wp-content\/uploads\/2026\/04\/Fast-Delivery.webp\" class=\"wp-post-image wp-image-2973\" title=\"Fast Delivery\" alt=\"Fast Delivery\" srcset=\"https:\/\/www.infinite-whitening.com\/wp-content\/uploads\/2026\/04\/Fast-Delivery.webp 482w, https:\/\/www.infinite-whitening.com\/wp-content\/uploads\/2026\/04\/Fast-Delivery-300x233.webp 300w\" sizes=\"auto, (max-width: 482px) 100vw, 482px\" \/>    \n        <\/div>\n    <!-- \/image-wrap -->\n    \n        <\/div>\n<!-- \/module image -->        <\/div>\n                    <div  data-lazy=\"1\" class=\"module_column tb-column col3-1 tb_9hxp255 last\">\n                    <!-- module image -->\n<div  class=\"module module-image tb_pdcw363 image-top   tf_mw\" data-lazy=\"1\">\n        <div class=\"image-wrap tf_rel tf_mw\">\n            <img loading=\"lazy\" decoding=\"async\" width=\"395\" height=\"383\" src=\"https:\/\/www.infinite-whitening.com\/wp-content\/uploads\/2026\/04\/30-days-money-back-guarantee.webp\" class=\"wp-post-image wp-image-2974\" title=\"30 days money back guarantee\" alt=\"30 days money back guarantee\" srcset=\"https:\/\/www.infinite-whitening.com\/wp-content\/uploads\/2026\/04\/30-days-money-back-guarantee.webp 395w, https:\/\/www.infinite-whitening.com\/wp-content\/uploads\/2026\/04\/30-days-money-back-guarantee-300x291.webp 300w\" sizes=\"auto, (max-width: 395px) 100vw, 395px\" \/>    \n        <\/div>\n    <!-- \/image-wrap -->\n    \n        <\/div>\n<!-- \/module image -->        <\/div>\n                        <\/div>\n        <\/div>\n        <\/div>\n<!--\/themify_builder_content-->","protected":false},"excerpt":{"rendered":"<p>Il modulo di attivazione Infinite Whitening Philips Zoom offre alla tua guida luminosa esistente 15.000 sessioni. Facile da montare, 100% compatibile, senza piombo. Garanzia di 10 anni.  <\/p>\n","protected":false},"featured_media":1493,"comment_status":"closed","ping_status":"closed","template":"","meta":[],"product_brand":[],"product_cat":[56],"product_tag":[],"class_list":{"0":"post-1492","1":"product","2":"type-product","3":"status-publish","4":"has-post-thumbnail","6":"product_cat-chip-a-grandezza-naturale","7":"has-post-title","8":"has-post-date","9":"has-post-category","10":"has-post-tag","11":"has-post-comment","12":"has-post-author","13":"","15":"first","16":"instock","17":"shipping-taxable","18":"purchasable","19":"product-type-simple"},"builder_content":"<img src=\"https:\/\/www.infinite-whitening.com\/wp-content\/uploads\/2026\/04\/10-years-warranty.webp\" title=\"10 years warranty\" alt=\"10 years warranty\" srcset=\"https:\/\/www.infinite-whitening.com\/wp-content\/uploads\/2026\/04\/10-years-warranty.webp 466w, https:\/\/www.infinite-whitening.com\/wp-content\/uploads\/2026\/04\/10-years-warranty-300x238.webp 300w\" sizes=\"(max-width: 466px) 100vw, 466px\" \/>\n<img src=\"https:\/\/www.infinite-whitening.com\/wp-content\/uploads\/2026\/04\/Fast-Delivery.webp\" title=\"Fast Delivery\" alt=\"Fast Delivery\" srcset=\"https:\/\/www.infinite-whitening.com\/wp-content\/uploads\/2026\/04\/Fast-Delivery.webp 482w, https:\/\/www.infinite-whitening.com\/wp-content\/uploads\/2026\/04\/Fast-Delivery-300x233.webp 300w\" sizes=\"(max-width: 482px) 100vw, 482px\" \/>\n<img src=\"https:\/\/www.infinite-whitening.com\/wp-content\/uploads\/2026\/04\/30-days-money-back-guarantee.webp\" title=\"30 days money back guarantee\" alt=\"30 days money back guarantee\" srcset=\"https:\/\/www.infinite-whitening.com\/wp-content\/uploads\/2026\/04\/30-days-money-back-guarantee.webp 395w, https:\/\/www.infinite-whitening.com\/wp-content\/uploads\/2026\/04\/30-days-money-back-guarantee-300x291.webp 300w\" sizes=\"(max-width: 395px) 100vw, 395px\" \/>","_links":{"self":[{"href":"https:\/\/www.infinite-whitening.com\/it\/wp-json\/wp\/v2\/product\/1492","targetHints":{"allow":["GET"]}}],"collection":[{"href":"https:\/\/www.infinite-whitening.com\/it\/wp-json\/wp\/v2\/product"}],"about":[{"href":"https:\/\/www.infinite-whitening.com\/it\/wp-json\/wp\/v2\/types\/product"}],"replies":[{"embeddable":true,"href":"https:\/\/www.infinite-whitening.com\/it\/wp-json\/wp\/v2\/comments?post=1492"}],"wp:featuredmedia":[{"embeddable":true,"href":"https:\/\/www.infinite-whitening.com\/it\/wp-json\/wp\/v2\/media\/1493"}],"wp:attachment":[{"href":"https:\/\/www.infinite-whitening.com\/it\/wp-json\/wp\/v2\/media?parent=1492"}],"wp:term":[{"taxonomy":"product_brand","embeddable":true,"href":"https:\/\/www.infinite-whitening.com\/it\/wp-json\/wp\/v2\/product_brand?post=1492"},{"taxonomy":"product_cat","embeddable":true,"href":"https:\/\/www.infinite-whitening.com\/it\/wp-json\/wp\/v2\/product_cat?post=1492"},{"taxonomy":"product_tag","embeddable":true,"href":"https:\/\/www.infinite-whitening.com\/it\/wp-json\/wp\/v2\/product_tag?post=1492"}],"curies":[{"name":"wp","href":"https:\/\/api.w.org\/{rel}","templated":true}]}}