{"id":3034,"date":"2026-04-03T16:39:13","date_gmt":"2026-04-03T13:39:13","guid":{"rendered":"https:\/\/www.infinite-whitening.com\/guia-de-compatibilidade-philips-zoom-que-modelos-funcionam-com-o-infinite-whitening\/"},"modified":"2026-04-17T16:32:07","modified_gmt":"2026-04-17T13:32:07","slug":"guia-de-compatibilidade-philips-zoom-que-modelos-funcionam-com-o-infinite-whitening","status":"publish","type":"page","link":"https:\/\/www.infinite-whitening.com\/pt-pt\/guia-de-compatibilidade-philips-zoom-que-modelos-funcionam-com-o-infinite-whitening\/","title":{"rendered":"Guia de Compatibilidade Philips Zoom: Que modelos funcionam com o Infinite Whitening?"},"content":{"rendered":"<!--themify_builder_content-->\n<div id=\"themify_builder_content-3034\" data-postid=\"3034\" class=\"themify_builder_content themify_builder_content-3034 themify_builder tf_clear\">\n                    <div  data-lazy=\"1\" class=\"module_row themify_builder_row tb_pmzq415 tb_first tf_w\">\n                        <div class=\"row_inner col_align_top tb_col_count_1 tf_box tf_rel\">\n                        <div  data-lazy=\"1\" class=\"module_column tb-column col-full tb_xafg415 first\">\n                    <!-- module text -->\n<div  class=\"module module-text tb_4yzl158   \" data-lazy=\"1\">\n        <div  class=\"tb_text_wrap\">\n        <p>Infinite Whitening \u00e9 compat\u00edvel com Philips Zoom WhiteSpeed (4\u00aa gera\u00e7\u00e3o) e Philips Zoom Advanced Power \/ Power Plus (3\u00aa gera\u00e7\u00e3o). Qualquer dispositivo Philips Zoom fabricado depois de 2010 \u00e9 suportado.  Verifica a compatibilidade do teu Philips Zoom.<\/p>    <\/div>\n<\/div>\n<!-- \/module text -->        <\/div>\n                        <\/div>\n        <\/div>\n                        <div  data-lazy=\"1\" class=\"module_row themify_builder_row tb_km9v432 tf_w\">\n                        <div class=\"row_inner col_align_top tb_col_count_1 tf_box tf_rel\">\n                        <div  data-lazy=\"1\" class=\"module_column tb-column col-full tb_3or6432 first\">\n                    <!-- module text -->\n<div  class=\"module module-text tb_05tk382   \" data-lazy=\"1\">\n        <div  class=\"tb_text_wrap\">\n        <h2>Modelos compat\u00edveis<\/h2>    <\/div>\n<\/div>\n<!-- \/module text -->        <\/div>\n                        <\/div>\n        <\/div>\n                        <div  id=\"img_x\" data-lazy=\"1\" class=\"module_row themify_builder_row tb_iazt243 tf_w\">\n                        <div class=\"row_inner col_align_top tb_col_count_3 tf_box tf_rel\">\n                        <div  data-lazy=\"1\" class=\"module_column tb-column col3-1 tb_msk2243 first\">\n                    <!-- module image -->\n<div  class=\"module module-image tb_jwz1570 image-top rounded img_x auto_fullwidth tf_mw\" data-lazy=\"1\">\n        <div class=\"image-wrap tf_rel tf_mw\">\n            <img decoding=\"async\" src=\"https:\/\/www.infinite-whitening.com\/wp-content\/uploads\/2026\/04\/G4r1.webp\" height=\"220\" class=\"wp-post-image wp-image-3030\" title=\"G4r1\" alt=\"O painel de controlo Philips Zoom WhiteSpeed mostra a VERS\u00c3O C0.8 L0.8 durante o arranque\" srcset=\"https:\/\/www.infinite-whitening.com\/wp-content\/uploads\/2026\/04\/G4r1.webp 900w, https:\/\/www.infinite-whitening.com\/wp-content\/uploads\/2026\/04\/G4r1-225x300.webp 225w, https:\/\/www.infinite-whitening.com\/wp-content\/uploads\/2026\/04\/G4r1-768x1024.webp 768w, https:\/\/www.infinite-whitening.com\/wp-content\/uploads\/2026\/04\/G4r1-600x800.webp 600w\" sizes=\"(max-width: 900px) 100vw, 900px\" \/>    \n        <\/div>\n    <!-- \/image-wrap -->\n    \n        <\/div>\n<!-- \/module image --><!-- module text -->\n<div  class=\"module module-text tb_6y2p220   \" data-lazy=\"1\">\n        <div  class=\"tb_text_wrap\">\n        <p style=\"font-size: 11px;text-transform: uppercase;letter-spacing: 0.06em;color: #888;margin: 0 0 6px\">\u00daltima gera\u00e7\u00e3o<\/p>\n<h3 style=\"font-size: 16px;font-weight: 600;margin: 0 0 10px\">Philips Zoom WhiteSpeed<\/h3>\n<p><span style=\"display: inline-block;font-size: 11px;padding: 2px 10px;border-radius: 4px;background: #d4edda;color: #155724;margin-bottom: 10px\">Compat\u00edvel<\/span><\/p>\n<p style=\"font-size: 13px;color: #666;margin: 0\">C2.3 L2.3<br>C2.3 L2.5<br>e todas as vers\u00f5es mais recentes<\/p>\n    <\/div>\n<\/div>\n<!-- \/module text -->        <\/div>\n                    <div  data-lazy=\"1\" class=\"module_column tb-column col3-1 tb_qgty243\">\n                    <!-- module image -->\n<div  class=\"module module-image tb_unj8781 image-top rounded img_x auto_fullwidth tf_mw\" data-lazy=\"1\">\n        <div class=\"image-wrap tf_rel tf_mw\">\n            <img decoding=\"async\" src=\"https:\/\/www.infinite-whitening.com\/wp-content\/uploads\/2026\/04\/G3r1.webp\" height=\"220\" class=\"wp-post-image wp-image-3031\" title=\"G3r1\" alt=\"O painel de controlo Philips Zoom WhiteSpeed mostra a VERS\u00c3O C0.8 L0.8 durante o arranque\" srcset=\"https:\/\/www.infinite-whitening.com\/wp-content\/uploads\/2026\/04\/G3r1.webp 900w, https:\/\/www.infinite-whitening.com\/wp-content\/uploads\/2026\/04\/G3r1-225x300.webp 225w, https:\/\/www.infinite-whitening.com\/wp-content\/uploads\/2026\/04\/G3r1-768x1024.webp 768w, https:\/\/www.infinite-whitening.com\/wp-content\/uploads\/2026\/04\/G3r1-600x800.webp 600w\" sizes=\"(max-width: 900px) 100vw, 900px\" \/>    \n        <\/div>\n    <!-- \/image-wrap -->\n    \n        <\/div>\n<!-- \/module image --><!-- module text -->\n<div  class=\"module module-text tb_s8o1742   \" data-lazy=\"1\">\n        <div  class=\"tb_text_wrap\">\n        <p style=\"font-size: 11px;letter-spacing: 0.06em;color: #888;margin: 0 0 6px;text-transform: uppercase\">Gera\u00e7\u00e3o anterior<\/p>\n<h3 style=\"font-size: 16px;font-weight: 600;margin: 0 0 10px\">Philips Zoom Advanced Power \/ Power Plus<\/h3>\n<p><span style=\"display: inline-block;font-size: 11px;padding: 2px 10px;border-radius: 4px;background: #d4edda;color: #155724;margin-bottom: 10px\">Compat\u00edvel<\/span><\/p>\n<p style=\"font-size: 13px;color: #666;margin: 0\">C0.8 L0.8<br>C0.9 L0.9<br>e todas as vers\u00f5es mais recentes<\/p>\n    <\/div>\n<\/div>\n<!-- \/module text -->        <\/div>\n                    <div  data-lazy=\"1\" class=\"module_column tb-column col3-1 tb_o6dp243 last\">\n                    <!-- module image -->\n<div  class=\"module module-image tb_it6o854 image-top rounded img_x auto_fullwidth tf_mw\" data-lazy=\"1\">\n        <div class=\"image-wrap tf_rel tf_mw\">\n            <img decoding=\"async\" src=\"https:\/\/www.infinite-whitening.com\/wp-content\/uploads\/2026\/04\/G1r1.webp\" height=\"220\" class=\"wp-post-image wp-image-3032\" title=\"G1r1\" alt=\"Philips Zoom 1\u00aa gera\u00e7\u00e3o n\u00e3o \u00e9 compat\u00edvel com o chip Infinite Whitening\" srcset=\"https:\/\/www.infinite-whitening.com\/wp-content\/uploads\/2026\/04\/G1r1.webp 900w, https:\/\/www.infinite-whitening.com\/wp-content\/uploads\/2026\/04\/G1r1-225x300.webp 225w, https:\/\/www.infinite-whitening.com\/wp-content\/uploads\/2026\/04\/G1r1-768x1024.webp 768w, https:\/\/www.infinite-whitening.com\/wp-content\/uploads\/2026\/04\/G1r1-600x800.webp 600w\" sizes=\"(max-width: 900px) 100vw, 900px\" \/>    \n        <\/div>\n    <!-- \/image-wrap -->\n    \n        <\/div>\n<!-- \/module image --><!-- module text -->\n<div  class=\"module module-text tb_zq5y241   \" data-lazy=\"1\">\n        <div  class=\"tb_text_wrap\">\n        <p style=\"font-size: 11px;letter-spacing: 0.06em;color: #888;margin: 0 0 6px;text-transform: uppercase\">Gera\u00e7\u00e3o obsoleta<\/p>\n<h3 style=\"font-size: 16px;font-weight: 600;margin: 0 0 10px\">Philips Zoom<\/h3>\n<p><span style=\"display: inline-block;font-size: 11px;padding: 2px 10px;border-radius: 4px;background: #f8d7da;color: #721c24;margin-bottom: 10px\">N\u00e3o compat\u00edvel<\/span><\/p>\n<p style=\"font-size: 13px;color: #666;margin: 0\">C1.8  <\/p>\n    <\/div>\n<\/div>\n<!-- \/module text -->        <\/div>\n                        <\/div>\n        <\/div>\n                        <div  data-lazy=\"1\" class=\"module_row themify_builder_row tb_savt432 tf_w\">\n                        <div class=\"row_inner col_align_top tb_col_count_1 tf_box tf_rel\">\n                        <div  data-lazy=\"1\" class=\"module_column tb-column col-full tb_18x0432 first\">\n                    <!-- module text -->\n<div  class=\"module module-text tb_ucu2432   \" data-lazy=\"1\">\n        <div  class=\"tb_text_wrap\">\n        <h2>Como encontrar a vers\u00e3o do teu modelo<\/h2>\n<p>Liga o teu dispositivo Philips Zoom e observa o ecr\u00e3 do painel de controlo durante o arranque. O c\u00f3digo da vers\u00e3o aparece brevemente no ecr\u00e3 no formato VERSION C#.# L#.# &#8211; como mostra a fotografia abaixo. Se a tua vers\u00e3o corresponder \u00e0 lista de compat\u00edveis acima, est\u00e1s pronto para encomendar.<\/p>\n<ol>\n<li class=\"whitespace-normal break-words pl-2\">Liga o dispositivo Philips Zoom.<\/li>\n<li class=\"whitespace-normal break-words pl-2\">Observa o visor do painel de controlo durante a sequ\u00eancia de arranque.<\/li>\n<li class=\"whitespace-normal break-words pl-2\">Observa o c\u00f3digo de vers\u00e3o apresentado &#8211; formato: VERS\u00c3O C#.# L#.#<\/li>\n<li class=\"whitespace-normal break-words pl-2\">Compara com as vers\u00f5es compat\u00edveis acima indicadas.<\/li>\n<\/ol>    <\/div>\n<\/div>\n<!-- \/module text --><!-- module template_part -->\n<div  class=\"module module-layout-part tb_8nix22 \">\n    <div class=\"tb_layout_part_wrap tf_w\"><!--themify_builder_content-->\n    <div  class=\"themify_builder_content themify_builder_content-2430 themify_builder not_editable_builder in_the_loop\" data-postid=\"2430\">\n                        <div  data-lazy=\"1\" class=\"module_row themify_builder_row tb_zeal902 tf_w\">\n                        <div class=\"row_inner col_align_top tb_col_count_1 tf_box tf_rel\">\n                        <div  data-lazy=\"1\" class=\"module_column tb-column col-full tb_kjrv404 first\">\n                    <!-- module buttons -->\n<div  class=\"module module-buttons tb_v54x409 buttons-horizontal solid   rounded\" data-lazy=\"1\">\n        <div class=\"module-buttons-item tf_in_flx\">\n                        <a href=\"https:\/\/www.infinite-whitening.com\/shop\/\" class=\"ui builder_button tf_in_flx blue\" >\n                                                View Products &amp; Order                                        <\/a>\n                <\/div>\n            <\/div>\n<!-- \/module buttons -->\n        <\/div>\n                        <\/div>\n        <\/div>\n            <\/div>\n<!--\/themify_builder_content--><\/div>\n<\/div>\n<!-- \/module template_part -->        <\/div>\n                        <\/div>\n        <\/div>\n                        <div  data-lazy=\"1\" class=\"module_row themify_builder_row tb_5qxx641 tf_w\">\n                        <div class=\"row_inner col_align_top tb_col_count_1 tf_box tf_rel\">\n                        <div  data-lazy=\"1\" class=\"module_column tb-column col-full tb_l6ov641 first\">\n                    <!-- module text -->\n<div  class=\"module module-text tb_kmo9320   \" data-lazy=\"1\">\n        <div  class=\"tb_text_wrap\">\n        <h2>Verifica\u00e7\u00e3o de compatibilidade<\/h2>    <\/div>\n<\/div>\n<!-- \/module text -->        <\/div>\n                        <\/div>\n        <\/div>\n                        <div  data-lazy=\"1\" class=\"module_row themify_builder_row tb_osyx34 tf_w\">\n                        <div class=\"row_inner col_align_top tb_col_count_1 tf_box tf_rel\">\n                        <div  data-lazy=\"1\" class=\"module_column tb-column col-full tb_ygbh34 first\">\n                    <!-- module image -->\n<div  class=\"module module-image tb_6iul325 image-top rounded  tf_mw\" data-lazy=\"1\">\n        <div class=\"image-wrap tf_rel tf_mw\">\n            <img loading=\"lazy\" decoding=\"async\" width=\"1500\" height=\"844\" src=\"https:\/\/www.infinite-whitening.com\/wp-content\/uploads\/2026\/04\/PHOTO-2023-04-27-10-50-09.jpg\" class=\"wp-post-image wp-image-3033\" title=\"Philips Zoom control panel displaying VERSION code during startup sequence\" alt=\"O painel de controlo Philips Zoom apresenta o c\u00f3digo VERSION durante a sequ\u00eancia de arranque\" srcset=\"https:\/\/www.infinite-whitening.com\/wp-content\/uploads\/2026\/04\/PHOTO-2023-04-27-10-50-09.jpg 1500w, https:\/\/www.infinite-whitening.com\/wp-content\/uploads\/2026\/04\/PHOTO-2023-04-27-10-50-09-300x169.jpg 300w, https:\/\/www.infinite-whitening.com\/wp-content\/uploads\/2026\/04\/PHOTO-2023-04-27-10-50-09-1024x576.jpg 1024w, https:\/\/www.infinite-whitening.com\/wp-content\/uploads\/2026\/04\/PHOTO-2023-04-27-10-50-09-768x432.jpg 768w, https:\/\/www.infinite-whitening.com\/wp-content\/uploads\/2026\/04\/PHOTO-2023-04-27-10-50-09-600x338.jpg 600w\" sizes=\"auto, (max-width: 1500px) 100vw, 1500px\" \/>    \n        <\/div>\n    <!-- \/image-wrap -->\n    \n        <\/div>\n<!-- \/module image -->        <\/div>\n                        <\/div>\n        <\/div>\n                        <div  data-lazy=\"1\" class=\"module_row themify_builder_row tb_x6u8526 tf_w\">\n                        <div class=\"row_inner col_align_top tb_col_count_1 tf_box tf_rel\">\n                        <div  data-lazy=\"1\" class=\"module_column tb-column col-full tb_ssj8526 first\">\n                    <!-- module text -->\n<div  class=\"module module-text tb_1m5d982   \" data-lazy=\"1\">\n        <div  class=\"tb_text_wrap\">\n        <h2>N\u00e3o tens a certeza sobre o teu modelo?<\/h2>\n<p>Se n\u00e3o conseguires identificar o c\u00f3digo da vers\u00e3o durante o arranque, envia uma fotografia do teu painel de controlo<br>Philips Zoom atrav\u00e9s do WhatsApp. A compatibilidade ser\u00e1 confirmada<br>em poucas horas &#8211; antes de efectuares uma encomenda. <\/p>    <\/div>\n<\/div>\n<!-- \/module text -->        <div  data-lazy=\"1\" class=\"module_subrow themify_builder_sub_row tf_w col_align_top tb_col_count_1 tb_n0j7405\">\n                <div  data-lazy=\"1\" class=\"module_column sub_column col-full tb_wamt405 first\">\n                    <!-- module text -->\n<div  class=\"module module-text tb_nu0p902   \" data-lazy=\"1\">\n        <div  class=\"tb_text_wrap\">\n        <h2>O que acontece depois de confirmares a compatibilidade?<\/h2>\n<h3>Apenas cart\u00e3o<\/h3>\n<p>Apenas a placa chip, que tu pr\u00f3prio montas numa guia de luz usada existente.<br>Demora apenas alguns minutos e poupa custos adicionais. Inclui instru\u00e7\u00f5es de instala\u00e7\u00e3o<br>e v\u00eddeo. <\/p>\n<h3>Cart\u00e3o + guia de luz<\/h3>\n<p>O chip pr\u00e9-montado numa guia de luz &#8211; pronto a ligar imediatamente.<br>N\u00e3o necessita de instala\u00e7\u00e3o. Ambas as vers\u00f5es incluem uma garantia de 10 anos<br>e uma garantia de reembolso de 30 dias. <\/p>    <\/div>\n<\/div>\n<!-- \/module text -->        <\/div>\n                    <\/div>\n        <!-- module template_part -->\n<div  class=\"module module-layout-part tb_ecb6748 \">\n    <div class=\"tb_layout_part_wrap tf_w\"><!--themify_builder_content-->\n    <div  class=\"themify_builder_content themify_builder_content-2430 themify_builder not_editable_builder in_the_loop\" data-postid=\"2430\">\n                        <div  data-lazy=\"1\" class=\"module_row themify_builder_row tb_zeal902 tf_w\">\n                        <div class=\"row_inner col_align_top tb_col_count_1 tf_box tf_rel\">\n                        <div  data-lazy=\"1\" class=\"module_column tb-column col-full tb_kjrv404 first\">\n                    <!-- module buttons -->\n<div  class=\"module module-buttons tb_v54x409 buttons-horizontal solid   rounded\" data-lazy=\"1\">\n        <div class=\"module-buttons-item tf_in_flx\">\n                        <a href=\"https:\/\/www.infinite-whitening.com\/shop\/\" class=\"ui builder_button tf_in_flx blue\" >\n                                                View Products &amp; Order                                        <\/a>\n                <\/div>\n            <\/div>\n<!-- \/module buttons -->\n        <\/div>\n                        <\/div>\n        <\/div>\n            <\/div>\n<!--\/themify_builder_content--><\/div>\n<\/div>\n<!-- \/module template_part -->        <\/div>\n                        <\/div>\n        <\/div>\n        <\/div>\n<!--\/themify_builder_content-->","protected":false},"excerpt":{"rendered":"<p>Infinite Whitening \u00e9 compat\u00edvel com Philips Zoom WhiteSpeed (4\u00aa gera\u00e7\u00e3o) e Philips Zoom Advanced Power \/ Power Plus (3\u00aa gera\u00e7\u00e3o). Qualquer dispositivo Philips Zoom fabricado depois de 2010 \u00e9 suportado. Verifica a compatibilidade do teu Philips Zoom. Modelos compat\u00edveis \u00daltima gera\u00e7\u00e3o Philips Zoom WhiteSpeed Compat\u00edvel C2.3 L2.3C2.3 L2.5e todas as vers\u00f5es mais recentes Gera\u00e7\u00e3o anterior [&hellip;]<\/p>\n","protected":false},"author":1,"featured_media":0,"parent":0,"menu_order":0,"comment_status":"closed","ping_status":"closed","template":"","meta":{"footnotes":""},"class_list":["post-3034","page","type-page","status-publish","hentry","has-post-title","has-post-date","has-post-category","has-post-tag","has-post-comment","has-post-author",""],"builder_content":"<p>Infinite Whitening \u00e9 compat\u00edvel com Philips Zoom WhiteSpeed (4\u00aa gera\u00e7\u00e3o) e Philips Zoom Advanced Power \/ Power Plus (3\u00aa gera\u00e7\u00e3o). Qualquer dispositivo Philips Zoom fabricado depois de 2010 \u00e9 suportado. Verifica a compatibilidade do teu Philips Zoom.<\/p>\n<h2>Modelos compat\u00edveis<\/h2>\n<img src=\"https:\/\/www.infinite-whitening.com\/wp-content\/uploads\/2026\/04\/G4r1.webp\" height=\"220\" title=\"G4r1\" alt=\"O painel de controlo Philips Zoom WhiteSpeed mostra a VERS\u00c3O C0.8 L0.8 durante o arranque\" srcset=\"https:\/\/www.infinite-whitening.com\/wp-content\/uploads\/2026\/04\/G4r1.webp 900w, https:\/\/www.infinite-whitening.com\/wp-content\/uploads\/2026\/04\/G4r1-225x300.webp 225w, https:\/\/www.infinite-whitening.com\/wp-content\/uploads\/2026\/04\/G4r1-768x1024.webp 768w, https:\/\/www.infinite-whitening.com\/wp-content\/uploads\/2026\/04\/G4r1-600x800.webp 600w\" sizes=\"(max-width: 900px) 100vw, 900px\" \/>\n<p style=\"font-size: 11px;text-transform: uppercase;letter-spacing: 0.06em;color: #888;margin: 0 0 6px\">\u00daltima gera\u00e7\u00e3o<\/p> <h3 style=\"font-size: 16px;font-weight: 600;margin: 0 0 10px\">Philips Zoom WhiteSpeed<\/h3> <p>Compat\u00edvel<\/p> <p style=\"font-size: 13px;color: #666;margin: 0\">C2.3 L2.3<br>C2.3 L2.5<br>e todas as vers\u00f5es mais recentes<\/p>\n<img src=\"https:\/\/www.infinite-whitening.com\/wp-content\/uploads\/2026\/04\/G3r1.webp\" height=\"220\" title=\"G3r1\" alt=\"O painel de controlo Philips Zoom WhiteSpeed mostra a VERS\u00c3O C0.8 L0.8 durante o arranque\" srcset=\"https:\/\/www.infinite-whitening.com\/wp-content\/uploads\/2026\/04\/G3r1.webp 900w, https:\/\/www.infinite-whitening.com\/wp-content\/uploads\/2026\/04\/G3r1-225x300.webp 225w, https:\/\/www.infinite-whitening.com\/wp-content\/uploads\/2026\/04\/G3r1-768x1024.webp 768w, https:\/\/www.infinite-whitening.com\/wp-content\/uploads\/2026\/04\/G3r1-600x800.webp 600w\" sizes=\"(max-width: 900px) 100vw, 900px\" \/>\n<p style=\"font-size: 11px;letter-spacing: 0.06em;color: #888;margin: 0 0 6px;text-transform: uppercase\">Gera\u00e7\u00e3o anterior<\/p> <h3 style=\"font-size: 16px;font-weight: 600;margin: 0 0 10px\">Philips Zoom Advanced Power \/ Power Plus<\/h3> <p>Compat\u00edvel<\/p> <p style=\"font-size: 13px;color: #666;margin: 0\">C0.8 L0.8<br>C0.9 L0.9<br>e todas as vers\u00f5es mais recentes<\/p>\n<img src=\"https:\/\/www.infinite-whitening.com\/wp-content\/uploads\/2026\/04\/G1r1.webp\" height=\"220\" title=\"G1r1\" alt=\"Philips Zoom 1\u00aa gera\u00e7\u00e3o n\u00e3o \u00e9 compat\u00edvel com o chip Infinite Whitening\" srcset=\"https:\/\/www.infinite-whitening.com\/wp-content\/uploads\/2026\/04\/G1r1.webp 900w, https:\/\/www.infinite-whitening.com\/wp-content\/uploads\/2026\/04\/G1r1-225x300.webp 225w, https:\/\/www.infinite-whitening.com\/wp-content\/uploads\/2026\/04\/G1r1-768x1024.webp 768w, https:\/\/www.infinite-whitening.com\/wp-content\/uploads\/2026\/04\/G1r1-600x800.webp 600w\" sizes=\"(max-width: 900px) 100vw, 900px\" \/>\n<p style=\"font-size: 11px;letter-spacing: 0.06em;color: #888;margin: 0 0 6px;text-transform: uppercase\">Gera\u00e7\u00e3o obsoleta<\/p> <h3 style=\"font-size: 16px;font-weight: 600;margin: 0 0 10px\">Philips Zoom<\/h3> <p>N\u00e3o compat\u00edvel<\/p> <p style=\"font-size: 13px;color: #666;margin: 0\">C1.8 <\/p>\n<h2>Como encontrar a vers\u00e3o do teu modelo<\/h2> <p>Liga o teu dispositivo Philips Zoom e observa o ecr\u00e3 do painel de controlo durante o arranque. O c\u00f3digo da vers\u00e3o aparece brevemente no ecr\u00e3 no formato VERSION C#.# L#.# - como mostra a fotografia abaixo. Se a tua vers\u00e3o corresponder \u00e0 lista de compat\u00edveis acima, est\u00e1s pronto para encomendar.<\/p> <ol> <li>Liga o dispositivo Philips Zoom.<\/li> <li>Observa o visor do painel de controlo durante a sequ\u00eancia de arranque.<\/li> <li>Observa o c\u00f3digo de vers\u00e3o apresentado - formato: VERS\u00c3O C#.# L#.#<\/li> <li>Compara com as vers\u00f5es compat\u00edveis acima indicadas.<\/li> <\/ol>\n<h2>Verifica\u00e7\u00e3o de compatibilidade<\/h2>\n<img src=\"https:\/\/www.infinite-whitening.com\/wp-content\/uploads\/2026\/04\/PHOTO-2023-04-27-10-50-09.jpg\" title=\"Philips Zoom control panel displaying VERSION code during startup sequence\" alt=\"O painel de controlo Philips Zoom apresenta o c\u00f3digo VERSION durante a sequ\u00eancia de arranque\" srcset=\"https:\/\/www.infinite-whitening.com\/wp-content\/uploads\/2026\/04\/PHOTO-2023-04-27-10-50-09.jpg 1500w, https:\/\/www.infinite-whitening.com\/wp-content\/uploads\/2026\/04\/PHOTO-2023-04-27-10-50-09-300x169.jpg 300w, https:\/\/www.infinite-whitening.com\/wp-content\/uploads\/2026\/04\/PHOTO-2023-04-27-10-50-09-1024x576.jpg 1024w, https:\/\/www.infinite-whitening.com\/wp-content\/uploads\/2026\/04\/PHOTO-2023-04-27-10-50-09-768x432.jpg 768w, https:\/\/www.infinite-whitening.com\/wp-content\/uploads\/2026\/04\/PHOTO-2023-04-27-10-50-09-600x338.jpg 600w\" sizes=\"(max-width: 1500px) 100vw, 1500px\" \/>\n<h2>N\u00e3o tens a certeza sobre o teu modelo?<\/h2> <p>Se n\u00e3o conseguires identificar o c\u00f3digo da vers\u00e3o durante o arranque, envia uma fotografia do teu painel de controlo<br>Philips Zoom atrav\u00e9s do WhatsApp. A compatibilidade ser\u00e1 confirmada<br>em poucas horas - antes de efectuares uma encomenda. <\/p>\n<h2>O que acontece depois de confirmares a compatibilidade?<\/h2> <h3>Apenas cart\u00e3o<\/h3> <p>Apenas a placa chip, que tu pr\u00f3prio montas numa guia de luz usada existente.<br>Demora apenas alguns minutos e poupa custos adicionais. Inclui instru\u00e7\u00f5es de instala\u00e7\u00e3o<br>e v\u00eddeo. <\/p> <h3>Cart\u00e3o + guia de luz<\/h3> <p>O chip pr\u00e9-montado numa guia de luz - pronto a ligar imediatamente.<br>N\u00e3o necessita de instala\u00e7\u00e3o. Ambas as vers\u00f5es incluem uma garantia de 10 anos<br>e uma garantia de reembolso de 30 dias. <\/p>","_links":{"self":[{"href":"https:\/\/www.infinite-whitening.com\/pt-pt\/wp-json\/wp\/v2\/pages\/3034","targetHints":{"allow":["GET"]}}],"collection":[{"href":"https:\/\/www.infinite-whitening.com\/pt-pt\/wp-json\/wp\/v2\/pages"}],"about":[{"href":"https:\/\/www.infinite-whitening.com\/pt-pt\/wp-json\/wp\/v2\/types\/page"}],"author":[{"embeddable":true,"href":"https:\/\/www.infinite-whitening.com\/pt-pt\/wp-json\/wp\/v2\/users\/1"}],"replies":[{"embeddable":true,"href":"https:\/\/www.infinite-whitening.com\/pt-pt\/wp-json\/wp\/v2\/comments?post=3034"}],"version-history":[{"count":3,"href":"https:\/\/www.infinite-whitening.com\/pt-pt\/wp-json\/wp\/v2\/pages\/3034\/revisions"}],"predecessor-version":[{"id":3056,"href":"https:\/\/www.infinite-whitening.com\/pt-pt\/wp-json\/wp\/v2\/pages\/3034\/revisions\/3056"}],"wp:attachment":[{"href":"https:\/\/www.infinite-whitening.com\/pt-pt\/wp-json\/wp\/v2\/media?parent=3034"}],"curies":[{"name":"wp","href":"https:\/\/api.w.org\/{rel}","templated":true}]}}