{"id":1720,"date":"2023-05-31T16:30:10","date_gmt":"2023-05-31T13:30:10","guid":{"rendered":"https:\/\/www.infinite-whitening.com\/product\/o-guia-da-luz\/"},"modified":"2026-04-17T16:13:18","modified_gmt":"2026-04-17T13:13:18","slug":"o-guia-da-luz","status":"publish","type":"product","link":"https:\/\/www.infinite-whitening.com\/pt-pt\/o-guia-da-luz\/","title":{"rendered":"Philips Zoom Light Guide 15.000 sess\u00f5es &#8211; Infinite Whitening"},"content":{"rendered":"<p>Um chip de branqueamento infinito montado na cabe\u00e7a poupa-te tempo. O chip de branqueamento infinito vem montado numa cabe\u00e7a. Podes lig\u00e1-lo imediatamente ao teu dispositivo Philips Zoom e lig\u00e1-lo.  <\/p>\n<p>Como sabes, o Philips Zoom reduz os 4 direitos de utiliza\u00e7\u00e3o em um por cada utiliza\u00e7\u00e3o, de 4\/4 para 0\/4. e pede-te para comprares um novo arn\u00eas. Quando o paciente tiver os seus 4 direitos de utiliza\u00e7\u00e3o (normalmente, at\u00e9 1 paciente pode utiliz\u00e1-los todos), aparece no ecr\u00e3 o aviso \u201cReplace Guide\u201d (Substituir guia) e pede-lhe que instale uma nova cabe\u00e7a. Este \u00e9 exatamente o momento em que precisas de um branqueamento infinito !!! Quando retirares a tampa antiga e colocares uma nova tampa de branqueamento infinito, j\u00e1 n\u00e3o ter\u00e1s de comprar uma nova tampa. A partir de agora, poder\u00e1s servir milhares de pacientes com a mesma cabe\u00e7a. Ter\u00e1s sempre uma utiliza\u00e7\u00e3o 4\/4.<\/p>\n<p>A nova gera\u00e7\u00e3o de CPU utilizada na infinite-white proporciona maior velocidade, maior estabilidade e uma vida \u00fatil mais longa.<\/p>\n<p>O produto de branqueamento Infinite \u00e9 100% livre de chumbo.<\/p>\n<p>Todos os chips s\u00e3o cuidadosamente testados antes de serem lan\u00e7ados. Durante 60 dias, tens direito a um reembolso. Se n\u00e3o estiveres satisfeito por qualquer raz\u00e3o, podes devolver o produto.  <\/p>\n<p>Se obtiveres o chip, podes ver como fix\u00e1-lo ao cabe\u00e7alho no nosso v\u00eddeo <a href=\"https:\/\/www.youtube.com\/@infinite.whitening\/featured\" target=\"_blank\" rel=\"noopener\">do YouTube<\/a>. Os v\u00eddeos s\u00e3o actualizados quando \u00e9 lan\u00e7ado um novo produto. <\/p>\n<p><a href=\"https:\/\/www.infinite-whitening.com\/pt-pt\/contacta-nos\/\">Podes escrever-nos para<\/a> qualquer pergunta que queiras fazer. Tamb\u00e9m podes utilizar o servi\u00e7o de mensagens em linha no ecr\u00e3 ou a nossa linha WhatsApp +44 7852 731811. <\/p>\n<!--themify_builder_content-->\n<div id=\"themify_builder_content-1720\" data-postid=\"1720\" class=\"themify_builder_content themify_builder_content-1720 themify_builder tf_clear\">\n                    <div  data-lazy=\"1\" class=\"module_row themify_builder_row tb_ouu7967 tb_first tf_w\">\n                        <div class=\"row_inner col_align_top tb_col_count_3 tf_box tf_rel\">\n                        <div  data-lazy=\"1\" class=\"module_column tb-column col3-1 tb_top3967 first\">\n                    <!-- module image -->\n<div  class=\"module module-image tb_wmop666 image-top   tf_mw\" data-lazy=\"1\">\n        <div class=\"image-wrap tf_rel tf_mw\">\n            <img loading=\"lazy\" decoding=\"async\" width=\"466\" height=\"370\" src=\"https:\/\/www.infinite-whitening.com\/wp-content\/uploads\/2026\/04\/10-years-warranty.webp\" class=\"wp-post-image wp-image-2976\" title=\"10 years warranty\" alt=\"10 years warranty\" srcset=\"https:\/\/www.infinite-whitening.com\/wp-content\/uploads\/2026\/04\/10-years-warranty.webp 466w, https:\/\/www.infinite-whitening.com\/wp-content\/uploads\/2026\/04\/10-years-warranty-300x238.webp 300w\" sizes=\"auto, (max-width: 466px) 100vw, 466px\" \/>    \n        <\/div>\n    <!-- \/image-wrap -->\n    \n        <\/div>\n<!-- \/module image -->        <\/div>\n                    <div  data-lazy=\"1\" class=\"module_column tb-column col3-1 tb_uj6h447\">\n                    <!-- module image -->\n<div  class=\"module module-image tb_0kv1184 image-top   tf_mw\" data-lazy=\"1\">\n        <div class=\"image-wrap tf_rel tf_mw\">\n            <img loading=\"lazy\" decoding=\"async\" width=\"482\" height=\"374\" src=\"https:\/\/www.infinite-whitening.com\/wp-content\/uploads\/2026\/04\/Fast-Delivery.webp\" class=\"wp-post-image wp-image-2977\" title=\"Fast Delivery\" alt=\"Fast Delivery\" srcset=\"https:\/\/www.infinite-whitening.com\/wp-content\/uploads\/2026\/04\/Fast-Delivery.webp 482w, https:\/\/www.infinite-whitening.com\/wp-content\/uploads\/2026\/04\/Fast-Delivery-300x233.webp 300w\" sizes=\"auto, (max-width: 482px) 100vw, 482px\" \/>    \n        <\/div>\n    <!-- \/image-wrap -->\n    \n        <\/div>\n<!-- \/module image -->        <\/div>\n                    <div  data-lazy=\"1\" class=\"module_column tb-column col3-1 tb_0vpo447 last\">\n                    <!-- module image -->\n<div  class=\"module module-image tb_5gbt138 image-top   tf_mw\" data-lazy=\"1\">\n        <div class=\"image-wrap tf_rel tf_mw\">\n            <img loading=\"lazy\" decoding=\"async\" width=\"395\" height=\"383\" src=\"https:\/\/www.infinite-whitening.com\/wp-content\/uploads\/2026\/04\/30-days-money-back-guarantee.webp\" class=\"wp-post-image wp-image-2978\" title=\"30 days money back guarantee\" alt=\"30 days money back guarantee\" srcset=\"https:\/\/www.infinite-whitening.com\/wp-content\/uploads\/2026\/04\/30-days-money-back-guarantee.webp 395w, https:\/\/www.infinite-whitening.com\/wp-content\/uploads\/2026\/04\/30-days-money-back-guarantee-300x291.webp 300w\" sizes=\"auto, (max-width: 395px) 100vw, 395px\" \/>    \n        <\/div>\n    <!-- \/image-wrap -->\n    \n        <\/div>\n<!-- \/module image -->        <\/div>\n                        <\/div>\n        <\/div>\n        <\/div>\n<!--\/themify_builder_content-->","protected":false},"excerpt":{"rendered":"<p>Obt\u00e9m uma solu\u00e7\u00e3o de guia de luz Philips Zoom para 15.000 sess\u00f5es. Uma unidade = 15.000 utiliza\u00e7\u00f5es, instala\u00e7\u00e3o plug-and-play. Garantia de 10 anos e garantia de 30 dias de devolu\u00e7\u00e3o do dinheiro.  <\/p>\n","protected":false},"featured_media":1723,"comment_status":"closed","ping_status":"closed","template":"","meta":[],"product_brand":[],"product_cat":[73],"product_tag":[],"class_list":{"0":"post-1720","1":"product","2":"type-product","3":"status-publish","4":"has-post-thumbnail","6":"product_cat-chip-e-cabecalho","7":"has-post-title","8":"has-post-date","9":"has-post-category","10":"has-post-tag","11":"has-post-comment","12":"has-post-author","13":"","15":"first","16":"instock","17":"sale","18":"shipping-taxable","19":"purchasable","20":"product-type-simple"},"builder_content":"<img src=\"https:\/\/www.infinite-whitening.com\/wp-content\/uploads\/2026\/04\/10-years-warranty.webp\" title=\"10 years warranty\" alt=\"10 years warranty\" srcset=\"https:\/\/www.infinite-whitening.com\/wp-content\/uploads\/2026\/04\/10-years-warranty.webp 466w, https:\/\/www.infinite-whitening.com\/wp-content\/uploads\/2026\/04\/10-years-warranty-300x238.webp 300w\" sizes=\"(max-width: 466px) 100vw, 466px\" \/>\n<img src=\"https:\/\/www.infinite-whitening.com\/wp-content\/uploads\/2026\/04\/Fast-Delivery.webp\" title=\"Fast Delivery\" alt=\"Fast Delivery\" srcset=\"https:\/\/www.infinite-whitening.com\/wp-content\/uploads\/2026\/04\/Fast-Delivery.webp 482w, https:\/\/www.infinite-whitening.com\/wp-content\/uploads\/2026\/04\/Fast-Delivery-300x233.webp 300w\" sizes=\"(max-width: 482px) 100vw, 482px\" \/>\n<img src=\"https:\/\/www.infinite-whitening.com\/wp-content\/uploads\/2026\/04\/30-days-money-back-guarantee.webp\" title=\"30 days money back guarantee\" alt=\"30 days money back guarantee\" srcset=\"https:\/\/www.infinite-whitening.com\/wp-content\/uploads\/2026\/04\/30-days-money-back-guarantee.webp 395w, https:\/\/www.infinite-whitening.com\/wp-content\/uploads\/2026\/04\/30-days-money-back-guarantee-300x291.webp 300w\" sizes=\"(max-width: 395px) 100vw, 395px\" \/>","_links":{"self":[{"href":"https:\/\/www.infinite-whitening.com\/pt-pt\/wp-json\/wp\/v2\/product\/1720","targetHints":{"allow":["GET"]}}],"collection":[{"href":"https:\/\/www.infinite-whitening.com\/pt-pt\/wp-json\/wp\/v2\/product"}],"about":[{"href":"https:\/\/www.infinite-whitening.com\/pt-pt\/wp-json\/wp\/v2\/types\/product"}],"replies":[{"embeddable":true,"href":"https:\/\/www.infinite-whitening.com\/pt-pt\/wp-json\/wp\/v2\/comments?post=1720"}],"wp:featuredmedia":[{"embeddable":true,"href":"https:\/\/www.infinite-whitening.com\/pt-pt\/wp-json\/wp\/v2\/media\/1723"}],"wp:attachment":[{"href":"https:\/\/www.infinite-whitening.com\/pt-pt\/wp-json\/wp\/v2\/media?parent=1720"}],"wp:term":[{"taxonomy":"product_brand","embeddable":true,"href":"https:\/\/www.infinite-whitening.com\/pt-pt\/wp-json\/wp\/v2\/product_brand?post=1720"},{"taxonomy":"product_cat","embeddable":true,"href":"https:\/\/www.infinite-whitening.com\/pt-pt\/wp-json\/wp\/v2\/product_cat?post=1720"},{"taxonomy":"product_tag","embeddable":true,"href":"https:\/\/www.infinite-whitening.com\/pt-pt\/wp-json\/wp\/v2\/product_tag?post=1720"}],"curies":[{"name":"wp","href":"https:\/\/api.w.org\/{rel}","templated":true}]}}