{"id":1750,"date":"2023-05-31T16:30:10","date_gmt":"2023-05-31T13:30:10","guid":{"rendered":"https:\/\/www.infinite-whitening.com\/product\/o-chip\/"},"modified":"2026-04-17T16:18:28","modified_gmt":"2026-04-17T13:18:28","slug":"o-chip","status":"publish","type":"product","link":"https:\/\/www.infinite-whitening.com\/pt-pt\/o-chip\/","title":{"rendered":"M\u00f3dulo de ativa\u00e7\u00e3o Philips Zoom &#8211; 15.000 sess\u00f5es para o teu Light Guide | Infinite Whitening"},"content":{"rendered":"<p>como um chip de branqueamento infinito. Podes poupar ainda mais dinheiro se ligares o chip a uma cabe\u00e7a que j\u00e1 tenhas. O processo de instala\u00e7\u00e3o \u00e9 muito simples. Se quiseres ver como se instala, basta veres <a href=\"https:\/\/www.infinite-whitening.com\/#Installation\">o v\u00eddeo<\/a> e leres o manual do utilizador. O infinite-whitening d\u00e1-te agora uma utiliza\u00e7\u00e3o ilimitada SEM TERES DE COMPRAR UMA NOVA CABE\u00c7A. Esquecer\u00e1s a mensagem \u201cSubstituir Guia\u201d. Ter\u00e1s sempre 4\/4 direitos de utiliza\u00e7\u00e3o. O processo de montagem \u00e9 muito simples. S\u00f3 precisas de uma cabe\u00e7a usada. Podes ver como \u00e9, vendo o <a title=\"Branqueamento ilimitado para o teu dispositivo Philips Zoom.\" href=\"https:\/\/www.infinite-whitening.com\/#Installation\">v\u00eddeo<\/a> na p\u00e1gina inicial. Demora apenas 5 minutos a instalar o chip. No entanto, se quiseres, podes poupar tempo encomendando <a href=\"https:\/\/www.infinite-whitening.com\/pt-pt\/produto\/o-guia-da-luz\/\">uma cabe\u00e7a montada com um chip de branqueamento infinito<\/a>j\u00e1 pronto.           <\/p>\n<p>Como sabes, o Philips Zoom reduz os 4 direitos de utiliza\u00e7\u00e3o em um por cada utiliza\u00e7\u00e3o, de 4\/4 para 0\/4. e pede-te para comprares um novo arn\u00eas. Quando o paciente tiver os seus 4 direitos de utiliza\u00e7\u00e3o (normalmente, at\u00e9 1 paciente pode utiliz\u00e1-los todos), aparece no ecr\u00e3 o aviso \u201cReplace Guide\u201d (Substituir guia) e pede-lhe que instale uma nova cabe\u00e7a. Este \u00e9 exatamente o momento em que precisas de um branqueamento infinito !!! Quando retirares a tampa antiga e colocares uma nova tampa de branqueamento infinito, j\u00e1 n\u00e3o ter\u00e1s de comprar uma nova tampa. A partir de agora, poder\u00e1s servir milhares de pacientes com a mesma cabe\u00e7a. Ter\u00e1s sempre uma utiliza\u00e7\u00e3o 4\/4.<\/p>\n<p>A nova gera\u00e7\u00e3o de CPU utilizada na infinite-white proporciona maior velocidade, maior estabilidade e uma vida \u00fatil mais longa.<\/p>\n<p>O produto de branqueamento Infinite \u00e9 100% livre de chumbo.<\/p>\n<p>Todos os chips s\u00e3o cuidadosamente testados antes de serem lan\u00e7ados. Durante 60 dias, tens direito a um reembolso. Se n\u00e3o estiveres satisfeito por qualquer raz\u00e3o, podes devolver o produto.  <\/p>\n<p>Se obtiveres o chip, podes ver como fix\u00e1-lo ao cabe\u00e7alho no nosso v\u00eddeo <a href=\"https:\/\/www.youtube.com\/@infinite.whitening\/featured\" target=\"_blank\" rel=\"noopener\">do YouTube<\/a>. Os v\u00eddeos s\u00e3o actualizados quando \u00e9 lan\u00e7ado um novo produto. <\/p>\n<p><a href=\"https:\/\/www.infinite-whitening.com\/pt-pt\/contacta-nos\/\">Podes escrever-nos para<\/a> qualquer pergunta que queiras fazer. Tamb\u00e9m podes utilizar o servi\u00e7o de mensagens em linha no ecr\u00e3 ou a nossa linha WhatsApp +44 7852 731811. <\/p>\n<!--themify_builder_content-->\n<div id=\"themify_builder_content-1750\" data-postid=\"1750\" class=\"themify_builder_content themify_builder_content-1750 themify_builder tf_clear\">\n                    <div  data-lazy=\"1\" class=\"module_row themify_builder_row tb_bg49896 tb_first tf_w\">\n                        <div class=\"row_inner col_align_top tb_col_count_3 tf_box tf_rel\">\n                        <div  data-lazy=\"1\" class=\"module_column tb-column col3-1 tb_v60i896 first\">\n                    <!-- module image -->\n<div  class=\"module module-image tb_a4uv215 image-top   tf_mw\" data-lazy=\"1\">\n        <div class=\"image-wrap tf_rel tf_mw\">\n            <img loading=\"lazy\" decoding=\"async\" width=\"466\" height=\"370\" src=\"https:\/\/www.infinite-whitening.com\/wp-content\/uploads\/2026\/04\/10-years-warranty.webp\" class=\"wp-post-image wp-image-2976\" title=\"10 years warranty\" alt=\"10 years warranty\" srcset=\"https:\/\/www.infinite-whitening.com\/wp-content\/uploads\/2026\/04\/10-years-warranty.webp 466w, https:\/\/www.infinite-whitening.com\/wp-content\/uploads\/2026\/04\/10-years-warranty-300x238.webp 300w\" sizes=\"auto, (max-width: 466px) 100vw, 466px\" \/>    \n        <\/div>\n    <!-- \/image-wrap -->\n    \n        <\/div>\n<!-- \/module image -->        <\/div>\n                    <div  data-lazy=\"1\" class=\"module_column tb-column col3-1 tb_0qdp255\">\n                    <!-- module image -->\n<div  class=\"module module-image tb_zekp425 image-top   tf_mw\" data-lazy=\"1\">\n        <div class=\"image-wrap tf_rel tf_mw\">\n            <img loading=\"lazy\" decoding=\"async\" width=\"482\" height=\"374\" src=\"https:\/\/www.infinite-whitening.com\/wp-content\/uploads\/2026\/04\/Fast-Delivery.webp\" class=\"wp-post-image wp-image-2977\" title=\"Fast Delivery\" alt=\"Fast Delivery\" srcset=\"https:\/\/www.infinite-whitening.com\/wp-content\/uploads\/2026\/04\/Fast-Delivery.webp 482w, https:\/\/www.infinite-whitening.com\/wp-content\/uploads\/2026\/04\/Fast-Delivery-300x233.webp 300w\" sizes=\"auto, (max-width: 482px) 100vw, 482px\" \/>    \n        <\/div>\n    <!-- \/image-wrap -->\n    \n        <\/div>\n<!-- \/module image -->        <\/div>\n                    <div  data-lazy=\"1\" class=\"module_column tb-column col3-1 tb_9hxp255 last\">\n                    <!-- module image -->\n<div  class=\"module module-image tb_pdcw363 image-top   tf_mw\" data-lazy=\"1\">\n        <div class=\"image-wrap tf_rel tf_mw\">\n            <img loading=\"lazy\" decoding=\"async\" width=\"395\" height=\"383\" src=\"https:\/\/www.infinite-whitening.com\/wp-content\/uploads\/2026\/04\/30-days-money-back-guarantee.webp\" class=\"wp-post-image wp-image-2978\" title=\"30 days money back guarantee\" alt=\"30 days money back guarantee\" srcset=\"https:\/\/www.infinite-whitening.com\/wp-content\/uploads\/2026\/04\/30-days-money-back-guarantee.webp 395w, https:\/\/www.infinite-whitening.com\/wp-content\/uploads\/2026\/04\/30-days-money-back-guarantee-300x291.webp 300w\" sizes=\"auto, (max-width: 395px) 100vw, 395px\" \/>    \n        <\/div>\n    <!-- \/image-wrap -->\n    \n        <\/div>\n<!-- \/module image -->        <\/div>\n                        <\/div>\n        <\/div>\n        <\/div>\n<!--\/themify_builder_content-->","protected":false},"excerpt":{"rendered":"<p>O m\u00f3dulo de ativa\u00e7\u00e3o Infinite Whitening Philips Zoom d\u00e1 ao teu guia de luz existente 15.000 sess\u00f5es. F\u00e1cil de montar, 100% compat\u00edvel, sem chumbo. Garantia de 10 anos.  <\/p>\n","protected":false},"featured_media":1752,"comment_status":"closed","ping_status":"closed","template":"","meta":[],"product_brand":[],"product_cat":[78],"product_tag":[],"class_list":{"0":"post-1750","1":"product","2":"type-product","3":"status-publish","4":"has-post-thumbnail","6":"product_cat-chip-pt-pt","7":"has-post-title","8":"has-post-date","9":"has-post-category","10":"has-post-tag","11":"has-post-comment","12":"has-post-author","13":"","15":"first","16":"instock","17":"shipping-taxable","18":"purchasable","19":"product-type-simple"},"builder_content":"<img src=\"https:\/\/www.infinite-whitening.com\/wp-content\/uploads\/2026\/04\/10-years-warranty.webp\" title=\"10 years warranty\" alt=\"10 years warranty\" srcset=\"https:\/\/www.infinite-whitening.com\/wp-content\/uploads\/2026\/04\/10-years-warranty.webp 466w, https:\/\/www.infinite-whitening.com\/wp-content\/uploads\/2026\/04\/10-years-warranty-300x238.webp 300w\" sizes=\"(max-width: 466px) 100vw, 466px\" \/>\n<img src=\"https:\/\/www.infinite-whitening.com\/wp-content\/uploads\/2026\/04\/Fast-Delivery.webp\" title=\"Fast Delivery\" alt=\"Fast Delivery\" srcset=\"https:\/\/www.infinite-whitening.com\/wp-content\/uploads\/2026\/04\/Fast-Delivery.webp 482w, https:\/\/www.infinite-whitening.com\/wp-content\/uploads\/2026\/04\/Fast-Delivery-300x233.webp 300w\" sizes=\"(max-width: 482px) 100vw, 482px\" \/>\n<img src=\"https:\/\/www.infinite-whitening.com\/wp-content\/uploads\/2026\/04\/30-days-money-back-guarantee.webp\" title=\"30 days money back guarantee\" alt=\"30 days money back guarantee\" srcset=\"https:\/\/www.infinite-whitening.com\/wp-content\/uploads\/2026\/04\/30-days-money-back-guarantee.webp 395w, https:\/\/www.infinite-whitening.com\/wp-content\/uploads\/2026\/04\/30-days-money-back-guarantee-300x291.webp 300w\" sizes=\"(max-width: 395px) 100vw, 395px\" \/>","_links":{"self":[{"href":"https:\/\/www.infinite-whitening.com\/pt-pt\/wp-json\/wp\/v2\/product\/1750","targetHints":{"allow":["GET"]}}],"collection":[{"href":"https:\/\/www.infinite-whitening.com\/pt-pt\/wp-json\/wp\/v2\/product"}],"about":[{"href":"https:\/\/www.infinite-whitening.com\/pt-pt\/wp-json\/wp\/v2\/types\/product"}],"replies":[{"embeddable":true,"href":"https:\/\/www.infinite-whitening.com\/pt-pt\/wp-json\/wp\/v2\/comments?post=1750"}],"wp:featuredmedia":[{"embeddable":true,"href":"https:\/\/www.infinite-whitening.com\/pt-pt\/wp-json\/wp\/v2\/media\/1752"}],"wp:attachment":[{"href":"https:\/\/www.infinite-whitening.com\/pt-pt\/wp-json\/wp\/v2\/media?parent=1750"}],"wp:term":[{"taxonomy":"product_brand","embeddable":true,"href":"https:\/\/www.infinite-whitening.com\/pt-pt\/wp-json\/wp\/v2\/product_brand?post=1750"},{"taxonomy":"product_cat","embeddable":true,"href":"https:\/\/www.infinite-whitening.com\/pt-pt\/wp-json\/wp\/v2\/product_cat?post=1750"},{"taxonomy":"product_tag","embeddable":true,"href":"https:\/\/www.infinite-whitening.com\/pt-pt\/wp-json\/wp\/v2\/product_tag?post=1750"}],"curies":[{"name":"wp","href":"https:\/\/api.w.org\/{rel}","templated":true}]}}